{"id":95,"date":"2023-10-19T20:53:59","date_gmt":"2023-10-19T18:53:59","guid":{"rendered":"http:\/\/shiatsupanama.com\/?page_id=95"},"modified":"2024-06-24T03:39:41","modified_gmt":"2024-06-24T01:39:41","slug":"cursos-2","status":"publish","type":"page","link":"https:\/\/shiatsupanama.com\/?page_id=95","title":{"rendered":"Cursos 2"},"content":{"rendered":"\n<h1 class=\"wp-block-heading\"><strong><em>Curso de Shiatsu b\u00e1sico \u2013 Nivel 2&nbsp;<\/em><\/strong><\/h1>\n\n\n\n<h1 class=\"wp-block-heading\">Fecha: 21 de Julio de 2024 en Chame\/Coronado.\u00a0<\/h1>\n\n\n\n<h2 class=\"wp-block-heading\"><em>Este curso es la complementaci\u00f3n y ampliaci\u00f3n del Basico-1. Puede ser realizado por las personas que ya han hecho ese curso anteriormente o tengan ya conocimientos pr\u00e1cticos de Shiatsu Namikoshi por cursos previos en alguna de nuestras escuelas de Europa, Asia o Am\u00e9rica.<\/em><\/h2>\n\n\n\n<h2 class=\"wp-block-heading\"><em>Su desarrollo es:<\/em><\/h2>\n\n\n\n<h2 class=\"wp-block-heading\"><em>1. se complementa y perfecciona el aprendizaje del curso b\u00e1sico inicial. 2.Se aprende y amplia el shiatsu de lado. 3.Se practica la localizaci\u00f3n de los puntos terap\u00e9uticos m\u00e1s importantes. 4.Se aprende el tratamiento de mejora de las funciones fisiol\u00f3gicas femeninas.&nbsp; 5.Se practica la serie completa de los 8 estiramientos&nbsp; de la columna vertebral por parejas y en forma individual.<\/em><\/h2>\n\n\n\n<h2 class=\"wp-block-heading\"><em>* El horario de este curso es: en domingo de 9 a.m. a&nbsp;6 p.m. con un breve descanso a las 1.30 pm. para el almuerzo. Taller de clase muy pr\u00e1ctica.<\/em><\/h2>\n\n\n\n<h2 class=\"wp-block-heading\"><em>Se realiza en Chame\/Coronado, en la zona de playas del interior, a una hora de la ciudad.&nbsp;<\/em><\/h2>\n\n\n\n<h2 class=\"wp-block-heading\"><em>\u2022 Su inversi\u00f3n econ\u00f3mica es de 105 Bl. Incluye tambi\u00e9n el certificado de realizaci\u00f3n y el dossier de apuntes.<\/em><\/h2>\n\n\n\n<h1 class=\"wp-block-heading\"><\/h1>\n\n\n\n<h1 class=\"wp-block-heading\"><strong><em>Shiatsu en camilla para esteticistas<\/em><\/strong><\/h1>\n\n\n\n<h2 class=\"wp-block-heading\"><em><strong>Pendiente de fijar fecha. Certificado internacional reconocido por la Namikoshi Shiatsu Europa (entidad reconocida oficialmente por el Japan Shiatsu College de Tokyo) a trav\u00e9s del Maestro japon\u00e9s Shigeru Onoda.&nbsp; http:\/\/www.namikoshishiatsueuropa.net\/es\/socios\/panama&nbsp;<\/strong><\/em><\/h2>\n\n\n\n<figure class=\"wp-block-image size-full is-resized\"><img loading=\"lazy\" decoding=\"async\" width=\"300\" height=\"192\" src=\"http:\/\/shiatsupanama.com\/wp-content\/uploads\/2023\/10\/image.png\" alt=\"\" class=\"wp-image-99\" style=\"aspect-ratio:1.5625;width:499px;height:auto\"\/><\/figure>\n\n\n\n<p><em><strong>&nbsp; &nbsp; &nbsp; &nbsp; &nbsp; &nbsp; &nbsp; &nbsp; &nbsp; &nbsp; &nbsp; &nbsp; &nbsp; &nbsp; &nbsp; &nbsp; &nbsp;<\/strong><\/em><\/p>\n\n\n\n<figure class=\"wp-block-image size-full\"><img loading=\"lazy\" decoding=\"async\" width=\"300\" height=\"189\" src=\"http:\/\/shiatsupanama.com\/wp-content\/uploads\/2023\/10\/image-1.png\" alt=\"\" class=\"wp-image-100\"\/><\/figure>\n\n\n\n<p><em><strong> &nbsp; &nbsp;Antonia Le\u00f3n y Pablo L\u00f3pez impartiendo uno de los cursos b\u00e1sicos de Shiatsu para esteticistas en 2009<\/strong><\/em><\/p>\n\n\n\n<p>********************************************************************************<\/p>\n\n\n\n<h3 class=\"wp-block-heading\"><strong>Taller<em>&nbsp;de Stretching y Autoshiatsu&nbsp;<\/em><\/strong><\/h3>\n\n\n\n<h2 class=\"wp-block-heading\">Este curso esta pendiente de fecha,&nbsp;en el Centro de Terapias Orientales,&nbsp;&nbsp;en Panam\u00e1.<\/h2>\n\n\n\n<h2 class=\"wp-block-heading\">Aprendizaje y pr\u00e1ctica de series de estiramientos, auto-estiramientos y los 10 puntos clave de autoshiatsu.<\/h2>\n\n\n\n<h2 class=\"wp-block-heading\">Inversi\u00f3n: 50 $ +5 $ (del manual y el certificado acreditativo).<\/h2>\n\n\n\n<h2 class=\"wp-block-heading\">Horario: de 2:30 a 6:30 pm.<\/h2>\n\n\n\n<h2 class=\"wp-block-heading\">Imparten Pablo L\u00f3pez y Antonia Le\u00f3n, Profesores y Terapeutas formados en la Escuela&nbsp;Japonesa de Shiatsu \u2013 Madrid \u2013 Espa\u00f1a.<\/h2>\n\n\n\n<h2 class=\"wp-block-heading\">Comunicar por e-mail el inter\u00e9s en hacer este curso y le responderemos.<\/h2>\n\n\n\n<h2 class=\"wp-block-heading\"><\/h2>\n\n\n\n<h1 class=\"wp-block-heading\"><em>SHIATSU EN SILLA \u2013 masaje original japon\u00e9s&nbsp;<\/em><\/h1>\n\n\n\n<h1 class=\"wp-block-heading\"><strong><em>Curso de aprendizaje de Shiatsu en silla para su aplicaci\u00f3n a personas de cualquier edad y condici\u00f3n.&nbsp;Se ense\u00f1a en silla est\u00e1ndar, sirviendo para&nbsp; practicar&nbsp; luego en silla ergon\u00f3mica.&nbsp;Se aplica en espalda, cuello y brazos, adem\u00e1s de varias series de estiramientos.&nbsp;Incluye un manual y la certificaci\u00f3n.&nbsp;Fecha: Pendiente de fijar&nbsp;Inversi\u00f3n: 110 + 15 del manual y el certificado = 115 $&nbsp;Horario: 9 am. a 6:30 pm.&nbsp;Lugar:&nbsp; Chame (Coronado, Panam\u00e1)&nbsp;Inscripciones: 6559 1479 \u2013 6532 7319&nbsp;E-mail:&nbsp;<a href=\"https:\/\/web.archive.org\/web\/20211203105328\/mailto:pabloshiatsu@hotmail.es\">pabloshiatsu@hotmail.es<\/a>&nbsp;Web:&nbsp;www.shiatsupanama.com&nbsp;<\/em><\/strong><\/h1>\n\n\n\n<p>Realizamos cursos b\u00e1sicos de 7 horas sobre \u201cAplicaci\u00f3n de Agujas Hinaishin\u201d y de \u201cSotai Ho B\u00e1sico\u201d.<br>Estos cursos se realizan peri\u00f3dicamente a partir de varias personas interesadas en realizarlos o por petici\u00f3n de grupos o empresas.<br>Para m\u00e1s informaci\u00f3n consultarnos directamente (6559 1479)<br>\u2022 Las agujas intrad\u00e9rmicas Hinaishin son unas agujas de muy poca longitud (3, 5 \u00f3 7 mm.) que se aplican bajo la piel de forma superficial, pero adecuadamente colocadas, en relaci\u00f3n a zonas de dolor o a puntos clave de acupuntura. Su efecto a nivel del sistema nervioso perif\u00e9rico o en relaci\u00f3n a los canales energ\u00e9ticos org\u00e1nicos, provocan una actuaci\u00f3n analg\u00e9sica que es de gran ayuda como complemento al trabajo de Shiatsu u otras terapias. Carece de riesgo su aplicaci\u00f3n as\u00ed como de efectos secundarios. Es una \u201cmicroacupuntura superficial\u201d<br>\u2022 Sotai Ho: es una t\u00e9cnica japonesa de reestructuraci\u00f3n corporal y ayuda a la mejora general del cuerpo. Se realiza a trav\u00e9s de una serie de movimientos activos del receptor, a veces combinados con su respiraci\u00f3n. Ello provoca por un efecto agonista-antagonista una mejora y \u201crecolocaci\u00f3n\u201d de la estructura del cuerpo, principalmente a nivel muscular y articular, adem\u00e1s del consiguiente efecto sobre los canales energ\u00e9ticos al provocar estiramientos musculares longitudinales. Fue creado por el Maestro japon\u00e9s Hashimoto. M\u00e1s informaci\u00f3n en nuestra escuela o en la Web de nuestra Escuela de Espa\u00f1a (www.sotai-spain.com).<br>\u2022 Auriculoterapia: es una \u201cmicroacupuntura sobre diferentes partes de los pabellones auriculares. La oreja tiene numerosos puntos de reflejos org\u00e1nicos que pueden ser estimulados o relajados a conveniencia para actuar sobre zonas u \u00f3rganos del cuerpo que necesiten ser reequilibrados. O tambi\u00e9n a modo analg\u00e9sico para algunos tipos de dolores.<br>\u2022 Estiramientos y Autoshiatsu.<\/p>\n\n\n\n<figure class=\"wp-block-image\"><img decoding=\"async\" src=\"https:\/\/web.archive.org\/web\/20211203105328im_\/http:\/\/shiatsupanama.com\/images\/ensenyanza_otros_02.jpg\" alt=\"\"\/><\/figure>\n\n\n\n<figure class=\"wp-block-image\"><img decoding=\"async\" src=\"https:\/\/web.archive.org\/web\/20211203105328im_\/http:\/\/shiatsupanama.com\/images\/ensenyanza_otros_01.jpg\" alt=\"\"\/><\/figure>\n\n\n\n<p>Los cursos principales son impartidos por Pablo L\u00f3pez y Antonia Le\u00f3n.<br>En algunas ocasiones los ponentes de algunos cursos ser\u00e1n tambi\u00e9n del equipo del Centro de Salud Holistica o bien procedentes de otras escuelas o pa\u00edses para impartir su maestr\u00eda o especialidad.<\/p>\n\n\n\n<p>* Todos estos cursos tienen un nivel 1 y un posible nivel 2 para las personas interesadas en seguir profundizando en dichas t\u00e9cnicas.<\/p>\n","protected":false},"excerpt":{"rendered":"<p>Curso de Shiatsu b\u00e1sico \u2013 Nivel 2&nbsp; Fecha: 21 de Julio de 2024 en Chame\/Coronado.\u00a0 Este curso es la complementaci\u00f3n y ampliaci\u00f3n del Basico-1. Puede ser realizado por las personas que ya han hecho ese curso anteriormente o tengan ya conocimientos pr\u00e1cticos de Shiatsu Namikoshi por cursos previos en alguna de nuestras escuelas de Europa, [&hellip;]<\/p>\n","protected":false},"author":1,"featured_media":0,"parent":0,"menu_order":0,"comment_status":"closed","ping_status":"closed","template":"","meta":{"_et_pb_use_builder":"off","_et_pb_old_content":"","_et_gb_content_width":"1080","footnotes":""},"_links":{"self":[{"href":"https:\/\/shiatsupanama.com\/index.php?rest_route=\/wp\/v2\/pages\/95"}],"collection":[{"href":"https:\/\/shiatsupanama.com\/index.php?rest_route=\/wp\/v2\/pages"}],"about":[{"href":"https:\/\/shiatsupanama.com\/index.php?rest_route=\/wp\/v2\/types\/page"}],"author":[{"embeddable":true,"href":"https:\/\/shiatsupanama.com\/index.php?rest_route=\/wp\/v2\/users\/1"}],"replies":[{"embeddable":true,"href":"https:\/\/shiatsupanama.com\/index.php?rest_route=%2Fwp%2Fv2%2Fcomments&post=95"}],"version-history":[{"count":4,"href":"https:\/\/shiatsupanama.com\/index.php?rest_route=\/wp\/v2\/pages\/95\/revisions"}],"predecessor-version":[{"id":322,"href":"https:\/\/shiatsupanama.com\/index.php?rest_route=\/wp\/v2\/pages\/95\/revisions\/322"}],"wp:attachment":[{"href":"https:\/\/shiatsupanama.com\/index.php?rest_route=%2Fwp%2Fv2%2Fmedia&parent=95"}],"curies":[{"name":"wp","href":"https:\/\/api.w.org\/{rel}","templated":true}]}}