{"id":89,"date":"2023-10-19T20:51:27","date_gmt":"2023-10-19T18:51:27","guid":{"rendered":"http:\/\/shiatsupanama.com\/?page_id=89"},"modified":"2026-04-06T04:05:47","modified_gmt":"2026-04-06T02:05:47","slug":"curso-inicial","status":"publish","type":"page","link":"https:\/\/shiatsupanama.com\/?page_id=89","title":{"rendered":"Curso inicial"},"content":{"rendered":"\n<h1 class=\"wp-block-heading\">Curso\u00a0<strong><em>B\u00e1sico de Shiatsu-1<\/em><\/strong>\u00a0de 9 horas el DOMINGO 2 de AGOSTO, en CHAME.\u00a0<\/h1>\n\n\n\n<figure class=\"wp-block-image alignleft\"><a href=\"https:\/\/web.archive.org\/web\/20211203103627\/http:\/\/shiatsupanama.com\/es\/http:\/\/shiatsupanama.com\/es\/wp-content\/uploads\/2010\/06\/5-IMG_9383.jpg\"><img decoding=\"async\" src=\"https:\/\/web.archive.org\/web\/20211203103627im_\/http:\/\/shiatsupanama.com\/es\/http:\/\/shiatsupanama.com\/es\/wp-content\/uploads\/2010\/06\/5-IMG_9383-300x225.jpg\" alt=\"\" class=\"wp-image-2135\" title=\"5 IMG_9383\"\/><\/a><\/figure>\n\n\n\n<figure class=\"wp-block-image alignright\"><a href=\"https:\/\/web.archive.org\/web\/20211203103627\/http:\/\/shiatsupanama.com\/es\/http:\/\/shiatsupanama.com\/es\/wp-content\/uploads\/2010\/06\/1-IMG_9334.jpg\"><img decoding=\"async\" src=\"https:\/\/web.archive.org\/web\/20211203103627im_\/http:\/\/shiatsupanama.com\/es\/http:\/\/shiatsupanama.com\/es\/wp-content\/uploads\/2010\/06\/1-IMG_9334-300x225.jpg\" alt=\"\" class=\"wp-image-2131\" title=\"1 IMG_9334\"\/><\/a><\/figure>\n\n\n\n<h2 class=\"wp-block-heading\">Este curso sirve como iniciaci\u00f3n al Shiatsu y para comenzar pr\u00e1cticas en el \u00e1mbito de familiar o combinarlo con otros masajes que se practiquen.. Tambi\u00e9n sirve para el que quiera continuar el curso B\u00e1sico \u2013 2 o el pr\u00f3ximo curso anual que comienza en Marzo de 2027.<\/h2>\n\n\n\n<h2 class=\"wp-block-heading\">Este curso&nbsp;es de 9 horas, es de iniciaci\u00f3n, totalmente pr\u00e1ctico y enfocado al aprendizaje de las l\u00edneas y puntos que presionamos en todo el cuerpo (boca abajo y boca arriba), as\u00ed como a las posturas correctas del cuerpo y las manos para aplicar la presi\u00f3n de Shiatsu.<\/h2>\n\n\n\n<h2 class=\"wp-block-heading\">Se realiza en nuestra sede de La Paz de Chame, en Panam\u00e0 Oeste.<\/h2>\n\n\n\n<h2 class=\"wp-block-heading\">La inversi\u00f3n total para este curso de 9 horas es de 125 Bl. \u00a0(que incluyen el libro, la l\u00e1mina de puntos, el certificado de asistencia y las 9 horas del taller).<\/h2>\n\n\n\n<h2 class=\"wp-block-heading\">* El horario es: de 9 a.m. a&nbsp;6 p.m. con un breve descanso a la 1.30 pm. para el almuerzo.&nbsp;&nbsp;Para este curso se reserva el cupo con un adelanto de 50 $ abonado en el centro o por yappy o por cuenta bancaria. &nbsp; Para m\u00e1s datos contactar por e-mail, WhatsApp o tel\u00e9fono.<\/h2>\n\n\n\n<h2 class=\"wp-block-heading\">El siguiente curso de iniciaci\u00f3n se fijar\u00e1 posiblemente en DICIEMBRE de 2026. <\/h2>\n\n\n\n<p><\/p>\n\n\n\n<h2 class=\"wp-block-heading\"><em>Cel: 6559 1479 \u2013 &nbsp;E-mail: pabloshiatsu@hotmail.es<\/em><\/h2>\n\n\n\n<h2 class=\"wp-block-heading\"><em><strong>Instructores oficiales de la Asociaci\u00f3n Namikoshi Shiatsu Europa, reconocidos por el Japan Shiatsu College de Tokyo Jap\u00f3n: Pablo L\u00f2pez y Antonia Le\u00f3n <\/strong><\/em><\/h2>\n\n\n\n<h2 class=\"wp-block-heading\"><a href=\"https:\/\/www.namikoshishiatsueuropa.net\/es\/socios\/panama\">Panama | (namikoshishiatsueuropa.net)<\/a>  <\/h2>\n\n\n\n<h2 class=\"wp-block-heading\">*********************************************************************************************************************************************************<\/h2>\n\n\n\n<h1 class=\"wp-block-heading\"><strong><em>Curso B\u00e1sico de Shiatsu \u2013 Nivel 2&nbsp;<\/em><\/strong><\/h1>\n\n\n\n<h2 class=\"wp-block-heading\">Pendiente de fecha para mediados de 2026.&nbsp; &nbsp; &nbsp; &nbsp; &nbsp; &nbsp; &nbsp; &nbsp; &nbsp; &nbsp; &nbsp; &nbsp; &nbsp; &nbsp; &nbsp; &nbsp; &nbsp; &nbsp; &nbsp; &nbsp; &nbsp; &nbsp; &nbsp; &nbsp; &nbsp; &nbsp; &nbsp; &nbsp;<\/h2>\n\n\n\n<h2 class=\"wp-block-heading\">Este curso es la complementaci\u00f3n y ampliaci\u00f3n del Basico-1. Puede ser realizado por las personas que ya han hecho ese curso anteriormente o tengan ya conocimientos pr\u00e1cticos de Shiatsu Namikoshi por cursos previos en alguna de nuestras escuelas de Europa, Asia o Am\u00e9rica.<\/h2>\n\n\n\n<h2 class=\"wp-block-heading\">En \u00e9l se ampliar\u00e1 y perfeccionar\u00e1 el aprendizaje del B\u00e1sico-1. Se aprende y amplia el shiatsu de lado. Y se  practicara la localizaci\u00f3n de puntos terap\u00e9uticos para algunas dolencias, as\u00ec como la serie completa de los 8 estiramientos&nbsp; de la columna vertebral.<\/h2>\n\n\n\n<h2 class=\"wp-block-heading\">* El horario de este curso es: en domingo de 9 a.m. a&nbsp;6 p.m. con un breve descanso a las 1.30 pm. para el almuerzo. Taller de clase muy pr\u00e1ctica.<\/h2>\n\n\n\n<h2 class=\"wp-block-heading\"><em>Se realiza en Chame\/Coronado, en el interior, a una hora de la ciudad.&nbsp;<\/em><\/h2>\n\n\n\n<h2 class=\"wp-block-heading\">\u2022 Su inversi\u00f3n econ\u00f3mica es de 120 Bl. Incluye el certificado de realizaci\u00f3n y dossier de apuntes.<\/h2>\n\n\n\n<figure class=\"wp-block-image alignleft\"><a href=\"https:\/\/web.archive.org\/web\/20211203103627\/http:\/\/shiatsupanama.com\/es\/http:\/\/shiatsupanama.com\/es\/wp-content\/uploads\/2010\/06\/0-GRUPO-REC5.jpg\"><img decoding=\"async\" src=\"https:\/\/web.archive.org\/web\/20211203103627im_\/http:\/\/shiatsupanama.com\/es\/http:\/\/shiatsupanama.com\/es\/wp-content\/uploads\/2010\/06\/0-GRUPO-REC5-300x246.jpg\" alt=\"\" class=\"wp-image-2254\" title=\"0 GRUPO REC\"\/><\/a><\/figure>\n\n\n\n<figure class=\"wp-block-image alignright\"><a href=\"https:\/\/web.archive.org\/web\/20211203103627\/http:\/\/shiatsupanama.com\/es\/http:\/\/shiatsupanama.com\/es\/wp-content\/uploads\/2010\/06\/GRUPO-COMPLETO3.jpg\"><img decoding=\"async\" src=\"https:\/\/web.archive.org\/web\/20211203103627im_\/http:\/\/shiatsupanama.com\/es\/http:\/\/shiatsupanama.com\/es\/wp-content\/uploads\/2010\/06\/GRUPO-COMPLETO3-300x199.jpg\" alt=\"\" class=\"wp-image-2255\" title=\"GRUPO COMPLETO\"\/><\/a><\/figure>\n\n\n\n<h2 class=\"wp-block-heading\">Pablo<\/h2>\n\n\n\n<h2 class=\"wp-block-heading\">L\u00f3pez y Antonia Le\u00f3n tras impartir un curso b\u00e1sico de Shiatsu. M\u00e0s fotograf\u00ecas de los cursos de inicio ver en EVENTOS REALIZADOS.<\/h2>\n\n\n\n<h4 class=\"wp-block-heading\"><\/h4>\n\n\n\n<h2 class=\"wp-block-heading\"><\/h2>\n\n\n\n<h2 class=\"wp-block-heading\">*El Shiatsu es como el amor de madre, la presi\u00f3n sobre el cuerpo estimula la fuente de vida&nbsp;(Tokujiro Namikoshi)<\/h2>\n","protected":false},"excerpt":{"rendered":"<p>Curso\u00a0B\u00e1sico de Shiatsu-1\u00a0de 9 horas el DOMINGO 2 de AGOSTO, en CHAME.\u00a0 Este curso sirve como iniciaci\u00f3n al Shiatsu y para comenzar pr\u00e1cticas en el \u00e1mbito de familiar o combinarlo con otros masajes que se practiquen.. Tambi\u00e9n sirve para el que quiera continuar el curso B\u00e1sico \u2013 2 o el pr\u00f3ximo curso anual que comienza [&hellip;]<\/p>\n","protected":false},"author":1,"featured_media":0,"parent":0,"menu_order":0,"comment_status":"closed","ping_status":"closed","template":"","meta":{"_et_pb_use_builder":"off","_et_pb_old_content":"","_et_gb_content_width":"1080","footnotes":""},"_links":{"self":[{"href":"https:\/\/shiatsupanama.com\/index.php?rest_route=\/wp\/v2\/pages\/89"}],"collection":[{"href":"https:\/\/shiatsupanama.com\/index.php?rest_route=\/wp\/v2\/pages"}],"about":[{"href":"https:\/\/shiatsupanama.com\/index.php?rest_route=\/wp\/v2\/types\/page"}],"author":[{"embeddable":true,"href":"https:\/\/shiatsupanama.com\/index.php?rest_route=\/wp\/v2\/users\/1"}],"replies":[{"embeddable":true,"href":"https:\/\/shiatsupanama.com\/index.php?rest_route=%2Fwp%2Fv2%2Fcomments&post=89"}],"version-history":[{"count":37,"href":"https:\/\/shiatsupanama.com\/index.php?rest_route=\/wp\/v2\/pages\/89\/revisions"}],"predecessor-version":[{"id":541,"href":"https:\/\/shiatsupanama.com\/index.php?rest_route=\/wp\/v2\/pages\/89\/revisions\/541"}],"wp:attachment":[{"href":"https:\/\/shiatsupanama.com\/index.php?rest_route=%2Fwp%2Fv2%2Fmedia&parent=89"}],"curies":[{"name":"wp","href":"https:\/\/api.w.org\/{rel}","templated":true}]}}