{"id":86,"date":"2023-10-19T20:50:50","date_gmt":"2023-10-19T18:50:50","guid":{"rendered":"http:\/\/shiatsupanama.com\/?page_id=86"},"modified":"2024-04-29T20:11:19","modified_gmt":"2024-04-29T18:11:19","slug":"cursos","status":"publish","type":"page","link":"https:\/\/shiatsupanama.com\/?page_id=86","title":{"rendered":"CURSOS"},"content":{"rendered":"[et_pb_section fb_built=\u00bb1&#8243; admin_label=\u00bbsection\u00bb _builder_version=\u00bb4.16&#8243; global_colors_info=\u00bb{}\u00bb][et_pb_row admin_label=\u00bbrow\u00bb _builder_version=\u00bb4.16&#8243; background_size=\u00bbinitial\u00bb background_position=\u00bbtop_left\u00bb background_repeat=\u00bbrepeat\u00bb global_colors_info=\u00bb{}\u00bb][et_pb_column type=\u00bb4_4&#8243; _builder_version=\u00bb4.16&#8243; custom_padding=\u00bb|||\u00bb global_colors_info=\u00bb{}\u00bb custom_padding__hover=\u00bb|||\u00bb][et_pb_image src=\u00bbhttp:\/\/shiatsupanama.com\/wp-content\/uploads\/2023\/10\/centro-de-espiritualidad-increible.png\u00bb _builder_version=\u00bb4.22.2&#8243; _module_preset=\u00bbdefault\u00bb global_colors_info=\u00bb{}\u00bb][\/et_pb_image][et_pb_text admin_label=\u00bbText\u00bb _builder_version=\u00bb4.22.2&#8243; text_font=\u00bb|700||on|||||\u00bb text_font_size=\u00bb37px\u00bb background_size=\u00bbinitial\u00bb background_position=\u00bbtop_left\u00bb background_repeat=\u00bbrepeat\u00bb hover_enabled=\u00bb0&#8243; text_font_size_tablet=\u00bb37px\u00bb text_font_size_phone=\u00bb26px\u00bb text_font_size_last_edited=\u00bbon|phone\u00bb global_colors_info=\u00bb{}\u00bb sticky_enabled=\u00bb0&#8243;]<p style=\"text-align: center;\">Curso B\u00e1sico de iniciaci\u00f3n al ShiatsU<\/p>\n<p><\/p>[\/et_pb_text][et_pb_text admin_label=\u00bbText\u00bb _builder_version=\u00bb4.22.2&#8243; text_font_size=\u00bb23px\u00bb background_size=\u00bbinitial\u00bb background_position=\u00bbtop_left\u00bb background_repeat=\u00bbrepeat\u00bb global_colors_info=\u00bb{}\u00bb]<p>Curso B\u00e1sico de iniciaci\u00f3n al Shiatsu de 9 horas el domingo 19 de Mayo, en Chame, en Panam\u00e0 Oeste.<\/p>\n<p>Este curso es de iniciaci\u00f3n y para comenzar pr\u00e1cticas, es un taller muy pr\u00e1ctico con el aprendizaje de las l\u00edneas y puntos que presionamos en todo el cuerpo (boca abajo y boca arriba), y tambi\u00e9n se practican las posturas correctas del cuerpo y las manos para aplicar la presi\u00f3n de Shiatsu.<\/p>\n<p>Se realiza sobre tatami y colchonetas en el suelo al igual que se aprende en Jap\u00f3n, para luego pasar a la camilla.<\/p>\n<p>La inversi\u00f3n total para este curso es de $115.00<\/p>\n<p>(incluido el libro, la l\u00e1mina de puntos y el certificado de asistencia).<\/p>\n<ul class=\"markdown__list\">\n<li><span>El horario es de 9 a.m. a 6:00 p.m. con un breve descanso para el almuerzo.<\/span><\/li>\n<\/ul>\n<p>Para este curso se reserva cupo con un adelanto del pago de 50 $, en persona o por cuenta bancaria. Para m\u00e1s datos o contactar por whatsapp o e-mail.<\/p>\n<p>Cel: 6559 1479 E-mail: <a class=\"theme\" href=\"mailto:pabloshiatsu@hotmail.es\" rel=\"noopener noreferrer\" target=\"_blank\"><span>pabloshiatsu@hotmail.es<\/span><\/a><\/p>\n<p><!-- \/wp:heading --><\/p>[\/et_pb_text][\/et_pb_column][\/et_pb_row][et_pb_row admin_label=\u00bbrow\u00bb _builder_version=\u00bb4.16&#8243; background_size=\u00bbinitial\u00bb background_position=\u00bbtop_left\u00bb background_repeat=\u00bbrepeat\u00bb global_colors_info=\u00bb{}\u00bb][et_pb_column type=\u00bb4_4&#8243; _builder_version=\u00bb4.16&#8243; custom_padding=\u00bb|||\u00bb global_colors_info=\u00bb{}\u00bb custom_padding__hover=\u00bb|||\u00bb][et_pb_text admin_label=\u00bbText\u00bb _builder_version=\u00bb4.16&#8243; background_size=\u00bbinitial\u00bb background_position=\u00bbtop_left\u00bb background_repeat=\u00bbrepeat\u00bb global_colors_info=\u00bb{}\u00bb]<figure class=\"wp-block-image alignleft\"><\/figure>\n<p>peque\u00f1a<!-- \/wp:image --><\/p>\n<p><!-- wp:heading --><\/p>\n<h2 class=\"wp-block-heading\">Ver detalle de los cursos en esta misma p\u00e1gina en\u00a0Cursos B\u00e1sicos\u00a0y\u00a0Curso Anual.<\/h2>\n<p><!-- \/wp:heading --><\/p>\n<p><!-- wp:heading --><\/p>\n<h2 class=\"wp-block-heading\">Impartimos cursos\u00a0 tambi\u00e8n en el Centro de Terapias Orientales de Ciudad de Panam\u00e1, as\u00ed como en Chame\/Coronado y en cualquier lugar que se forme un grupo de varias personas.<\/h2>\n<h2 class=\"wp-block-heading\">Centro de Terapias Orientales en c\/Santa Elena, frente a la Casa del Helado, en peque\u00f1a calle sin salida.<\/h2>\n<h2 class=\"wp-block-heading\"><\/h2>\n<h2 class=\"wp-block-heading\">Dos salas para cursos, de este centro multidisciplinar, se est\u00e1n utilizando para los cursos b\u00e1sicos de nivel 1 y 2.<\/h2>\n<p><!-- \/wp:heading --><\/p>[\/et_pb_text][\/et_pb_column][\/et_pb_row][\/et_pb_section][et_pb_section fb_built=\u00bb1&#8243; _builder_version=\u00bb4.22.2&#8243; _module_preset=\u00bbdefault\u00bb global_colors_info=\u00bb{}\u00bb][et_pb_row _builder_version=\u00bb4.22.2&#8243; _module_preset=\u00bbdefault\u00bb global_colors_info=\u00bb{}\u00bb][et_pb_column type=\u00bb4_4&#8243; _builder_version=\u00bb4.22.2&#8243; _module_preset=\u00bbdefault\u00bb global_colors_info=\u00bb{}\u00bb][\/et_pb_column][\/et_pb_row][\/et_pb_section]","protected":false},"excerpt":{"rendered":"<p>Curso B\u00e1sico de iniciaci\u00f3n al ShiatsU Curso B\u00e1sico de iniciaci\u00f3n al Shiatsu de 9 horas el domingo 19 de Mayo, en Chame, en Panam\u00e0 Oeste. Este curso es de iniciaci\u00f3n y para comenzar pr\u00e1cticas, es un taller muy pr\u00e1ctico con el aprendizaje de las l\u00edneas y puntos que presionamos en todo el cuerpo (boca abajo [&hellip;]<\/p>\n","protected":false},"author":1,"featured_media":0,"parent":0,"menu_order":0,"comment_status":"closed","ping_status":"closed","template":"","meta":{"_et_pb_use_builder":"on","_et_pb_old_content":"<!-- wp:image {\"align\":\"left\",\"id\":2222,\"linkDestination\":\"custom\"} -->\n<figure class=\"wp-block-image alignleft\"><a href=\"https:\/\/web.archive.org\/web\/20211203095738\/http:\/\/shiatsupanama.com\/es\/http:\/\/shiatsupanama.com\/es\/wp-content\/uploads\/2010\/06\/309713_10150387502698121_570233120_8378373_787205587_n2.jpg\"><img src=\"https:\/\/web.archive.org\/web\/20211203095738im_\/http:\/\/shiatsupanama.com\/es\/http:\/\/shiatsupanama.com\/es\/wp-content\/uploads\/2010\/06\/309713_10150387502698121_570233120_8378373_787205587_n2-300x232.jpg\" alt=\"\" class=\"wp-image-2222\" title=\"309713_10150387502698121_570233120_8378373_787205587_n\"\/><\/a><\/figure>\n<!-- \/wp:image -->\n\n<!-- wp:heading -->\n<h2 class=\"wp-block-heading\">Ver detalle de los cursos en esta misma p\u00e1gina en&nbsp;Cursos B\u00e1sicos&nbsp;y&nbsp;Curso Anual.<\/h2>\n<!-- \/wp:heading -->\n\n<!-- wp:heading -->\n<h2 class=\"wp-block-heading\">Impartimos cursos&nbsp; en el Centro de Terapias Orientales de Ciudad de Panam\u00e1, as\u00ed como en Chame\/Coronado y en cualquier lugar que se forme un grupo de varias personas.<\/h2>\n<!-- \/wp:heading -->\n\n<!-- wp:image {\"align\":\"right\",\"id\":1895,\"linkDestination\":\"custom\"} -->\n<figure class=\"wp-block-image alignright\"><a href=\"https:\/\/web.archive.org\/web\/20211203095738\/http:\/\/shiatsupanama.com\/es\/http:\/\/shiatsupanama.com\/es\/wp-content\/uploads\/2010\/06\/Mapa-CTO-2.jpg\"><img src=\"https:\/\/web.archive.org\/web\/20211203095738im_\/http:\/\/shiatsupanama.com\/es\/http:\/\/shiatsupanama.com\/es\/wp-content\/uploads\/2010\/06\/Mapa-CTO-2-300x183.jpg\" alt=\"\" class=\"wp-image-1895\" title=\"Mapa CTO 2\"\/><\/a><\/figure>\n<!-- \/wp:image -->\n\n<!-- wp:paragraph -->\n<p>Centro de Terapias Orientales en c\/Santa Elena,&nbsp;frente a Casa del Helado en calle sin salida.<\/p>\n<!-- \/wp:paragraph -->\n\n<!-- wp:paragraph -->\n<p>Dos salas para cursos, de este centro multidisciplinar, se est\u00e1n utilizando para los cursos b\u00e1sicos de nivel 1 y 2.<\/p>\n<!-- \/wp:paragraph -->\n\n<!-- wp:paragraph -->\n<p><a href=\"https:\/\/web.archive.org\/web\/20211203095738\/http:\/\/www.centrodeterapiaoriental.com\/\">www.centrodeterapiaoriental.com<\/a><\/p>\n<!-- \/wp:paragraph -->\n\n<!-- wp:heading {\"level\":4} -->\n<h4 class=\"wp-block-heading\">* PARA DETALLE DE TODOS LOS CURSOS VER EN LA P\u00c1GINA DE CURSOS, LAS SUBP\u00c1GINAS DE CURSO BASICO , CURSO ANUAL Y OTROS CURSOS.<\/h4>\n<!-- \/wp:heading -->","_et_gb_content_width":"1080","footnotes":""},"_links":{"self":[{"href":"https:\/\/shiatsupanama.com\/index.php?rest_route=\/wp\/v2\/pages\/86"}],"collection":[{"href":"https:\/\/shiatsupanama.com\/index.php?rest_route=\/wp\/v2\/pages"}],"about":[{"href":"https:\/\/shiatsupanama.com\/index.php?rest_route=\/wp\/v2\/types\/page"}],"author":[{"embeddable":true,"href":"https:\/\/shiatsupanama.com\/index.php?rest_route=\/wp\/v2\/users\/1"}],"replies":[{"embeddable":true,"href":"https:\/\/shiatsupanama.com\/index.php?rest_route=%2Fwp%2Fv2%2Fcomments&post=86"}],"version-history":[{"count":7,"href":"https:\/\/shiatsupanama.com\/index.php?rest_route=\/wp\/v2\/pages\/86\/revisions"}],"predecessor-version":[{"id":299,"href":"https:\/\/shiatsupanama.com\/index.php?rest_route=\/wp\/v2\/pages\/86\/revisions\/299"}],"wp:attachment":[{"href":"https:\/\/shiatsupanama.com\/index.php?rest_route=%2Fwp%2Fv2%2Fmedia&parent=86"}],"curies":[{"name":"wp","href":"https:\/\/api.w.org\/{rel}","templated":true}]}}