{"id":79,"date":"2023-10-19T20:43:56","date_gmt":"2023-10-19T18:43:56","guid":{"rendered":"http:\/\/shiatsupanama.com\/?page_id=79"},"modified":"2026-01-25T03:33:25","modified_gmt":"2026-01-25T02:33:25","slug":"shiatsurolfing","status":"publish","type":"page","link":"https:\/\/shiatsupanama.com\/?page_id=79","title":{"rendered":"Shiatsu &#038; Acupuntura &#038; Rolfing"},"content":{"rendered":"\n<p><a href=\"https:\/\/web.archive.org\/web\/20211203094117\/http:\/\/shiatsupanama.com\/es\/http:\/\/shiatsupanama.com\/es\/wp-content\/uploads\/2017\/05\/a-musculos-emociones1.jpg\"><\/a><\/p>\n\n\n\n<h1 class=\"wp-block-heading\"><strong><em>Con el Shiatsu, tambi\u00e9n combinamos la Acupuntura Tradicional China o el est\u00edmulo profundo del masaje Rolfing con su presi\u00f3n de nudillos, pu\u00f1os o antebrazos. Estas sesiones combinadas vienen tambi\u00e9n con estiramientos de las cadenas musculares del cuerpo. Todo ello es de gran ayuda en las contracturas y tensiones de todo el cuerpo, sobre todo en espalda, piernas y gl\u00fateos. El trabajo manual del Shiatsu y el rolfing es intenso y con un \u201cagradable dolor terap\u00e9utico\u201d, deshaciendo as\u00ed tensiones, algunas acumuladas durante a\u00f1os u otras con posible origen en antiguas alteraciones emocionales, que as\u00ec pueden ser liberadas.\u00a0 As\u00ed mismo mejoramos la estructura corporal y la flexibilidad de la columna vertebral. Se realiza en sesiones de 60 o 75 o 95 minutos, con una leve aplicaci\u00f3n de aceite natural biol\u00f3gico.\u00a0Hemos creado una combinaci\u00f3n muy efectiva con el Shiatsu, combinando la Acupuntura o el Rolfing dependiendo de las necesidades o del cuerpo de cada persona. El est\u00edmulo profundo del masaje Rolfing act\u00f9a sobre las fascias musculares y es de gran ayuda en el estres y las contracturas y tensiones de cervicales, espalda, piernas y gl\u00fateos. <\/em><\/strong><\/h1>\n\n\n\n<h1 class=\"wp-block-heading\"><strong><em>Es una combinaci\u00f3n muy efectiva el de estas dos o tres t\u00e9cnicas para originar una mejora, que es superficial para las tensiones pero muy profunda para\u00a0la energ\u00eda y fisiolog\u00eda de todo nuestro cuerpo. Esta terapia la aplicamos adecu\u00e0ndola al cuerpo y estructura de cada persona de forma que sea asimilable y agradable, dentro de un trabajo profundo e intenso.\u00a0 \u00a0<\/em><\/strong><\/h1>\n\n\n\n<p><strong><em>En Sta. Elena\/Parque Omar, en Ciudad del Saber\/Clayton, en Paitilla y en Chame\/Coronado. (Pablo: 6559 1479)&nbsp;<\/em><\/strong><\/p>\n\n\n\n<p><strong><em>La inversi\u00f3n es de 65 o 80 o 95 $ dependiendo si la sesi\u00f3n es de 60 o 75 o 90 minutos.&nbsp;<\/em><\/strong><\/p>\n\n\n\n<figure class=\"wp-block-image size-full\"><img loading=\"lazy\" decoding=\"async\" width=\"726\" height=\"480\" src=\"https:\/\/shiatsupanama.com\/wp-content\/uploads\/2023\/11\/SHI-ESPALDA-DESNUDA-1.jpg\" alt=\"\" class=\"wp-image-173\" srcset=\"https:\/\/shiatsupanama.com\/wp-content\/uploads\/2023\/11\/SHI-ESPALDA-DESNUDA-1.jpg 726w, https:\/\/shiatsupanama.com\/wp-content\/uploads\/2023\/11\/SHI-ESPALDA-DESNUDA-1-480x317.jpg 480w\" sizes=\"(min-width: 0px) and (max-width: 480px) 480px, (min-width: 481px) 726px, 100vw\" \/><\/figure>\n\n\n\n<p><a href=\"https:\/\/web.archive.org\/web\/20211203094117\/http:\/\/shiatsupanama.com\/es\/http:\/\/shiatsupanama.com\/es\/wp-content\/uploads\/2017\/05\/a-musculos-emociones2.jpg\"><\/a><\/p>\n\n\n\n<ul>\n<li><strong>La variante del Rolfing, que practico combinada con Shiatsu, es la Integraci\u00f2n Postural. T\u00e8cnica nacida del Rolfing en creacion del Dr. Jack W. Painter en los a\u00f1os 70 en EEUU. Mi formaci\u00f2n en esta t\u00e8cnica fue en Barcelona (Espa\u00f1a) en 1.982, para despues combinarla con el Shiatsu y la Acupuntura, que practiqu\u00e8 desde 1995. <\/strong><\/li>\n<\/ul>\n\n\n\n<h1 class=\"wp-block-heading\"><strong><em>&nbsp; &nbsp; &nbsp;<\/em><\/strong><\/h1>\n\n\n\n<figure class=\"wp-block-image size-full\"><img loading=\"lazy\" decoding=\"async\" width=\"960\" height=\"720\" src=\"https:\/\/shiatsupanama.com\/wp-content\/uploads\/2024\/03\/ROLF-ESPALDA.jpg\" alt=\"\" class=\"wp-image-282\" srcset=\"https:\/\/shiatsupanama.com\/wp-content\/uploads\/2024\/03\/ROLF-ESPALDA.jpg 960w, https:\/\/shiatsupanama.com\/wp-content\/uploads\/2024\/03\/ROLF-ESPALDA-480x360.jpg 480w\" sizes=\"(min-width: 0px) and (max-width: 480px) 480px, (min-width: 481px) 960px, 100vw\" \/><\/figure>\n\n\n\n<figure class=\"wp-block-image size-full is-resized\"><img loading=\"lazy\" decoding=\"async\" width=\"960\" height=\"720\" src=\"https:\/\/shiatsupanama.com\/wp-content\/uploads\/2024\/03\/EMOCIONES.jpg\" alt=\"\" class=\"wp-image-285\" style=\"width:608px;height:auto\" srcset=\"https:\/\/shiatsupanama.com\/wp-content\/uploads\/2024\/03\/EMOCIONES.jpg 960w, https:\/\/shiatsupanama.com\/wp-content\/uploads\/2024\/03\/EMOCIONES-480x360.jpg 480w\" sizes=\"(min-width: 0px) and (max-width: 480px) 480px, (min-width: 481px) 960px, 100vw\" \/><\/figure>\n","protected":false},"excerpt":{"rendered":"<p>Con el Shiatsu, tambi\u00e9n combinamos la Acupuntura Tradicional China o el est\u00edmulo profundo del masaje Rolfing con su presi\u00f3n de nudillos, pu\u00f1os o antebrazos. Estas sesiones combinadas vienen tambi\u00e9n con estiramientos de las cadenas musculares del cuerpo. Todo ello es de gran ayuda en las contracturas y tensiones de todo el cuerpo, sobre todo en [&hellip;]<\/p>\n","protected":false},"author":1,"featured_media":169,"parent":0,"menu_order":0,"comment_status":"closed","ping_status":"closed","template":"","meta":{"_et_pb_use_builder":"off","_et_pb_old_content":"","_et_gb_content_width":"","footnotes":""},"_links":{"self":[{"href":"https:\/\/shiatsupanama.com\/index.php?rest_route=\/wp\/v2\/pages\/79"}],"collection":[{"href":"https:\/\/shiatsupanama.com\/index.php?rest_route=\/wp\/v2\/pages"}],"about":[{"href":"https:\/\/shiatsupanama.com\/index.php?rest_route=\/wp\/v2\/types\/page"}],"author":[{"embeddable":true,"href":"https:\/\/shiatsupanama.com\/index.php?rest_route=\/wp\/v2\/users\/1"}],"replies":[{"embeddable":true,"href":"https:\/\/shiatsupanama.com\/index.php?rest_route=%2Fwp%2Fv2%2Fcomments&post=79"}],"version-history":[{"count":17,"href":"https:\/\/shiatsupanama.com\/index.php?rest_route=\/wp\/v2\/pages\/79\/revisions"}],"predecessor-version":[{"id":536,"href":"https:\/\/shiatsupanama.com\/index.php?rest_route=\/wp\/v2\/pages\/79\/revisions\/536"}],"wp:featuredmedia":[{"embeddable":true,"href":"https:\/\/shiatsupanama.com\/index.php?rest_route=\/wp\/v2\/media\/169"}],"wp:attachment":[{"href":"https:\/\/shiatsupanama.com\/index.php?rest_route=%2Fwp%2Fv2%2Fmedia&parent=79"}],"curies":[{"name":"wp","href":"https:\/\/api.w.org\/{rel}","templated":true}]}}