{"id":73,"date":"2023-10-19T20:40:30","date_gmt":"2023-10-19T18:40:30","guid":{"rendered":"http:\/\/shiatsupanama.com\/?page_id=73"},"modified":"2024-09-28T18:29:56","modified_gmt":"2024-09-28T16:29:56","slug":"aplicaciones","status":"publish","type":"page","link":"https:\/\/shiatsupanama.com\/?page_id=73","title":{"rendered":"Aplicaciones"},"content":{"rendered":"\n<figure class=\"wp-block-image alignleft\"><a href=\"https:\/\/web.archive.org\/web\/20211203093153\/http:\/\/shiatsupanama.com\/es\/http:\/\/shiatsupanama.com\/es\/wp-content\/uploads\/2010\/06\/antonia-da-shi1.jpg\"><img decoding=\"async\" src=\"https:\/\/web.archive.org\/web\/20211203093153im_\/http:\/\/shiatsupanama.com\/es\/http:\/\/shiatsupanama.com\/es\/wp-content\/uploads\/2010\/06\/antonia-da-shi1-225x300.jpg\" alt=\"\" class=\"wp-image-4097\" title=\"antonia da shi\"\/><\/a><\/figure>\n\n\n\n<figure class=\"wp-block-image alignleft\"><img decoding=\"async\" src=\"https:\/\/web.archive.org\/web\/20211203093153im_\/http:\/\/shiatsupanama.com\/es\/http:\/\/shiatsupanama.com\/es\/wp-content\/uploads\/2010\/06\/SHIATSU+PABLO-IMG_51261-225x300.jpg\" alt=\"\" class=\"wp-image-4101\" title=\"SHIATSU+PABLO IMG_5126\"\/><\/figure>\n\n\n\n<h2 class=\"wp-block-heading\"><em>\u00a0<\/em><em>El Shiatsu sirve para la mejora y alivio de numerosos trastornos y alteraciones como los dolores de espalda, estr\u00e8s, insomnio, cefaleas, alteraciones psicosom\u00e1ticas, etc. Tambi\u00e9n es una excelente terapia a nivel de prevenci\u00f3n de la salud, y\u00a0 ayuda a ser m\u00e1s conscientes de nuestro propio cuerpo y de sus \u201cquejas\u201d o necesidades que expresa cuando manifiesta sus s\u00edntomas o dolores.<\/em><\/h2>\n\n\n\n<h3 class=\"wp-block-heading has-vivid-red-color has-text-color has-link-color has-medium-font-size wp-elements-f2cbbea0d543d9708c85a05397e29529\"><em>El Shiatsu tambi\u00e8n mejora\u00a0y aumenta las defensas del organismo, originando mayor segregaci\u00f3n de endorfinas y actuando a nivel analg\u00e9sico y relajante.<\/em><\/h3>\n\n\n\n<h2 class=\"wp-block-heading\"><em>Es de gran ayuda en todo el proceso de embarazo y post-parto, as\u00ed como para ayudar en la fertilidad o sexualidad de la pareja.<br>Y adem\u00e0s es de gran eficacia para todos los\u00a0tipos de estr\u00e9s sobre nuestro ser, ayudando as\u00ed a un mayor bienestar f\u00edsico, emocional y mental.<\/em><\/h2>\n\n\n\n<h2 class=\"wp-block-heading\"><em>Es un \u201d masaje \u201d diferente con una cualidad de actuaci\u00f3n muy profunda sobre el organismo. Por ello se le denomina m\u00e1s como una \u201cterapia\u201d que como un masaje.<\/em><\/h2>\n\n\n\n<h2 class=\"wp-block-heading\"><em>El Shiatsu act\u00faa sobre el cuerpo humano activando su capacidad de autorregulaci\u00f3n (o autocuraci\u00f3n).<br>Esa capacidad innata, que tenemos \u201cmedio apagada\u201d, el Shiatsu la despierta de forma inmediata.<\/em><\/h2>\n\n\n\n<h2 class=\"wp-block-heading\"><em>Por el r\u00e1pido efecto de regulaci\u00f3n y reequilibrio interno que produce en el organismo, es muy util el Shiatsu en la gran mayor\u00eda de dolencias y alteraciones del cuerpo.&nbsp; Adem\u00e1s puede complementarse perfectamente con tratamientos de la medicina convencional.&nbsp;<\/em><\/h2>\n\n\n\n<h2 class=\"wp-block-heading\"><em>No hay riesgo alguno al recibir Shiatsu, ni efectos secundarios negativos cuando se recibe de manos de un terapeuta experto.<br>Antes de la primera sesi\u00f3n se realiza una ficha detallada, de la persona, con datos sobre su salud y otros datos para personalizar el trabajo de Shiatsu.<br>Cada sesi\u00f3n de Shiatsu se imparte atendiendo a la necesidad y situaci\u00f3n de la persona receptora, para adecuar personalmente el tratamiento.<br>El Shiatsu puede ser recibido por ni\u00f1os, adultos o ancianos de cualquier edad o condici\u00f3n sin problema alguno,&nbsp;ya que&nbsp;se adec\u00faa el trabajo a cada persona y su estado de salud.<\/em><\/h2>\n\n\n\n<figure class=\"wp-block-image alignleft\"><img decoding=\"async\" src=\"https:\/\/web.archive.org\/web\/20211203093153im_\/http:\/\/shiatsupanama.com\/images\/aplicaciones_01.jpg\" alt=\"\"\/><\/figure>\n\n\n\n<figure class=\"wp-block-image\"><img decoding=\"async\" src=\"https:\/\/web.archive.org\/web\/20211203093153im_\/http:\/\/shiatsupanama.com\/images\/aplicaciones_02.jpg\" alt=\"\"\/><\/figure>\n\n\n\n<h2 class=\"wp-block-heading\"><em>Normalmente el Shiatsu se aplica, a nivel terap\u00e9utico, sobre una camilla. Tambi\u00e9n es posible realizarlo sobre un Tatami o colchoneta sobre el suelo, como se hace para su aprendizaje.<\/em><\/h2>\n\n\n\n<h3 class=\"wp-block-heading has-medium-font-size\"><em>Pablo L\u00f3pez: 6559 1479 \u2013 Antonia Le\u00f3n: 6532 7319<\/em><\/h3>\n\n\n\n<h3 class=\"wp-block-heading has-vivid-purple-color has-text-color has-link-color has-medium-font-size wp-elements-c8c00b2e8dde9390e80f700d494bd2a2\"><em>\u201cEl Shiatsu es como el amor de una madre: la presi\u00f3n sobre el cuerpo estimula la fuente de la vida\u201d (Tokujiro Namikoshi, creador de esta t\u00e9cnica moderna en base a antiguas tradiciones orientales)<\/em><\/h3>\n","protected":false},"excerpt":{"rendered":"<p>\u00a0El Shiatsu sirve para la mejora y alivio de numerosos trastornos y alteraciones como los dolores de espalda, estr\u00e8s, insomnio, cefaleas, alteraciones psicosom\u00e1ticas, etc. Tambi\u00e9n es una excelente terapia a nivel de prevenci\u00f3n de la salud, y\u00a0 ayuda a ser m\u00e1s conscientes de nuestro propio cuerpo y de sus \u201cquejas\u201d o necesidades que expresa cuando [&hellip;]<\/p>\n","protected":false},"author":1,"featured_media":0,"parent":0,"menu_order":0,"comment_status":"closed","ping_status":"closed","template":"","meta":{"_et_pb_use_builder":"off","_et_pb_old_content":"","_et_gb_content_width":"1080","footnotes":""},"_links":{"self":[{"href":"https:\/\/shiatsupanama.com\/index.php?rest_route=\/wp\/v2\/pages\/73"}],"collection":[{"href":"https:\/\/shiatsupanama.com\/index.php?rest_route=\/wp\/v2\/pages"}],"about":[{"href":"https:\/\/shiatsupanama.com\/index.php?rest_route=\/wp\/v2\/types\/page"}],"author":[{"embeddable":true,"href":"https:\/\/shiatsupanama.com\/index.php?rest_route=\/wp\/v2\/users\/1"}],"replies":[{"embeddable":true,"href":"https:\/\/shiatsupanama.com\/index.php?rest_route=%2Fwp%2Fv2%2Fcomments&post=73"}],"version-history":[{"count":2,"href":"https:\/\/shiatsupanama.com\/index.php?rest_route=\/wp\/v2\/pages\/73\/revisions"}],"predecessor-version":[{"id":352,"href":"https:\/\/shiatsupanama.com\/index.php?rest_route=\/wp\/v2\/pages\/73\/revisions\/352"}],"wp:attachment":[{"href":"https:\/\/shiatsupanama.com\/index.php?rest_route=%2Fwp%2Fv2%2Fmedia&parent=73"}],"curies":[{"name":"wp","href":"https:\/\/api.w.org\/{rel}","templated":true}]}}