{"id":66,"date":"2023-10-19T20:31:37","date_gmt":"2023-10-19T18:31:37","guid":{"rendered":"http:\/\/shiatsupanama.com\/?page_id=66"},"modified":"2025-09-02T03:00:10","modified_gmt":"2025-09-02T01:00:10","slug":"terapia-shiatsu","status":"publish","type":"page","link":"https:\/\/shiatsupanama.com\/?page_id=66","title":{"rendered":"Terapia Shiatsu \/ Masaje"},"content":{"rendered":"\n<h2 class=\"wp-block-heading\"><em>Una sesi\u00f3n completa de Shiatsu, como masaje o como terapia, dura aproximadamente una hora. Se realiza con presiones de las manos y especialmente con los dedos pulgares. Ayuda a la mejora de numerosas dolencias y afectaciones, especialmente de la espalda.&nbsp;<\/em><em>La recepci\u00f3n de Shiatsu por todo el cuerpo provoca un efecto terap\u00e9utico m\u00e1s profundo que si solo trabajasemos las zonas de dolor.&nbsp;<\/em><\/h2>\n\n\n\n<h2 class=\"wp-block-heading\"><em>El Shiatsu<\/em><em>&nbsp;tambi\u00e9n activa la capacidad de autorregulaci\u00f3n interna de nuestro cuerpo, que enseguida mejora su sistema nervioso y todo su estado general.<\/em><\/h2>\n\n\n\n<h2 class=\"wp-block-heading\"><em><\/em><em>Si se padece alguna dolencia, el efecto de la sesi\u00f3n de Shiatsu, inicia un proceso de mejora y reacci\u00f3n del cuerpo para que se recupere progresivamente en siguientes sesiones.<\/em><\/h2>\n\n\n\n<h2 class=\"wp-block-heading\"><em><\/em><em>El bienestar que produce el Shiatsu ayuda tanto a los que padezcan dolores o alteraciones, como al que solo pretende quitarse estr\u00e9s. Tambi\u00e9n lo utilizamos como una medicina preventiva natural.<\/em><\/h2>\n\n\n\n<h2 class=\"wp-block-heading\"><em><\/em><em>El Shiatsu se puede tambi\u00e9n recibir vestido con una ropa ligera o un pijama.<\/em><\/h2>\n\n\n\n<h2 class=\"wp-block-heading\"><em>Todas las sesiones deben ser hechas, con previa cita en nuestros centros, por watsapp, tel\u00e9fono o E-mail.\u00a0\u00a0La inversi\u00f3n\u00a0para una sesi\u00f3n est\u00e1 desde 65 $. y el Acu-Shiatsu de 90 minutos son 90 $.<\/em><\/h2>\n\n\n\n<h2 class=\"wp-block-heading\"><em>*<\/em><em>A criterio del Terapeuta de Shiatsu o por solicitud del cliente, se combinan tambi\u00e9n con el Shiatsu, estiramientos, masaje Rolfing &#8211; Integraci\u00f3n Postural, as\u00ed como el uso opcional de Acu &#8211; P<\/em><em>untura Seca, Cinta Kinesio o micro-aguja japonesa de Hinaishin o estikers de Auriculoterapia.<\/em><\/h2>\n\n\n\n<h2 class=\"wp-block-heading\"><em>* Atendemos en Chame\/Coronado (Lunes, Viernes y S\u00e1bados). En Ciudad de Panam\u00e1 estamos los Martes, Mi\u00e8rcoles y Jueves en los tres Centros de Terapias Orientales.&nbsp; &nbsp; &nbsp; &nbsp; &nbsp; &nbsp; &nbsp; &nbsp; &nbsp; &nbsp; &nbsp; &nbsp; &nbsp; &nbsp; &nbsp; &nbsp; &nbsp; &nbsp; &nbsp; &nbsp; &nbsp; &nbsp; &nbsp; &nbsp; &nbsp; &nbsp; &nbsp; &nbsp; &nbsp; &nbsp; &nbsp; &nbsp; &nbsp; &nbsp; &nbsp; &nbsp; &nbsp; <\/em>Reserva Cita de Masaje&nbsp;o Terapia&nbsp;Shiatsu en el wathsapp 6559 1479 (Pablo) o&nbsp;6532 7319 (Antonia)<\/h2>\n\n\n\n<figure class=\"wp-block-image alignleft\"><a href=\"https:\/\/web.archive.org\/web\/20211203100016\/http:\/\/shiatsupanama.com\/es\/http:\/\/shiatsupanama.com\/es\/wp-content\/uploads\/2010\/06\/SALA-SHIATSU-panay1.jpg\"><img decoding=\"async\" src=\"https:\/\/web.archive.org\/web\/20211203100016im_\/http:\/\/shiatsupanama.com\/es\/http:\/\/shiatsupanama.com\/es\/wp-content\/uploads\/2010\/06\/SALA-SHIATSU-panay1-300x180.jpg\" alt=\"\" class=\"wp-image-4005\" title=\"SALA SHIATSU panay\"\/><\/a><\/figure>\n\n\n\n<p>Salas de Shiatsu&nbsp;en Chame \/ Coronado, atendidos por Pablo L\u00f3pez y Antonia Le\u00f3n<\/p>\n\n\n\n<h2 class=\"wp-block-heading\"><em>* Masaje o Terapia Shiatsu en Ciudad de Panam\u00e1. Todos los martes, mi\u00e9rcoles y jueves en los tres Centros de Terapias Orientales, entre las 10 am. y las 5 pm., previa petici\u00f3n de hora, al wathsapp 6559 1479 \u00f3 al 6532 7319.<\/em><\/h2>\n\n\n\n<h3 class=\"wp-block-heading\"><img loading=\"lazy\" decoding=\"async\" width=\"500\" height=\"375\" src=\"https:\/\/web.archive.org\/web\/20211203100016im_\/http:\/\/shiatsupanama.com\/images\/terapia_sesiones_01.jpg\" alt=\"\">&nbsp;&nbsp; &nbsp; &nbsp; &nbsp; &nbsp; &nbsp; &nbsp; &nbsp; &nbsp; &nbsp; &nbsp; &nbsp; &nbsp; &nbsp; &nbsp; &nbsp; &nbsp; &nbsp; &nbsp; &nbsp; &nbsp; &nbsp; &nbsp; &nbsp; &nbsp; &nbsp; <em>Pablo L\u00f3pez y Antonia Le\u00f3n son Terapeutas diplomados en Shiatsu (1993 &#8211; 1996) e Instructores Certificados de la Escuela Japonesa de Shiatsu de Madrid \u2013 Espa\u00f1a (2.000), Escuela &#8211; Cl\u00ecnica con la que colaboran desde 1995.<\/em><\/h3>\n\n\n\n<p class=\"has-medium-font-size\"><img loading=\"lazy\" decoding=\"async\" width=\"333\" height=\"377\" src=\"https:\/\/web.archive.org\/web\/20211203100016im_\/http:\/\/shiatsupanama.com\/images\/terapia_sesiones_02.jpg\" alt=\"\">&nbsp;Tambi\u00e8n e<em>stamos certificados y titulados en otras T\u00e9cnicas y Terapias, como la de Antonia Le\u00f2n en Acupuntura Japonesa y Coreana, m\u00e8todo Acurelax. Y la Licenciatura de Experto en Terapia Tradicional China y Acupuntura de Pablo L\u00f3pez, del Real Centro Universitario Mar\u00eda Cristina &#8211; Escorial de Madrid (Espa\u00f1a).&nbsp; <\/em><\/p>\n\n\n\n<p><\/p>\n\n\n\n<h2 class=\"wp-block-heading\"><em>*Es conveniente, siempre que no conozca a su terapeuta de Shiatsu, pregunte \u00a0por su formaci\u00f3n acad\u00e9mica y su experiencia profesional.\u00a0\u00a0\u00a0 Tambi\u00e9n debe comprobar sus diplomas o licenciaturas que deben estar expuestas en su\u00a0Web o su consulta.\u00a0Una sesi\u00f3n de una hora, de un\u00a0experto\u00a0titulado en Shiatsu, suele costar\u00a0entre 65 $\u00a0y 95 $ dependiendo del tiempo y el tratamiento. El Shiatsu terap\u00e9utico es un servicio a la salud hecho por profesionales diplomados.<\/em><\/h2>\n","protected":false},"excerpt":{"rendered":"<p>Una sesi\u00f3n completa de Shiatsu, como masaje o como terapia, dura aproximadamente una hora. Se realiza con presiones de las manos y especialmente con los dedos pulgares. Ayuda a la mejora de numerosas dolencias y afectaciones, especialmente de la espalda.&nbsp;La recepci\u00f3n de Shiatsu por todo el cuerpo provoca un efecto terap\u00e9utico m\u00e1s profundo que si [&hellip;]<\/p>\n","protected":false},"author":1,"featured_media":0,"parent":0,"menu_order":0,"comment_status":"closed","ping_status":"closed","template":"","meta":{"_et_pb_use_builder":"off","_et_pb_old_content":"","_et_gb_content_width":"1080","footnotes":""},"_links":{"self":[{"href":"https:\/\/shiatsupanama.com\/index.php?rest_route=\/wp\/v2\/pages\/66"}],"collection":[{"href":"https:\/\/shiatsupanama.com\/index.php?rest_route=\/wp\/v2\/pages"}],"about":[{"href":"https:\/\/shiatsupanama.com\/index.php?rest_route=\/wp\/v2\/types\/page"}],"author":[{"embeddable":true,"href":"https:\/\/shiatsupanama.com\/index.php?rest_route=\/wp\/v2\/users\/1"}],"replies":[{"embeddable":true,"href":"https:\/\/shiatsupanama.com\/index.php?rest_route=%2Fwp%2Fv2%2Fcomments&post=66"}],"version-history":[{"count":21,"href":"https:\/\/shiatsupanama.com\/index.php?rest_route=\/wp\/v2\/pages\/66\/revisions"}],"predecessor-version":[{"id":483,"href":"https:\/\/shiatsupanama.com\/index.php?rest_route=\/wp\/v2\/pages\/66\/revisions\/483"}],"wp:attachment":[{"href":"https:\/\/shiatsupanama.com\/index.php?rest_route=%2Fwp%2Fv2%2Fmedia&parent=66"}],"curies":[{"name":"wp","href":"https:\/\/api.w.org\/{rel}","templated":true}]}}