{"id":54,"date":"2023-10-19T20:26:14","date_gmt":"2023-10-19T18:26:14","guid":{"rendered":"http:\/\/shiatsupanama.com\/?page_id=54"},"modified":"2025-09-02T03:02:35","modified_gmt":"2025-09-02T01:02:35","slug":"shiatsu","status":"publish","type":"page","link":"https:\/\/shiatsupanama.com\/?page_id=54","title":{"rendered":"Shiatsu \/ Masaje Japon\u00e8s"},"content":{"rendered":"\n<h2 class=\"wp-block-heading\"><em>El Shiatsu est\u00e1 definido por el Ministerio de Salud de Jap\u00f3n, tras su legalizaci\u00f3n en 1955, como un \u201cTratamiento que aplicando presiones con los dedos pulgares y las palmas de las manos sobre determinados puntos, corrige irregularidades, mantiene y mejora la salud, y contribuye a aliviar ciertas enfermedades (molestias, estr\u00e9s, trastornos nerviosos, etc., activando as\u00ed mismo el poder de autocuraci\u00f3n del cuerpo humano. No tiene efectos secundarios.<\/em><\/h2>\n\n\n\n<h2 class=\"wp-block-heading\"><em>&nbsp;Literalmente la traducci\u00f3n de Shi-atsu es Dedo-presi\u00f3n o sea Presi\u00f3n con los dedos, principalmente los pulgares que son los que realizan gran parte del trabajo en una sesi\u00f3n.<\/em><\/h2>\n\n\n\n<h2 class=\"wp-block-heading\"><em>\u00a0Shiatsu es m\u00e1s que un masaje. Es una terapia, usado tanto para promover relajaci\u00f3n como para la mejora y alivio de muchas dolencias de la vida moderna, relacionadas con tensiones f\u00ecsicas, mentales o emocionales.<\/em> Asi mismo la utilizamos en tratamientos para todos los dolores de espalda y del cuerpo, embarazo, post-parto, fertilidad &#8211; sexualidad, y otras dolencias por estr\u00e8s o alteraciones psicosom\u00e0ticas.<\/h2>\n\n\n\n<h2 class=\"wp-block-heading\"><em>\u00a0Hay que considerar tambi\u00e9n que el Shiatsu se puede recibir, aprender o practicar en el \u00e1mbito familiar. Es de gran ayuda para la mejora f\u00edsica y an\u00edmica. Propicia el contacto corporal humano y utiliza una combinaci\u00f3n de t\u00e9cnica, capacidad curativa manual y amor, para ayudar y mejorar el bienestar f\u00edsico y emocional.<\/em><\/h2>\n\n\n\n<h2 class=\"wp-block-heading\"><em>&nbsp;La pr\u00e1ctica del Shiatsu Terap\u00e9utico implica la formaci\u00f3n correcta del experto en esta t\u00e9cnica. Ello implica tres a\u00f1os de formaci\u00f3n en alguna de las escuelas cualificadas en el mundo.<\/em><\/h2>\n\n\n\n<h2 class=\"wp-block-heading\"><em>&nbsp;El Shiatsu puede considerarse como una excelente medicina natural preventiva y paliativa. Si se reciben sesiones de Shiatsu con asiduidad nuestro cuerpo se hace m\u00e1s consciente y nuestras defensas aumentan. As\u00ed mismo aumenta la capacidad de \u201cautorregulaci\u00f3n\u201d o \u201ccuraci\u00f3n\u201d de nuestro cuerpo que habitualmente tenemos debilitada o poco activa.<\/em><\/h2>\n\n\n\n<figure class=\"wp-block-image\"><img decoding=\"async\" src=\"https:\/\/web.archive.org\/web\/20211203105913im_\/http:\/\/shiatsupanama.com\/images\/que_definicion_03.jpg\" alt=\"\"\/><\/figure>\n\n\n\n<figure class=\"wp-block-image\"><img decoding=\"async\" src=\"https:\/\/web.archive.org\/web\/20211203105913im_\/http:\/\/shiatsupanama.com\/images\/que_definicion_04.jpg\" alt=\"\"\/><\/figure>\n\n\n\n<h2 class=\"wp-block-heading\"><em>Tras d\u00e9cadas de pr\u00e1ctica y evoluci\u00f3n han sido creadas en el mundo diferentes l\u00edneas terap\u00e9uticas, paliativas, relajantes y algunas otras que se alejan de su esencia original.<\/em><\/h2>\n\n\n\n<h2 class=\"wp-block-heading\"><em>&nbsp;V\u00e1lido es cualquier masaje o terapia que ayude, mejore o sane. Pero Shiatsu es Shiatsu, y no deben llamarse as\u00ed otras formas de terapia o masaje que no lo sean realmente.<\/em><\/h2>\n\n\n\n<h2 class=\"wp-block-heading\"><em>&nbsp;La personalizaci\u00f3n del trabajo en cada sesi\u00f3n individual, as\u00ed como la concentraci\u00f3n y la entrega del terapeuta, hacen que cada persona reciba con el Shiatsu el est\u00edmulo adecuado a su necesidad real en ese momento.<\/em><\/h2>\n","protected":false},"excerpt":{"rendered":"<p>El Shiatsu est\u00e1 definido por el Ministerio de Salud de Jap\u00f3n, tras su legalizaci\u00f3n en 1955, como un \u201cTratamiento que aplicando presiones con los dedos pulgares y las palmas de las manos sobre determinados puntos, corrige irregularidades, mantiene y mejora la salud, y contribuye a aliviar ciertas enfermedades (molestias, estr\u00e9s, trastornos nerviosos, etc., activando as\u00ed [&hellip;]<\/p>\n","protected":false},"author":1,"featured_media":0,"parent":0,"menu_order":0,"comment_status":"closed","ping_status":"closed","template":"","meta":{"_et_pb_use_builder":"off","_et_pb_old_content":"","_et_gb_content_width":"1080","footnotes":""},"_links":{"self":[{"href":"https:\/\/shiatsupanama.com\/index.php?rest_route=\/wp\/v2\/pages\/54"}],"collection":[{"href":"https:\/\/shiatsupanama.com\/index.php?rest_route=\/wp\/v2\/pages"}],"about":[{"href":"https:\/\/shiatsupanama.com\/index.php?rest_route=\/wp\/v2\/types\/page"}],"author":[{"embeddable":true,"href":"https:\/\/shiatsupanama.com\/index.php?rest_route=\/wp\/v2\/users\/1"}],"replies":[{"embeddable":true,"href":"https:\/\/shiatsupanama.com\/index.php?rest_route=%2Fwp%2Fv2%2Fcomments&post=54"}],"version-history":[{"count":5,"href":"https:\/\/shiatsupanama.com\/index.php?rest_route=\/wp\/v2\/pages\/54\/revisions"}],"predecessor-version":[{"id":485,"href":"https:\/\/shiatsupanama.com\/index.php?rest_route=\/wp\/v2\/pages\/54\/revisions\/485"}],"wp:attachment":[{"href":"https:\/\/shiatsupanama.com\/index.php?rest_route=%2Fwp%2Fv2%2Fmedia&parent=54"}],"curies":[{"name":"wp","href":"https:\/\/api.w.org\/{rel}","templated":true}]}}