{"id":129,"date":"2023-10-25T20:32:27","date_gmt":"2023-10-25T18:32:27","guid":{"rendered":"https:\/\/shiatsupanama.com\/?page_id=129"},"modified":"2023-10-25T20:35:19","modified_gmt":"2023-10-25T18:35:19","slug":"articulos","status":"publish","type":"page","link":"https:\/\/shiatsupanama.com\/?page_id=129","title":{"rendered":"Art\u00edculos"},"content":{"rendered":"\n<h3 class=\"wp-block-heading\"><em>En esta p\u00e1gina podr\u00e1 encontrar art\u00edculos y&nbsp;libros relacionados con la salud hol\u00edstica y el mundo del Shiatsu.<\/em><\/h3>\n\n\n\n<p>******************************************************************************************************************<\/p>\n\n\n\n<figure class=\"wp-block-embed\"><div class=\"wp-block-embed__wrapper\">\nhttps:\/\/shiatsudo.com\/shiatsu-medicina\/?fbclid=IwAR13QDfbTbDR_0w7s1gLatb8VEqG1yv8Bw13UisYsBh0yZHMF8SJgTHLMIE\n<\/div><\/figure>\n\n\n\n<p><a href=\"https:\/\/web.archive.org\/web\/20210509102557\/http:\/\/shiatsupanama.com\/es\/http:\/\/shiatsupanama.com\/es\/wp-content\/uploads\/2010\/06\/INVESTIGACIONES-CIENTIFICAS.doc\">INVESTIGACIONES MEDICAS SOBRE SHIATSU<\/a><\/p>\n\n\n\n<p>Dr. federico Santamar\u00eda: https:\/\/www.youtube.com\/watch?v=AUZ1KTX_j3c<\/p>\n\n\n\n<p><a href=\"https:\/\/web.archive.org\/web\/20210509102557\/http:\/\/shiatsupanama.com\/es\/http:\/\/shiatsupanama.com\/es\/wp-content\/uploads\/2010\/06\/Entrevista_a_Pablo-Lopez-Rev.-Ox%C3%ADgeno-07-03-2007.pdf\">Entrevista a Pablo L\u00f3pez en la revista Ox\u00edgeno (7-3-2007)<\/a><\/p>\n\n\n\n<p><a href=\"https:\/\/web.archive.org\/web\/20210509102557\/http:\/\/shiatsupanama.com\/es\/http:\/\/shiatsupanama.com\/es\/wp-content\/uploads\/2010\/06\/La-Prensa-Shiatsu-Posada.pdf\">La Prensa Shiatsu Posada<\/a><\/p>\n\n\n\n<p><a href=\"https:\/\/web.archive.org\/web\/20210509102557\/http:\/\/shiatsupanama.com\/es\/http:\/\/shiatsupanama.com\/es\/wp-content\/uploads\/2010\/06\/CLASES-CARCEL-1987.pdf\">CLASES EN CARCELES 1987<\/a><\/p>\n\n\n\n<p><a href=\"https:\/\/web.archive.org\/web\/20210509102557\/http:\/\/shiatsupanama.com\/es\/http:\/\/shiatsupanama.com\/es\/wp-content\/uploads\/2010\/06\/CHAMANES-MEDICOS-Y-SALUD.docx\">CHAMANES, MEDICOS Y SALUD<\/a><\/p>\n\n\n\n<h3 class=\"wp-block-heading\"><a href=\"https:\/\/web.archive.org\/web\/20210509102557\/http:\/\/shiatsupanama.com\/es\/http:\/\/shiatsupanama.com\/es\/wp-content\/uploads\/2010\/06\/El-cuerpo-grita-lo-que-la-boca-calla1.docx\"><em>El cuerpo grita lo que la boca calla<\/em><\/a><\/h3>\n\n\n\n<p><a href=\"https:\/\/web.archive.org\/web\/20210509102557\/http:\/\/shiatsupanama.com\/es\/http:\/\/shiatsupanama.com\/es\/wp-content\/uploads\/2010\/06\/PSICONEUROINMUNOBIOLOGIA.doc\">PSICONEUROINMUNOBIOLOGIA<\/a><\/p>\n\n\n\n<p><a href=\"https:\/\/web.archive.org\/web\/20210509102557\/http:\/\/shiatsupanama.com\/es\/http:\/\/shiatsupanama.com\/es\/wp-content\/uploads\/2010\/06\/ELCUERPOHUMANOTRANSLUCIDO.pps\">ELCUERPOHUMANOTRANSLUCIDO<\/a><\/p>\n\n\n\n<p>*****************************************************************************************************************************************************<\/p>\n\n\n\n<h1 class=\"wp-block-heading\"><em>&nbsp;<\/em><em>\u00c9poca de cambios:&nbsp;<\/em><\/h1>\n\n\n\n<p><em>&nbsp;<\/em><em><strong>Ya nadie duda de que nos estamos acercando a un momento inexorable de nuestra historia como especie. Ni los escepticos pueden negar que algo est\u00e1 sucediendo a nivel planetario, algo que va mas all\u00e1 de los conflictos sociales y ecol\u00f3gicos, o la transformaci\u00f3n del paradigma cient\u00edfico.<\/strong><strong><br>Para los que vivimos esta realidad como una experiencia energ\u00e9tica de expansi\u00f3n y conexi\u00f3n, los tiempos se han ido acelerando. Crecimientos abruptos, ruptura de v\u00ednculos, desaparici\u00f3n de dolencias casi sin mediar tratamiento, percepciones acrecentadas, sincronicidades sin l\u00edmite.<br>Parece que estuvieramos viviendo en un parque de diversiones monumental en donde de pronto se han activado todos los efectos especiales, mientras nosotros probamos todos los juegos a la vez.<br>A veces es divertido, a veces es estremecedor, pero all\u00ed seguimos, encontrandole un prop\u00f3sito a cada experiencia, sintiendo cada momento como si fuera el \u00faltimo.<br>Algunos han encontrado su propia br\u00fajula para mantenerse en eje. Otros, reci\u00e9n ahora se est\u00e1n dando cuenta de que necesitan una antes de que la realidad se termine de desmoronar sobre sus cabezas.<br>Desde esta editorial, hoy, quiero sugerirles doce pasos para&nbsp;ser felices.<\/strong><\/em><\/p>\n\n\n\n<h3 class=\"wp-block-heading\"><br><strong>1. MEDITACION DIARIA<\/strong><strong><br>&nbsp;&nbsp;&nbsp;&nbsp;&nbsp;&nbsp;&nbsp;&nbsp;&nbsp;&nbsp;&nbsp;&nbsp;&nbsp;&nbsp;&nbsp;&nbsp;&nbsp;&nbsp;&nbsp;&nbsp;&nbsp;&nbsp;&nbsp;&nbsp;&nbsp;&nbsp;&nbsp;&nbsp;&nbsp;&nbsp;&nbsp;&nbsp;&nbsp;&nbsp;&nbsp;&nbsp;&nbsp;&nbsp;&nbsp;&nbsp;&nbsp;&nbsp;&nbsp;&nbsp;&nbsp;&nbsp;&nbsp;&nbsp;&nbsp;&nbsp;&nbsp;&nbsp;&nbsp;&nbsp;&nbsp;&nbsp;&nbsp;&nbsp;&nbsp;&nbsp;&nbsp;&nbsp;&nbsp;&nbsp;&nbsp;&nbsp;&nbsp;&nbsp;&nbsp;&nbsp;&nbsp;&nbsp;&nbsp;&nbsp;&nbsp;&nbsp;&nbsp;&nbsp;&nbsp;&nbsp;&nbsp;&nbsp;&nbsp;&nbsp;&nbsp;&nbsp;&nbsp;&nbsp;&nbsp;&nbsp;&nbsp;&nbsp;&nbsp;&nbsp;&nbsp;&nbsp;&nbsp;&nbsp;&nbsp;&nbsp;&nbsp;&nbsp;&nbsp;&nbsp;&nbsp;&nbsp;&nbsp;&nbsp;&nbsp;&nbsp;&nbsp;&nbsp;&nbsp;&nbsp;&nbsp;&nbsp;&nbsp;&nbsp;&nbsp;&nbsp;&nbsp;&nbsp;&nbsp;&nbsp;&nbsp;&nbsp;&nbsp;&nbsp;&nbsp;&nbsp;&nbsp;&nbsp;&nbsp;&nbsp;&nbsp;&nbsp;&nbsp;&nbsp;&nbsp;&nbsp;&nbsp; Ayer era recomendable, hoy es imprescindible. La meditaci\u00f3n diaria es el combustible de nuestro cuerpo y nuestra alma para recorrer este tiempo. Haganlo de manera simple: tres fases, respiraci\u00f3n conciente, relajaci\u00f3n corporal, llegada de luz. Cuanto mas simple, mas facil ser\u00e1 incorporarla como h\u00e1bito.<\/strong><\/h3>\n\n\n\n<h3 class=\"wp-block-heading\"><br><strong>2. INTENCION CLARA<\/strong><strong><br>&nbsp;&nbsp;&nbsp;&nbsp;&nbsp;&nbsp;&nbsp;&nbsp;&nbsp;&nbsp;&nbsp;&nbsp;&nbsp;&nbsp;&nbsp;&nbsp;&nbsp;&nbsp;&nbsp;&nbsp;&nbsp;&nbsp;&nbsp;&nbsp;&nbsp;&nbsp;&nbsp;&nbsp;&nbsp;&nbsp;&nbsp;&nbsp;&nbsp;&nbsp;&nbsp;&nbsp;&nbsp;&nbsp;&nbsp;&nbsp;&nbsp;&nbsp;&nbsp;&nbsp;&nbsp;&nbsp;&nbsp;&nbsp;&nbsp;&nbsp;&nbsp;&nbsp;&nbsp;&nbsp;&nbsp;&nbsp;&nbsp;&nbsp;&nbsp;&nbsp;&nbsp;&nbsp;&nbsp;&nbsp;&nbsp;&nbsp;&nbsp;&nbsp;&nbsp;&nbsp;&nbsp;&nbsp;&nbsp;&nbsp;&nbsp;&nbsp;&nbsp;&nbsp;&nbsp;&nbsp;&nbsp;&nbsp;&nbsp;&nbsp;&nbsp;&nbsp;&nbsp;&nbsp;&nbsp;&nbsp;&nbsp;&nbsp;&nbsp;&nbsp;&nbsp;&nbsp;&nbsp;&nbsp;&nbsp;&nbsp;&nbsp;&nbsp;&nbsp;&nbsp;&nbsp;&nbsp;&nbsp;&nbsp;&nbsp;&nbsp;&nbsp;&nbsp;&nbsp;&nbsp;&nbsp;&nbsp;&nbsp;&nbsp;&nbsp;&nbsp;&nbsp;&nbsp;&nbsp;&nbsp;&nbsp;&nbsp;&nbsp;&nbsp;&nbsp;&nbsp;&nbsp;&nbsp;&nbsp;&nbsp;&nbsp;&nbsp;&nbsp;&nbsp;&nbsp;&nbsp;&nbsp;&nbsp;&nbsp;&nbsp; No podemos continuar viviendo cada d\u00eda como quien se sube a un avi\u00f3n y le dice al piloto: llevame adonde quieras. Necesitamos un mapa. Cada ma\u00f1ana, escriban en sus cuadernos cuatro cosas: la intenci\u00f3n del d\u00eda, la intenci\u00f3n del mes, la intenci\u00f3n para el a\u00f1o, y la intenci\u00f3n de toda la vida. Puede que vaya cambiando diariamente, pero va a sostener sus acciones.<\/strong><\/h3>\n\n\n\n<h3 class=\"wp-block-heading\"><br><strong>3. REGISTRO DE SUE\u00d1OS<\/strong><strong><br>&nbsp;&nbsp;&nbsp;&nbsp;&nbsp;&nbsp;&nbsp;&nbsp;&nbsp;&nbsp;&nbsp;&nbsp;&nbsp;&nbsp;&nbsp;&nbsp;&nbsp;&nbsp;&nbsp;&nbsp;&nbsp;&nbsp;&nbsp;&nbsp;&nbsp;&nbsp;&nbsp;&nbsp;&nbsp;&nbsp;&nbsp;&nbsp;&nbsp;&nbsp;&nbsp;&nbsp;&nbsp;&nbsp;&nbsp;&nbsp;&nbsp;&nbsp;&nbsp;&nbsp;&nbsp;&nbsp;&nbsp;&nbsp;&nbsp;&nbsp;&nbsp;&nbsp;&nbsp;&nbsp;&nbsp;&nbsp;&nbsp;&nbsp;&nbsp;&nbsp;&nbsp;&nbsp;&nbsp;&nbsp;&nbsp;&nbsp;&nbsp;&nbsp;&nbsp;&nbsp;&nbsp;&nbsp;&nbsp;&nbsp;&nbsp;&nbsp;&nbsp;&nbsp;&nbsp;&nbsp;&nbsp;&nbsp;&nbsp;&nbsp;&nbsp;&nbsp;&nbsp;&nbsp;&nbsp;&nbsp;&nbsp;&nbsp;&nbsp;&nbsp;&nbsp;&nbsp;&nbsp;&nbsp;&nbsp;&nbsp;&nbsp;&nbsp;&nbsp;&nbsp;&nbsp;&nbsp;&nbsp;&nbsp;&nbsp;&nbsp;&nbsp;&nbsp;&nbsp;&nbsp;&nbsp;&nbsp;&nbsp;&nbsp;&nbsp;&nbsp;&nbsp;&nbsp;&nbsp;&nbsp;&nbsp;&nbsp;&nbsp;&nbsp;&nbsp;&nbsp;&nbsp;&nbsp;&nbsp; Nuestros sue\u00f1os nos est\u00e1n guiando en la direcci\u00f3n de nuestra evoluci\u00f3n. Siempre lo han hecho, pero ahora se ha vuelto mucho mas necesario que prestemos atenci\u00f3n a lo que dicen. Practiquen la memoria del sue\u00f1o, registren aunque no lo entiendan, compartanlos con otros.<\/strong><\/h3>\n\n\n\n<h3 class=\"wp-block-heading\"><strong><br>4. DESAPEGO RADICAL<br>&nbsp;&nbsp;&nbsp;&nbsp;&nbsp;&nbsp;&nbsp;&nbsp;&nbsp;&nbsp;&nbsp;&nbsp;&nbsp;&nbsp;&nbsp;&nbsp;&nbsp;&nbsp;&nbsp;&nbsp;&nbsp;&nbsp;&nbsp;&nbsp;&nbsp;&nbsp;&nbsp;&nbsp;&nbsp;&nbsp;&nbsp;&nbsp;&nbsp;&nbsp;&nbsp;&nbsp;&nbsp;&nbsp;&nbsp;&nbsp;&nbsp;&nbsp;&nbsp;&nbsp;&nbsp;&nbsp;&nbsp;&nbsp;&nbsp;&nbsp;&nbsp;&nbsp;&nbsp;&nbsp;&nbsp;&nbsp;&nbsp;&nbsp;&nbsp;&nbsp;&nbsp;&nbsp;&nbsp;&nbsp;&nbsp;&nbsp;&nbsp;&nbsp;&nbsp;&nbsp;&nbsp;&nbsp;&nbsp;&nbsp;&nbsp;&nbsp;&nbsp;&nbsp;&nbsp;&nbsp;&nbsp;&nbsp;&nbsp;&nbsp;&nbsp;&nbsp;&nbsp;&nbsp;&nbsp;&nbsp;&nbsp;&nbsp;&nbsp;&nbsp;&nbsp;&nbsp;&nbsp;&nbsp;&nbsp;&nbsp;&nbsp;&nbsp;&nbsp;&nbsp;&nbsp;&nbsp;&nbsp;&nbsp;&nbsp;&nbsp;&nbsp;&nbsp;&nbsp;&nbsp;&nbsp;&nbsp;&nbsp;&nbsp;&nbsp;&nbsp;&nbsp;&nbsp;&nbsp;&nbsp;&nbsp;&nbsp;&nbsp;&nbsp;&nbsp;&nbsp;&nbsp;&nbsp;&nbsp; Antiguas relaciones y personajes del pasado se est\u00e1n presentando en nuestro campo. El prop\u00f3sito es que terminemos de cerrar todos los cabos sueltos, desapegandonos de aquello que refleja nuestra antigua forma de ser. Despidanse de manera genuina, con cartas de despedida que incluyan: agradecimiento, perd\u00f3n y asumir la responsabilidad del corte. Descubrir\u00e1n que reciben a cambio una energ\u00eda extraordinaria.<\/strong><\/h3>\n\n\n\n<h3 class=\"wp-block-heading\"><br><strong>5. REDES SOCIALES<\/strong><strong><br>&nbsp;&nbsp;&nbsp;&nbsp;&nbsp;&nbsp;&nbsp;&nbsp;&nbsp;&nbsp;&nbsp;&nbsp;&nbsp;&nbsp;&nbsp;&nbsp;&nbsp;&nbsp;&nbsp;&nbsp;&nbsp;&nbsp;&nbsp;&nbsp;&nbsp;&nbsp;&nbsp;&nbsp;&nbsp;&nbsp;&nbsp;&nbsp;&nbsp;&nbsp;&nbsp;&nbsp;&nbsp;&nbsp;&nbsp;&nbsp;&nbsp;&nbsp;&nbsp;&nbsp;&nbsp;&nbsp;&nbsp;&nbsp;&nbsp;&nbsp;&nbsp;&nbsp;&nbsp;&nbsp;&nbsp;&nbsp;&nbsp;&nbsp;&nbsp;&nbsp;&nbsp;&nbsp;&nbsp;&nbsp;&nbsp;&nbsp;&nbsp;&nbsp;&nbsp;&nbsp;&nbsp;&nbsp;&nbsp;&nbsp;&nbsp;&nbsp;&nbsp;&nbsp;&nbsp;&nbsp;&nbsp;&nbsp;&nbsp;&nbsp;&nbsp;&nbsp;&nbsp;&nbsp;&nbsp;&nbsp;&nbsp;&nbsp;&nbsp;&nbsp;&nbsp;&nbsp;&nbsp;&nbsp;&nbsp;&nbsp;&nbsp;&nbsp;&nbsp;&nbsp;&nbsp;&nbsp;&nbsp;&nbsp;&nbsp;&nbsp;&nbsp;&nbsp;&nbsp;&nbsp;&nbsp;&nbsp;&nbsp;&nbsp;&nbsp;&nbsp;&nbsp;&nbsp;&nbsp;&nbsp;&nbsp;&nbsp;&nbsp;&nbsp;&nbsp;&nbsp;&nbsp; Re\u00fananse con sus pares, con aquellos que comparten esta filosof\u00eda de vida. El cambio nos encontrar\u00e1 reunidos. Participen en eventos, exposiciones, meditaciones globales, foros\u2026mantenganse conectados. Asistan a cursos, seminarios. Generen sus propios c\u00edrculos sagrados.<\/strong><\/h3>\n\n\n\n<h3 class=\"wp-block-heading\"><br><strong>6. RITUALES CON LA TIERRA<\/strong><strong><br>&nbsp;&nbsp;&nbsp;&nbsp;&nbsp;&nbsp;&nbsp;&nbsp;&nbsp;&nbsp;&nbsp;&nbsp;&nbsp;&nbsp;&nbsp;&nbsp;&nbsp;&nbsp;&nbsp;&nbsp;&nbsp;&nbsp;&nbsp;&nbsp;&nbsp;&nbsp;&nbsp;&nbsp;&nbsp;&nbsp;&nbsp;&nbsp;&nbsp;&nbsp;&nbsp;&nbsp;&nbsp;&nbsp;&nbsp;&nbsp;&nbsp;&nbsp;&nbsp;&nbsp;&nbsp;&nbsp;&nbsp;&nbsp;&nbsp;&nbsp;&nbsp;&nbsp;&nbsp;&nbsp;&nbsp;&nbsp;&nbsp;&nbsp;&nbsp;&nbsp;&nbsp;&nbsp;&nbsp;&nbsp;&nbsp;&nbsp;&nbsp;&nbsp;&nbsp;&nbsp;&nbsp;&nbsp;&nbsp;&nbsp;&nbsp;&nbsp;&nbsp;&nbsp;&nbsp;&nbsp;&nbsp;&nbsp;&nbsp;&nbsp;&nbsp;&nbsp;&nbsp;&nbsp;&nbsp;&nbsp;&nbsp;&nbsp;&nbsp;&nbsp;&nbsp;&nbsp;&nbsp;&nbsp;&nbsp;&nbsp;&nbsp;&nbsp;&nbsp;&nbsp;&nbsp;&nbsp;&nbsp;&nbsp;&nbsp;&nbsp;&nbsp;&nbsp;&nbsp;&nbsp;&nbsp;&nbsp;&nbsp;&nbsp;&nbsp;&nbsp;&nbsp;&nbsp;&nbsp;&nbsp;&nbsp;&nbsp;&nbsp;&nbsp;&nbsp;&nbsp;&nbsp;&nbsp;&nbsp;&nbsp;&nbsp;&nbsp;&nbsp;&nbsp;&nbsp;&nbsp;&nbsp;&nbsp;&nbsp;&nbsp;&nbsp; La Madre Tierra&nbsp;est\u00e1 evolucionando junto con nosotros. De hecho, ella es la iniciadora de este movimiento y la raz\u00f3n fundante de que estemos girando hacia un destino superior. Es la nave que nos lleva a trav\u00e9s del cosmos. Hagamos rituales de la manera mas simple y universal: dejando una ofrenda de alimento y amor, a ella y sus criaturas.<\/strong><\/h3>\n\n\n\n<h3 class=\"wp-block-heading\"><br><strong>7. TIEMPO EN LA NATURALEZA<\/strong><strong><br>&nbsp;&nbsp;&nbsp;&nbsp;&nbsp;&nbsp;&nbsp;&nbsp;&nbsp;&nbsp;&nbsp;&nbsp;&nbsp;&nbsp;&nbsp;&nbsp;&nbsp;&nbsp;&nbsp;&nbsp;&nbsp;&nbsp;&nbsp;&nbsp;&nbsp;&nbsp;&nbsp;&nbsp;&nbsp;&nbsp;&nbsp;&nbsp;&nbsp;&nbsp;&nbsp;&nbsp;&nbsp;&nbsp;&nbsp;&nbsp;&nbsp;&nbsp;&nbsp;&nbsp;&nbsp;&nbsp;&nbsp;&nbsp;&nbsp;&nbsp;&nbsp;&nbsp;&nbsp;&nbsp;&nbsp;&nbsp;&nbsp;&nbsp;&nbsp;&nbsp;&nbsp;&nbsp;&nbsp;&nbsp;&nbsp;&nbsp;&nbsp;&nbsp;&nbsp;&nbsp;&nbsp;&nbsp;&nbsp;&nbsp;&nbsp;&nbsp;&nbsp;&nbsp;&nbsp;&nbsp;&nbsp;&nbsp;&nbsp;&nbsp;&nbsp;&nbsp;&nbsp;&nbsp;&nbsp;&nbsp;&nbsp;&nbsp;&nbsp;&nbsp;&nbsp;&nbsp;&nbsp;&nbsp;&nbsp;&nbsp;&nbsp;&nbsp;&nbsp;&nbsp;&nbsp;&nbsp;&nbsp;&nbsp;&nbsp;&nbsp;&nbsp;&nbsp;&nbsp;&nbsp;&nbsp;&nbsp;&nbsp;&nbsp;&nbsp;&nbsp;&nbsp;&nbsp;&nbsp;&nbsp;&nbsp;&nbsp;&nbsp;&nbsp;&nbsp;&nbsp;&nbsp;&nbsp;&nbsp;&nbsp;&nbsp;&nbsp;&nbsp; Salgan al sol, aunque sea en la terraza, aunque est\u00e9 lloviendo\u2026tomen contacto con la energ\u00eda natural en toda oportunidad que tengan. Caminen en lugar de tomar un taxi, observen las se\u00f1ales del viento, las plumas, las nubes, planten un \u00e1rbol. Carguense de vitalidad y pureza.<\/strong><\/h3>\n\n\n\n<h3 class=\"wp-block-heading\"><br><strong>8. ARTE<\/strong><strong><br>&nbsp;&nbsp;&nbsp;&nbsp;&nbsp;&nbsp;&nbsp;&nbsp;&nbsp;&nbsp;&nbsp;&nbsp;&nbsp;&nbsp;&nbsp;&nbsp;&nbsp;&nbsp;&nbsp;&nbsp;&nbsp;&nbsp;&nbsp;&nbsp;&nbsp;&nbsp;&nbsp;&nbsp;&nbsp;&nbsp;&nbsp;&nbsp;&nbsp;&nbsp;&nbsp;&nbsp;&nbsp;&nbsp;&nbsp;&nbsp;&nbsp;&nbsp;&nbsp;&nbsp;&nbsp;&nbsp;&nbsp;&nbsp;&nbsp;&nbsp;&nbsp;&nbsp;&nbsp;&nbsp;&nbsp;&nbsp;&nbsp;&nbsp;&nbsp;&nbsp;&nbsp;&nbsp;&nbsp;&nbsp;&nbsp;&nbsp;&nbsp;&nbsp;&nbsp;&nbsp;&nbsp;&nbsp;&nbsp;&nbsp;&nbsp;&nbsp;&nbsp;&nbsp;&nbsp;&nbsp;&nbsp;&nbsp;&nbsp;&nbsp;&nbsp;&nbsp;&nbsp;&nbsp;&nbsp;&nbsp;&nbsp;&nbsp;&nbsp;&nbsp;&nbsp;&nbsp;&nbsp;&nbsp;&nbsp;&nbsp;&nbsp;&nbsp;&nbsp;&nbsp;&nbsp;&nbsp;&nbsp;&nbsp;&nbsp;&nbsp;&nbsp;&nbsp;&nbsp;&nbsp;&nbsp;&nbsp;&nbsp;&nbsp;&nbsp;&nbsp;&nbsp;&nbsp;&nbsp;&nbsp;&nbsp;&nbsp;&nbsp;&nbsp; Expresense creativamente, aun cuando sientan que no tienen capacidad artistica. El arte es una cualidad inherente a la especie, solo que nos han condicionado para aceptar solamente ciertas formas creativas. Pinten, modelen, dibujen, canten, dancen, actuen. Haganlo solos o con otras personas pero permitan que el alma hable en su propio c\u00f3digo, que es el del arte.<\/strong><\/h3>\n\n\n\n<h3 class=\"wp-block-heading\"><strong><br>9. AFERRENSE A SUS SUE\u00d1OS<br>&nbsp;&nbsp;&nbsp;&nbsp;&nbsp;&nbsp;&nbsp;&nbsp;&nbsp;&nbsp;&nbsp;&nbsp;&nbsp;&nbsp;&nbsp;&nbsp;&nbsp;&nbsp;&nbsp;&nbsp;&nbsp;&nbsp;&nbsp;&nbsp;&nbsp;&nbsp;&nbsp;&nbsp;&nbsp;&nbsp;&nbsp;&nbsp;&nbsp;&nbsp;&nbsp;&nbsp;&nbsp;&nbsp;&nbsp;&nbsp;&nbsp;&nbsp;&nbsp;&nbsp;&nbsp;&nbsp;&nbsp;&nbsp;&nbsp;&nbsp;&nbsp;&nbsp;&nbsp;&nbsp;&nbsp;&nbsp;&nbsp;&nbsp;&nbsp;&nbsp;&nbsp;&nbsp;&nbsp;&nbsp;&nbsp;&nbsp;&nbsp;&nbsp;&nbsp;&nbsp;&nbsp;&nbsp;&nbsp;&nbsp;&nbsp;&nbsp;&nbsp;&nbsp;&nbsp;&nbsp;&nbsp;&nbsp;&nbsp;&nbsp;&nbsp;&nbsp;&nbsp;&nbsp;&nbsp;&nbsp;&nbsp;&nbsp;&nbsp;&nbsp;&nbsp;&nbsp;&nbsp;&nbsp;&nbsp;&nbsp;&nbsp;&nbsp;&nbsp;&nbsp;&nbsp;&nbsp;&nbsp;&nbsp;&nbsp;&nbsp;&nbsp;&nbsp;&nbsp;&nbsp;&nbsp;&nbsp;&nbsp;&nbsp;&nbsp;&nbsp;&nbsp;&nbsp;&nbsp;&nbsp;&nbsp;&nbsp;&nbsp;&nbsp;&nbsp;&nbsp;&nbsp;&nbsp;&nbsp;&nbsp;&nbsp;&nbsp;&nbsp;&nbsp;&nbsp;&nbsp; Cada alma tiene un sue\u00f1o, y ese es su Norte. Encuentren lo que los hace felices y sigan su huella. Abandonen definitivamente todos aquellos prejuicios y creencias limitantes que les dicen lo que \u201ces posible\u201d y lo que no. Cuando lleguemos al momento que nos espera como especie, no nos servir\u00e1 de nada haber hecho las cosas segun \u201cse esperaba de nosotros\u201d. Encuentren su misi\u00f3n Ya mismo.<\/strong><\/h3>\n\n\n\n<h3 class=\"wp-block-heading\"><br><strong>10. LIMPIEZA KARMICA<\/strong><strong><br>&nbsp;&nbsp;&nbsp;&nbsp;&nbsp;&nbsp;&nbsp;&nbsp;&nbsp;&nbsp;&nbsp;&nbsp;&nbsp;&nbsp;&nbsp;&nbsp;&nbsp;&nbsp;&nbsp;&nbsp;&nbsp;&nbsp;&nbsp;&nbsp;&nbsp;&nbsp;&nbsp;&nbsp;&nbsp;&nbsp;&nbsp;&nbsp;&nbsp;&nbsp;&nbsp;&nbsp;&nbsp;&nbsp;&nbsp;&nbsp;&nbsp;&nbsp;&nbsp;&nbsp;&nbsp;&nbsp;&nbsp;&nbsp;&nbsp;&nbsp;&nbsp;&nbsp;&nbsp;&nbsp;&nbsp;&nbsp;&nbsp;&nbsp;&nbsp;&nbsp;&nbsp;&nbsp;&nbsp;&nbsp;&nbsp;&nbsp;&nbsp;&nbsp;&nbsp;&nbsp;&nbsp;&nbsp;&nbsp;&nbsp;&nbsp;&nbsp;&nbsp;&nbsp;&nbsp;&nbsp;&nbsp;&nbsp;&nbsp;&nbsp;&nbsp;&nbsp;&nbsp;&nbsp;&nbsp;&nbsp;&nbsp;&nbsp;&nbsp;&nbsp;&nbsp;&nbsp;&nbsp;&nbsp;&nbsp;&nbsp;&nbsp;&nbsp;&nbsp;&nbsp;&nbsp;&nbsp;&nbsp;&nbsp;&nbsp;&nbsp;&nbsp;&nbsp;&nbsp;&nbsp;&nbsp;&nbsp;&nbsp;&nbsp;&nbsp;&nbsp;&nbsp;&nbsp;&nbsp;&nbsp;&nbsp;&nbsp;&nbsp;&nbsp;&nbsp;&nbsp;&nbsp;&nbsp;&nbsp; Nuestros campos de energ\u00eda est\u00e1n llenos de residuos que ya no son funcionales a nuestro crecimiento. En otras \u00e9pocas, tal vez nos hubiera tomado a\u00f1os comprender y transmutar esos restos de experiencias k\u00e1rmicas. Hoy, la aceleraci\u00f3n y los cambios en nuestro ADN hacen estallar las cristalizaciones antiguas. Limpien lo que queda de ellas con trabajo de chakras, sanaci\u00f3n con sonidos, trabajo energ\u00e9tico o lo que tengan al alcance.<\/strong><\/h3>\n\n\n\n<h3 class=\"wp-block-heading\"><br><strong>11. DESCANSO<\/strong><strong><br>&nbsp;&nbsp;&nbsp;&nbsp;&nbsp;&nbsp;&nbsp;&nbsp;&nbsp;&nbsp;&nbsp;&nbsp;&nbsp;&nbsp;&nbsp;&nbsp;&nbsp;&nbsp;&nbsp;&nbsp;&nbsp;&nbsp;&nbsp;&nbsp;&nbsp;&nbsp;&nbsp;&nbsp;&nbsp;&nbsp;&nbsp;&nbsp;&nbsp;&nbsp;&nbsp;&nbsp;&nbsp;&nbsp;&nbsp;&nbsp;&nbsp;&nbsp;&nbsp;&nbsp;&nbsp;&nbsp;&nbsp;&nbsp;&nbsp;&nbsp;&nbsp;&nbsp;&nbsp;&nbsp;&nbsp;&nbsp;&nbsp;&nbsp;&nbsp;&nbsp;&nbsp;&nbsp;&nbsp;&nbsp;&nbsp;&nbsp;&nbsp;&nbsp;&nbsp;&nbsp;&nbsp;&nbsp;&nbsp;&nbsp;&nbsp;&nbsp;&nbsp;&nbsp;&nbsp;&nbsp;&nbsp;&nbsp;&nbsp;&nbsp;&nbsp;&nbsp;&nbsp;&nbsp;&nbsp;&nbsp;&nbsp;&nbsp;&nbsp;&nbsp;&nbsp;&nbsp;&nbsp;&nbsp;&nbsp;&nbsp;&nbsp;&nbsp;&nbsp;&nbsp;&nbsp;&nbsp;&nbsp;&nbsp;&nbsp;&nbsp;&nbsp;&nbsp;&nbsp;&nbsp;&nbsp;&nbsp;&nbsp;&nbsp;&nbsp;&nbsp;&nbsp;&nbsp;&nbsp;&nbsp;&nbsp;&nbsp;&nbsp;&nbsp;&nbsp;&nbsp;&nbsp;&nbsp;&nbsp;&nbsp;&nbsp;&nbsp;&nbsp;&nbsp;&nbsp;&nbsp; Todo este devenir produce en nosotros un desacostumbrado cansancio. La materia es mas lenta a la hora de ajustar su din\u00e1mica a la de la conciencia. Prot\u00e9janse descansando lo suficiente, y m\u00e1s. Si pueden, tomen una siesta cada tanto, no importa el momento del d\u00eda. Si no pueden, reemplacen alguna salida \u201cde compromiso\u201d por tiempo para ustedes, relajaci\u00f3n y silencio reparador.<\/strong><\/h3>\n\n\n\n<h3 class=\"wp-block-heading\"><br><strong>12. ASISTENCIA SUPERIOR<\/strong><strong><br>&nbsp;&nbsp;&nbsp;&nbsp;&nbsp;&nbsp;&nbsp;&nbsp;&nbsp;&nbsp;&nbsp;&nbsp;&nbsp;&nbsp;&nbsp;&nbsp;&nbsp;&nbsp;&nbsp;&nbsp;&nbsp;&nbsp;&nbsp;&nbsp;&nbsp;&nbsp;&nbsp;&nbsp;&nbsp;&nbsp;&nbsp;&nbsp;&nbsp;&nbsp;&nbsp;&nbsp;&nbsp;&nbsp;&nbsp;&nbsp;&nbsp;&nbsp;&nbsp;&nbsp;&nbsp;&nbsp;&nbsp;&nbsp;&nbsp;&nbsp;&nbsp;&nbsp;&nbsp;&nbsp;&nbsp;&nbsp;&nbsp;&nbsp;&nbsp;&nbsp;&nbsp;&nbsp;&nbsp;&nbsp;&nbsp;&nbsp;&nbsp;&nbsp;&nbsp;&nbsp;&nbsp;&nbsp;&nbsp;&nbsp;&nbsp;&nbsp;&nbsp;&nbsp;&nbsp;&nbsp;&nbsp;&nbsp;&nbsp;&nbsp;&nbsp;&nbsp;&nbsp;&nbsp;&nbsp;&nbsp;&nbsp;&nbsp;&nbsp;&nbsp;&nbsp;&nbsp;&nbsp;&nbsp;&nbsp;&nbsp;&nbsp;&nbsp;&nbsp;&nbsp;&nbsp;&nbsp;&nbsp;&nbsp;&nbsp;&nbsp;&nbsp;&nbsp;&nbsp;&nbsp;&nbsp;&nbsp;&nbsp;&nbsp;&nbsp;&nbsp;&nbsp;&nbsp;&nbsp;&nbsp;&nbsp;&nbsp;&nbsp;&nbsp;&nbsp;&nbsp;&nbsp;&nbsp;&nbsp; Estamos siendo acompa\u00f1ados por entidades espirituales de distintos colores y frecuencias, pero con el mismo gran proyecto: ser testigos del maravilloso momento en que una especie transita de una dimensi\u00f3n a otra (si !&nbsp;hablamos de todos &nbsp;nosotros!). Hasta cierto punto, pueden ayudarnos con conexiones amorosas, est\u00edmulo e inspiraci\u00f3n,&nbsp;sin embargo la experiencia es personal e intraferible, nadie puede vivir por nosotros, nuestra propia vivencia., disfr\u00fatenla,&nbsp;&nbsp;!..<\/strong><br><strong>Sonr\u00edan, Sean Amables, y demuestre su amor&nbsp;hacia todo lo que le rodea.<\/strong><\/h3>\n\n\n\n<p>&nbsp;An\u00f3nimo<br>&nbsp;<\/p>\n","protected":false},"excerpt":{"rendered":"<p>En esta p\u00e1gina podr\u00e1 encontrar art\u00edculos y&nbsp;libros relacionados con la salud hol\u00edstica y el mundo del Shiatsu. ****************************************************************************************************************** INVESTIGACIONES MEDICAS SOBRE SHIATSU Dr. federico Santamar\u00eda: https:\/\/www.youtube.com\/watch?v=AUZ1KTX_j3c Entrevista a Pablo L\u00f3pez en la revista Ox\u00edgeno (7-3-2007) La Prensa Shiatsu Posada CLASES EN CARCELES 1987 CHAMANES, MEDICOS Y SALUD El cuerpo grita lo que la boca calla [&hellip;]<\/p>\n","protected":false},"author":1,"featured_media":0,"parent":0,"menu_order":0,"comment_status":"closed","ping_status":"closed","template":"","meta":{"_et_pb_use_builder":"off","_et_pb_old_content":"","_et_gb_content_width":"1080","footnotes":""},"_links":{"self":[{"href":"https:\/\/shiatsupanama.com\/index.php?rest_route=\/wp\/v2\/pages\/129"}],"collection":[{"href":"https:\/\/shiatsupanama.com\/index.php?rest_route=\/wp\/v2\/pages"}],"about":[{"href":"https:\/\/shiatsupanama.com\/index.php?rest_route=\/wp\/v2\/types\/page"}],"author":[{"embeddable":true,"href":"https:\/\/shiatsupanama.com\/index.php?rest_route=\/wp\/v2\/users\/1"}],"replies":[{"embeddable":true,"href":"https:\/\/shiatsupanama.com\/index.php?rest_route=%2Fwp%2Fv2%2Fcomments&post=129"}],"version-history":[{"count":1,"href":"https:\/\/shiatsupanama.com\/index.php?rest_route=\/wp\/v2\/pages\/129\/revisions"}],"predecessor-version":[{"id":130,"href":"https:\/\/shiatsupanama.com\/index.php?rest_route=\/wp\/v2\/pages\/129\/revisions\/130"}],"wp:attachment":[{"href":"https:\/\/shiatsupanama.com\/index.php?rest_route=%2Fwp%2Fv2%2Fmedia&parent=129"}],"curies":[{"name":"wp","href":"https:\/\/api.w.org\/{rel}","templated":true}]}}