{"id":128,"date":"2023-10-25T20:34:22","date_gmt":"2023-10-25T18:34:22","guid":{"rendered":"https:\/\/shiatsupanama.com\/?page_id=128"},"modified":"2023-10-25T20:34:23","modified_gmt":"2023-10-25T18:34:23","slug":"n-s-e","status":"publish","type":"page","link":"https:\/\/shiatsupanama.com\/?page_id=128","title":{"rendered":"N.S.E."},"content":{"rendered":"\n<h1 class=\"wp-block-heading\">Lista de Instructores en el mundo: http:\/\/www.namikoshishiatsueuropa.net\/es\/wp-content\/uploads\/2018\/04\/Listado-Oficial-de-Instructores-2018-esp-1.pdf<\/h1>\n\n\n\n<h1 class=\"wp-block-heading\">Eventos en Latinoam\u00e9rica con participaci\u00f3n de Pablo L\u00f3pez Quintana, Instructor Internacional de Namikoshi Shiatsu Europa.<\/h1>\n\n\n\n<figure class=\"wp-block-image aligncenter\"><a href=\"https:\/\/web.archive.org\/web\/20210509111753\/http:\/\/shiatsupanama.com\/es\/http:\/\/shiatsupanama.com\/es\/wp-content\/uploads\/2011\/08\/PRESENTACION-9.jpg\"><img decoding=\"async\" src=\"https:\/\/web.archive.org\/web\/20210509111753im_\/http:\/\/shiatsupanama.com\/es\/http:\/\/shiatsupanama.com\/es\/wp-content\/uploads\/2011\/08\/PRESENTACION-9.jpg\" alt=\"\" class=\"wp-image-2705\" title=\"PRESENTACION 9\"\/><\/a><\/figure>\n\n\n\n<figure class=\"wp-block-image alignleft\"><a href=\"https:\/\/web.archive.org\/web\/20210509111753\/http:\/\/shiatsupanama.com\/es\/http:\/\/shiatsupanama.com\/es\/wp-content\/uploads\/2011\/08\/PRESENTACION-10.jpg\"><img decoding=\"async\" src=\"https:\/\/web.archive.org\/web\/20210509111753im_\/http:\/\/shiatsupanama.com\/es\/http:\/\/shiatsupanama.com\/es\/wp-content\/uploads\/2011\/08\/PRESENTACION-10-300x225.jpg\" alt=\"\" class=\"wp-image-2706\" title=\"PRESENTACION 10\"\/><\/a><\/figure>\n\n\n\n<figure class=\"wp-block-image alignright\"><a href=\"https:\/\/web.archive.org\/web\/20210509111753\/http:\/\/shiatsupanama.com\/es\/http:\/\/shiatsupanama.com\/es\/wp-content\/uploads\/2011\/08\/PRESENTACION-11.jpg\"><img decoding=\"async\" src=\"https:\/\/web.archive.org\/web\/20210509111753im_\/http:\/\/shiatsupanama.com\/es\/http:\/\/shiatsupanama.com\/es\/wp-content\/uploads\/2011\/08\/PRESENTACION-11-300x225.jpg\" alt=\"\" class=\"wp-image-2707\" title=\"PRESENTACION 11\"\/><\/a><\/figure>\n\n\n\n<figure class=\"wp-block-image aligncenter\"><a href=\"https:\/\/web.archive.org\/web\/20210509111753\/http:\/\/shiatsupanama.com\/es\/http:\/\/shiatsupanama.com\/es\/wp-content\/uploads\/2011\/08\/GRUPO-ALUMNOS-SOLOS1.jpg\"><img decoding=\"async\" src=\"https:\/\/web.archive.org\/web\/20210509111753im_\/http:\/\/shiatsupanama.com\/es\/http:\/\/shiatsupanama.com\/es\/wp-content\/uploads\/2011\/08\/GRUPO-ALUMNOS-SOLOS1.jpg\" alt=\"\" class=\"wp-image-2708\" title=\"GRUPO ALUMNOS SOLOS\"\/><\/a><\/figure>\n\n\n\n<figure class=\"wp-block-image alignleft\"><a href=\"https:\/\/web.archive.org\/web\/20210509111753\/http:\/\/shiatsupanama.com\/es\/http:\/\/shiatsupanama.com\/es\/wp-content\/uploads\/2011\/08\/IMG_38221.jpg\"><img decoding=\"async\" src=\"https:\/\/web.archive.org\/web\/20210509111753im_\/http:\/\/shiatsupanama.com\/es\/http:\/\/shiatsupanama.com\/es\/wp-content\/uploads\/2011\/08\/IMG_38221-300x225.jpg\" alt=\"\" class=\"wp-image-2710\" title=\"IMG_3822\"\/><\/a><\/figure>\n\n\n\n<figure class=\"wp-block-image alignright\"><a href=\"https:\/\/web.archive.org\/web\/20210509111753\/http:\/\/shiatsupanama.com\/es\/http:\/\/shiatsupanama.com\/es\/wp-content\/uploads\/2011\/08\/IMG_3674.jpg\"><img decoding=\"async\" src=\"https:\/\/web.archive.org\/web\/20210509111753im_\/http:\/\/shiatsupanama.com\/es\/http:\/\/shiatsupanama.com\/es\/wp-content\/uploads\/2011\/08\/IMG_3674-300x225.jpg\" alt=\"\" class=\"wp-image-2711\" title=\"IMG_3674\"\/><\/a><\/figure>\n\n\n\n<p>&nbsp;&nbsp;<a href=\"https:\/\/web.archive.org\/web\/20210509111753\/http:\/\/shiatsupanama.com\/es\/http:\/\/shiatsupanama.com\/es\/wp-content\/uploads\/2011\/08\/gracias-mexico-y-shiatsu.page1_.jpg\"><\/a><\/p>\n\n\n\n<figure class=\"wp-block-image aligncenter\"><a href=\"https:\/\/web.archive.org\/web\/20210509111753\/http:\/\/shiatsupanama.com\/es\/http:\/\/shiatsupanama.com\/es\/wp-content\/uploads\/2011\/08\/Presentaci%C3%B3n12.jpg\"><img decoding=\"async\" src=\"https:\/\/web.archive.org\/web\/20210509111753im_\/http:\/\/shiatsupanama.com\/es\/http:\/\/shiatsupanama.com\/es\/wp-content\/uploads\/2011\/08\/Presentaci%C3%B3n12.jpg\" alt=\"\" class=\"wp-image-2719\" title=\"Presentaci\u00f3n1\"\/><\/a><\/figure>\n\n\n\n<figure class=\"wp-block-image aligncenter\"><a href=\"https:\/\/web.archive.org\/web\/20210509111753\/http:\/\/shiatsupanama.com\/es\/http:\/\/shiatsupanama.com\/es\/wp-content\/uploads\/2011\/08\/gracias-mexico-y-shiatsu.page1_.jpg\"><img decoding=\"async\" src=\"https:\/\/web.archive.org\/web\/20210509111753im_\/http:\/\/shiatsupanama.com\/es\/http:\/\/shiatsupanama.com\/es\/wp-content\/uploads\/2011\/08\/gracias-mexico-y-shiatsu.page1_-1024x768.jpg\" alt=\"\" class=\"wp-image-2444\" title=\"gracias mexico y shiatsu.page1\"\/><\/a><\/figure>\n\n\n\n<figure class=\"wp-block-image aligncenter\"><a href=\"https:\/\/web.archive.org\/web\/20210509111753\/http:\/\/shiatsupanama.com\/es\/http:\/\/shiatsupanama.com\/es\/wp-content\/uploads\/2011\/08\/1-CARTEL-FINAL-simp-mex-20132.jpg\"><img decoding=\"async\" src=\"https:\/\/web.archive.org\/web\/20210509111753im_\/http:\/\/shiatsupanama.com\/es\/http:\/\/shiatsupanama.com\/es\/wp-content\/uploads\/2011\/08\/1-CARTEL-FINAL-simp-mex-20132.jpg\" alt=\"\" class=\"wp-image-2342\" title=\"1 CARTEL FINAL simp mex 2013\"\/><\/a><\/figure>\n\n\n\n<figure class=\"wp-block-image aligncenter\"><a href=\"https:\/\/web.archive.org\/web\/20210509111753\/http:\/\/shiatsupanama.com\/es\/http:\/\/shiatsupanama.com\/es\/wp-content\/uploads\/2011\/08\/1S-O-espa%C3%B1ol.jpg\"><img decoding=\"async\" src=\"https:\/\/web.archive.org\/web\/20210509111753im_\/http:\/\/shiatsupanama.com\/es\/http:\/\/shiatsupanama.com\/es\/wp-content\/uploads\/2011\/08\/1S-O-espa%C3%B1ol-833x1024.jpg\" alt=\"\" class=\"wp-image-2341\" title=\"1S O espa\u00f1ol\"\/><\/a><\/figure>\n\n\n\n<figure class=\"wp-block-image aligncenter\"><a href=\"https:\/\/web.archive.org\/web\/20210509111753\/http:\/\/shiatsupanama.com\/es\/http:\/\/shiatsupanama.com\/es\/wp-content\/uploads\/2011\/08\/2-G-G-espa%C3%B1ol.jpg\"><img decoding=\"async\" src=\"https:\/\/web.archive.org\/web\/20210509111753im_\/http:\/\/shiatsupanama.com\/es\/http:\/\/shiatsupanama.com\/es\/wp-content\/uploads\/2011\/08\/2-G-G-espa%C3%B1ol-725x1024.jpg\" alt=\"\" class=\"wp-image-2340\" title=\"2 G G espa\u00f1ol\"\/><\/a><\/figure>\n\n\n\n<figure class=\"wp-block-image aligncenter\"><a href=\"https:\/\/web.archive.org\/web\/20210509111753\/http:\/\/shiatsupanama.com\/es\/http:\/\/shiatsupanama.com\/es\/wp-content\/uploads\/2011\/08\/3-T-C-espa%C3%B1ol.jpg\"><img decoding=\"async\" src=\"https:\/\/web.archive.org\/web\/20210509111753im_\/http:\/\/shiatsupanama.com\/es\/http:\/\/shiatsupanama.com\/es\/wp-content\/uploads\/2011\/08\/3-T-C-espa%C3%B1ol-728x1024.jpg\" alt=\"\" class=\"wp-image-2338\" title=\"3 T C espa\u00f1ol\"\/><\/a><\/figure>\n\n\n\n<figure class=\"wp-block-image aligncenter\"><a href=\"https:\/\/web.archive.org\/web\/20210509111753\/http:\/\/shiatsupanama.com\/es\/http:\/\/shiatsupanama.com\/es\/wp-content\/uploads\/2011\/08\/4-A-P-espa%C3%B1ol.jpg\"><img decoding=\"async\" src=\"https:\/\/web.archive.org\/web\/20210509111753im_\/http:\/\/shiatsupanama.com\/es\/http:\/\/shiatsupanama.com\/es\/wp-content\/uploads\/2011\/08\/4-A-P-espa%C3%B1ol-741x1024.jpg\" alt=\"\" class=\"wp-image-2337\" title=\"4 A P espa\u00f1ol\"\/><\/a><\/figure>\n\n\n\n<figure class=\"wp-block-image aligncenter\"><a href=\"https:\/\/web.archive.org\/web\/20210509111753\/http:\/\/shiatsupanama.com\/es\/http:\/\/shiatsupanama.com\/es\/wp-content\/uploads\/2011\/08\/5-P-L-espa%C3%B1ol.jpg\"><img decoding=\"async\" src=\"https:\/\/web.archive.org\/web\/20210509111753im_\/http:\/\/shiatsupanama.com\/es\/http:\/\/shiatsupanama.com\/es\/wp-content\/uploads\/2011\/08\/5-P-L-espa%C3%B1ol-757x1024.jpg\" alt=\"\" class=\"wp-image-2336\" title=\"5 P L espa\u00f1ol\"\/><\/a><\/figure>\n\n\n\n<figure class=\"wp-block-image aligncenter\"><a href=\"https:\/\/web.archive.org\/web\/20210509111753\/http:\/\/shiatsupanama.com\/es\/http:\/\/shiatsupanama.com\/es\/wp-content\/uploads\/2011\/08\/6-M-A-D-espa%C3%B1ol.jpg\"><img decoding=\"async\" src=\"https:\/\/web.archive.org\/web\/20210509111753im_\/http:\/\/shiatsupanama.com\/es\/http:\/\/shiatsupanama.com\/es\/wp-content\/uploads\/2011\/08\/6-M-A-D-espa%C3%B1ol-908x1024.jpg\" alt=\"\" class=\"wp-image-2335\" title=\"6 M A D espa\u00f1ol\"\/><\/a><\/figure>\n\n\n\n<figure class=\"wp-block-image aligncenter\"><a href=\"https:\/\/web.archive.org\/web\/20210509111753\/http:\/\/shiatsupanama.com\/es\/http:\/\/shiatsupanama.com\/es\/wp-content\/uploads\/2011\/08\/7-A-C-espa%C3%B1ol.jpg\"><img decoding=\"async\" src=\"https:\/\/web.archive.org\/web\/20210509111753im_\/http:\/\/shiatsupanama.com\/es\/http:\/\/shiatsupanama.com\/es\/wp-content\/uploads\/2011\/08\/7-A-C-espa%C3%B1ol-720x1024.jpg\" alt=\"\" class=\"wp-image-2334\" title=\"7 A C espa\u00f1ol\"\/><\/a><\/figure>\n\n\n\n<figure class=\"wp-block-image aligncenter\"><a href=\"https:\/\/web.archive.org\/web\/20210509111753\/http:\/\/shiatsupanama.com\/es\/http:\/\/shiatsupanama.com\/es\/wp-content\/uploads\/2011\/08\/8-S-G-espa%C3%B1ol3.jpg\"><img decoding=\"async\" src=\"https:\/\/web.archive.org\/web\/20210509111753im_\/http:\/\/shiatsupanama.com\/es\/http:\/\/shiatsupanama.com\/es\/wp-content\/uploads\/2011\/08\/8-S-G-espa%C3%B1ol3-705x1024.jpg\" alt=\"\" class=\"wp-image-2333\" title=\"8 S G espa\u00f1ol\"\/><\/a><\/figure>\n\n\n\n<figure class=\"wp-block-image aligncenter\"><a href=\"https:\/\/web.archive.org\/web\/20210509111753\/http:\/\/shiatsupanama.com\/es\/http:\/\/shiatsupanama.com\/es\/wp-content\/uploads\/2011\/08\/9-Y-T-espa%C3%B1ol1.jpg\"><img decoding=\"async\" src=\"https:\/\/web.archive.org\/web\/20210509111753im_\/http:\/\/shiatsupanama.com\/es\/http:\/\/shiatsupanama.com\/es\/wp-content\/uploads\/2011\/08\/9-Y-T-espa%C3%B1ol1-790x1024.jpg\" alt=\"\" class=\"wp-image-2328\" title=\"9 Y T espa\u00f1ol\"\/><\/a><\/figure>\n\n\n\n<h2 class=\"wp-block-heading\"><a href=\"https:\/\/web.archive.org\/web\/20210509111753\/http:\/\/namikoshishiatsueuropa.com\/ESP\/memberpanama.html\">http:\/\/namikoshishiatsueuropa.com\/ESP\/memberpanama.html<\/a><\/h2>\n\n\n\n<figure class=\"wp-block-table\"><table><tbody><tr><td><strong>Namikoshi Shiatsu Europa<\/strong><strong>http:\/\/www.namikoshishiatsueuropa.com\/ESP\/member.html<\/strong>Namikoshi Shiatsu Europa (NSE) es una organizaci\u00f3n homologada&nbsp; por LA ESCUELA JAPONESA DE SHIATSU NAMIKOSHI DE JAP\u00d3N (JAPAN SHIATSU COLLEGE).<br>Namikoshi Shiatsu Europa est\u00e1 impulsada principalmente por la Escuela Hispano Japonesa de Shiatsu, dirigida por Shigeru Onoda, y tiene como objetivo&nbsp; promover en Europa el Shiatsu de estilo NAMIKOSHI.<br>\u00bfPor qu\u00e9&nbsp;&nbsp; el estilo de NAMIKOSHI, y no&nbsp; otros estilos de Shiatsu?<br>Dentro de los diversos&nbsp; estilos de&nbsp; Shiatsu difundidos en Europa u otros pa\u00edses, destaca el estilo Namikoshi por su estructura bien establecida y por su organizaci\u00f3n oficialmente reconocida en Jap\u00f3n. La escuela de Namikoshi es la \u00fanica instituci\u00f3n japonesa de preparaci\u00f3n al examen estatal&nbsp; de Shiatsu. Por lo tanto, es preciso transmitir&nbsp; el aut\u00e9ntico estilo no solamente en su pa\u00eds de origen sino tambi\u00e9n&nbsp; en otros pa\u00edses.<br>Actualmente, 12 asociaciones procedentes de siete pa\u00edses participan<em>&nbsp;<\/em>en las actividades de esta organizaci\u00f3n.ESTATUTOS DE LA ASOCIACI\u00d3N (Extractos)<br>DENOMINACI\u00d3N, FINES, ACTIVIDADES, DOMICILIO Y \u00c1MBITODenominaci\u00f3n.Con la denominaci\u00f3n de Namikoshi&nbsp; Shiatsu Europa (NSE), se constituye una organizaci\u00f3n&nbsp; sin \u00e1nimo de lucro.Domicilio y \u00c1mbito.La asociaci\u00f3n&nbsp;&nbsp; tiene su domicilio social en c\/Juan Ram\u00f3n Jim\u00e9nez, 45 1\u00ba Izq.28036 Madrid, Espa\u00f1a&nbsp;&nbsp; y su \u00e1mbito de actuaci\u00f3n comprende los pa\u00edses europeos miembros de NSE.Fines.La Asociaci\u00f3n tiene como fin promover en Europa el Shiatsu de estilo NAMIKOSHI.ActividadesPara el cumplimiento de estos fines,&nbsp; se realizar\u00e1n las siguientes actividades:Facilitar el intercambio y la&nbsp; adquisici\u00f3n&nbsp; de informaci\u00f3n, mediante la ayuda mutua en el&nbsp; trabajo y la amistad entre las personas y las organizaciones que se dedican a la promoci\u00f3n del Shiatsu Namikoshi.El idioma de comunicaci\u00f3n entre todos los miembros ser\u00e1 el ingl\u00e9s, por lo tanto,las p\u00e1ginas del sitio web ser\u00e1n publicadas en espa\u00f1ol, en japon\u00e9s y en ingl\u00e9s.Poner en marcha la formaci\u00f3n y el registro de los Instructores&nbsp; oficiales del Shiatsu Namikoshi.Los instructores internacionales se encargar\u00e1n de la formaci\u00f3n de los instructores&nbsp; y del examen de aprobaci\u00f3n.&nbsp; Dichos instructores ser\u00e1n&nbsp; tanto&nbsp; profesores del Japan Shiatsu College cualificados en&nbsp; la ense\u00f1aza t\u00e9cnica como&nbsp; instructores locales cuya&nbsp;experiencia y capacidad profesional hayan sido reconocidas por la sede central.&nbsp;Fomentar el&nbsp; intercambio de t\u00e9cnicas y de&nbsp; informaci\u00f3n entre los ex-alumnos del Japan Shiatsu College, cuyas actividades profesionales se desarrollan en Europa.Hasta ahora no ha existido siempre la oportunidad&nbsp; de mantener un grado de comunicaci\u00f3n&nbsp; satisfactorio entre los ex-alumnos del Japan Shiatsu College. Una buena relaci\u00f3n entre ellos contribuir\u00e1 a&nbsp; la promoci\u00f3n del m\u00e9todo Namikoshi en Europa, ya que estos japoneses son los mejores&nbsp; conocedores de los&nbsp; fundamentos del Shiatsu Namikoshi.Las informaciones \u00fatiles para los miembros europeos ser\u00e1n difundidas en japon\u00e9s y en ingl\u00e9s. El sitio&nbsp; web de NSE publicar\u00e1 tambi\u00e9n informaci\u00f3n t\u00e9cnica sobre Shiatsu.Colaboraci\u00f3n internacional en Europa para que el Shiatsu sea homologado por el Ministerio de&nbsp; Sanidad de cada uno de los pa\u00edses europeos.Un movimiento hacia la homologaci\u00f3n del Shiatsu&nbsp; o la oficializaci\u00f3n de dicha terapia en un pa\u00eds europeo, ejercer\u00e1 siempre alguna influencia positiva en la decisi\u00f3n de otros pa\u00edses.&nbsp; La traducci\u00f3n&nbsp; de los resultados de la investigaci\u00f3n cient\u00edfica realizada por Japan Shiatsu College constituir\u00e1 una buena referencia para que la terapia sea reconocida oficialmente en Europa.Ayuda a los ex-alumnos de Japan Shiatsu College y a los miembros de la Asociaci\u00f3n Japonesa de Shiatsu que proyecten&nbsp; desarrollar sus actividades en Europa.Dichos alumnos junto con la Asociaci\u00f3n Japonesa de Shiatsu no escatimaran sus esfuerzos para&nbsp;&nbsp; divulgar esta terapia, procurando sin descanso&nbsp; mejorar la calidad y la t\u00e9cnica del Shiatsu.<strong>REGLAMENTOS<\/strong>Art\u00edculo 1.-&nbsp; Representaci\u00f3n<strong><br><\/strong>Considerando las&nbsp; condiciones hist\u00f3ricas&nbsp; y geogr\u00e1ficas, se podr\u00e1 admitir la representaci\u00f3n nacional por m\u00e1s de una escuela.Art\u00edculo 2.-&nbsp; Contrato oficial<strong><br><\/strong>Con el fin de que la colaboraci\u00f3n mutua sea beneficiosa en la promoci\u00f3n de Namikoshi Shiatsu Europa se establecer\u00e1 un contrato oficial entre las asociaciones u&nbsp; organizaciones relacionadas con el Shiatsu de cada pa\u00eds y la sede central de NSE.Art\u00edculo 3.-&nbsp; M\u00e9todo educativo \/ sistema b\u00e1sico de la ense\u00f1anza<strong><br><\/strong>Namikoshi Shiatsu Europa no intervendr\u00e1 en el m\u00e9todo educativo de las escuelas de los&nbsp; pa\u00edses miembros, ya que las normas educativas de estos pa\u00edses son diferentes. Sin embargo,&nbsp; el sistema b\u00e1sico de la ense\u00f1anza del Shiatsu Namikoshi se decidir\u00e1 en la Sede Central.Art\u00edculo 4.-&nbsp; Duraci\u00f3n del curso<strong><br><\/strong>La duraci\u00f3n del curso de cada escuela ser\u00e1 negociada&nbsp; entre los directores y dirigentes de los&nbsp; pa\u00edses correspondientes y la sede central.Art\u00edculo 5.-&nbsp; Textos<strong><br><\/strong>Los textos est\u00e1ndar de Shiatsu Namikoshi se prepararan&nbsp; en la sede central&nbsp; y se repartir\u00e1n&nbsp; a los miembros y alumnos de Namikoshi Shiatsu Europa. Los&nbsp; ingresos por la venta de textos&nbsp; se dedicar\u00e1n al fomento de&nbsp; las actividades de dicha asociaci\u00f3n.Art\u00edculo 6.- Certificado \/ diploma oficial<strong><br><\/strong>El certificado de asistencia al curso y el diploma oficial sellados&nbsp; por los dirigentes de Namikoshi Shiatsu Europa, ser\u00e1n otorgados a los alumnos de cada escuela. Los gastos de gesti\u00f3n ser\u00e1n ingresados en NSE.Art\u00edculo 7.- Denominaci\u00f3n de SHIATSUPRACTOR<br>SHIATSUPRACTOR (shiatsu-shi en japon\u00e9s) es una denominaci\u00f3n oficialmente&nbsp; patentada&nbsp; en Canad\u00e1, EEUU, CE y Jap\u00f3n. El t\u00edtulo de SHIATSUPRACTOR ser\u00e1 otorgado solamente a los terapeutas cualificados que hayan aprendido correctamente el Shiatsu&nbsp; Estilo Namikoshi, seg\u00fan las normas establecidas por los directores de cada centro.<br>Con el uso de este t\u00edtulo espec\u00edfico se evitar\u00e1 la confusi\u00f3n con otras&nbsp; denominaciones empleadas fuera del \u00e1mbito del Shiatsu Namikoshi.Art\u00edculo 8.- Matr\u00edcula de instructores oficiales \/ seminario de la formaci\u00f3n de instructores<strong><br><\/strong>Matriculaci\u00f3n en la Sede central de los profesores actuales de cada escuela en calidad de instructor oficial. Cada pa\u00eds tendr\u00e1 que organizar seminarios dos veces al a\u00f1o para formar a los instructores oficiales de Shiatsu Namikoshi<br>Las&nbsp; normas de matricula y el m\u00e9todo de examen ser\u00e1n&nbsp; decididos por el Comit\u00e9 Directivo.Art\u00edculo 9.- Seminario de revisi\u00f3n<strong><br><\/strong>Los instructores&nbsp; y dirigentes de cada escuela tendr\u00e1n&nbsp; la obligaci\u00f3n de acudir a los seminarios de revisi\u00f3n de Shiatsu Namikoshi organizados cada dos a\u00f1os por Japan Shiatsu College.Art\u00edculo 10.- Seminarios europeos<br>NSE organizar\u00e1 anualmente o bianualmente&nbsp; seminarios europeos en&nbsp; centros de Shiatsu miembros de la NSE. La sede central enviar\u00e1 instructores oficiales que se encargar\u00e1n de la formaci\u00f3n de instructores&nbsp; durante&nbsp; el \u00faltimo d\u00eda del seminario. Estos encuentros de trabajo ser\u00e1n considerados como un sistema b\u00e1sico de comunicaci\u00f3n para que la relaci\u00f3n entre la sede y los centros de cada pa\u00eds sea fluida.Art\u00edculo 11.- Organizaci\u00f3n \/decisi\u00f3n \/ derecho a voto<strong><br><\/strong>La estructura organizativa&nbsp; ser\u00e1 debatida&nbsp; en&nbsp; reuniones&nbsp; de los representantes de centros de ense\u00f1anza miembros de NSE. Cada representante en calidad&nbsp; de director, tendr\u00e1 derecho a un voto en las decisiones de la organizaci\u00f3n. Los proyectos m\u00e1s \u00fatiles a NSE deber\u00e1n iniciarse en el plazo m\u00e1s breve posible.<\/td><\/tr><\/tbody><\/table><\/figure>\n","protected":false},"excerpt":{"rendered":"<p>Lista de Instructores en el mundo: http:\/\/www.namikoshishiatsueuropa.net\/es\/wp-content\/uploads\/2018\/04\/Listado-Oficial-de-Instructores-2018-esp-1.pdf Eventos en Latinoam\u00e9rica con participaci\u00f3n de Pablo L\u00f3pez Quintana, Instructor Internacional de Namikoshi Shiatsu Europa. &nbsp;&nbsp; http:\/\/namikoshishiatsueuropa.com\/ESP\/memberpanama.html Namikoshi Shiatsu Europahttp:\/\/www.namikoshishiatsueuropa.com\/ESP\/member.htmlNamikoshi Shiatsu Europa (NSE) es una organizaci\u00f3n homologada&nbsp; por LA ESCUELA JAPONESA DE SHIATSU NAMIKOSHI DE JAP\u00d3N (JAPAN SHIATSU COLLEGE).Namikoshi Shiatsu Europa est\u00e1 impulsada principalmente por la Escuela Hispano [&hellip;]<\/p>\n","protected":false},"author":1,"featured_media":0,"parent":0,"menu_order":0,"comment_status":"closed","ping_status":"closed","template":"","meta":{"_et_pb_use_builder":"off","_et_pb_old_content":"","_et_gb_content_width":"1080","footnotes":""},"_links":{"self":[{"href":"https:\/\/shiatsupanama.com\/index.php?rest_route=\/wp\/v2\/pages\/128"}],"collection":[{"href":"https:\/\/shiatsupanama.com\/index.php?rest_route=\/wp\/v2\/pages"}],"about":[{"href":"https:\/\/shiatsupanama.com\/index.php?rest_route=\/wp\/v2\/types\/page"}],"author":[{"embeddable":true,"href":"https:\/\/shiatsupanama.com\/index.php?rest_route=\/wp\/v2\/users\/1"}],"replies":[{"embeddable":true,"href":"https:\/\/shiatsupanama.com\/index.php?rest_route=%2Fwp%2Fv2%2Fcomments&post=128"}],"version-history":[{"count":1,"href":"https:\/\/shiatsupanama.com\/index.php?rest_route=\/wp\/v2\/pages\/128\/revisions"}],"predecessor-version":[{"id":132,"href":"https:\/\/shiatsupanama.com\/index.php?rest_route=\/wp\/v2\/pages\/128\/revisions\/132"}],"wp:attachment":[{"href":"https:\/\/shiatsupanama.com\/index.php?rest_route=%2Fwp%2Fv2%2Fmedia&parent=128"}],"curies":[{"name":"wp","href":"https:\/\/api.w.org\/{rel}","templated":true}]}}