{"id":121,"date":"2023-10-25T20:29:14","date_gmt":"2023-10-25T18:29:14","guid":{"rendered":"https:\/\/shiatsupanama.com\/?page_id=121"},"modified":"2025-10-12T01:29:25","modified_gmt":"2025-10-11T23:29:25","slug":"links","status":"publish","type":"page","link":"https:\/\/shiatsupanama.com\/?page_id=121","title":{"rendered":"Links"},"content":{"rendered":"\n<h1 class=\"wp-block-heading\">Links<\/h1>\n\n\n\n<h3 class=\"wp-block-heading\">A continuaci\u00f3n puedes encontrar enlaces a p\u00e1ginas relacionadas con nuestras escuelas de Shiatsu en el mundo y otras entidades o colaboradores de inter\u00e9s:<\/h3>\n\n\n\n<ul>\n<li><a href=\"https:\/\/web.archive.org\/web\/20210509110316\/http:\/\/www.shiatsudo.com\/\">www.shiatsudo.com<\/a>&nbsp;(Madrid-Espa\u00f1a)<\/li>\n\n\n\n<li><a href=\"https:\/\/web.archive.org\/web\/20210509110316\/http:\/\/www.namikoshishiatsueuropa.com\/\">www.namikoshishiatsueuropa.com<\/a>&nbsp;(Espa\u0144a-Italia-Holanda-Suiza-Portugal-Francia)<\/li>\n\n\n\n<li><a href=\"https:\/\/web.archive.org\/web\/20210509110316\/http:\/\/www.shiatsudomalaga.com\/\">www.shiatsudomalaga.com<\/a>&nbsp;(Espa\u0144a-Andaluc\u00eda)<\/li>\n\n\n\n<li><a href=\"https:\/\/web.archive.org\/web\/20210509110316\/http:\/\/www.shiatsudogranada.com\/\">www.shiatsudogranada.com<\/a>&nbsp;(Espa\u00f1a-Granada)<\/li>\n\n\n\n<li><a href=\"https:\/\/web.archive.org\/web\/20210509110316\/http:\/\/www.shiatsudobarcelona.com\/\">www.shiatsudobarcelona.com<\/a>&nbsp;(Barcelona-Espa\u00f1a)*&nbsp;&nbsp;www.centronuratsu.com (Tenerife \u2013 Canarias \u2013 Espa\u00f1a)*&nbsp;www.scuolaitalogiapponeseshiatsunamikoshi.it\/ (Italia)*&nbsp;www.scuolashiatsumaryleccisi.it\/ (Italia)* www.namikoshiatsu.fr&nbsp;(Francia)* www.scuola-itn.com (Suiza)* www.shiatsunederland.nl\/Association\/ (Holanda)* www.shiatsudo.eu (Alemania)*&nbsp;<a href=\"https:\/\/web.archive.org\/web\/20210509110316\/http:\/\/www.namikoshi-shiatsu.com.au\/\" target=\"_blank\" rel=\"noreferrer noopener\">www.namikoshi-shiatsu.com.au<\/a>&nbsp;(Australia)<\/li>\n<\/ul>\n\n\n\n<ul>\n<li>www.escolajaponesashiatsu-do.com (Portugal)<\/li>\n\n\n\n<li><a href=\"https:\/\/web.archive.org\/web\/20210509110316\/http:\/\/www.shiatsunederland.nl\/\">www.shiatsunederland.nl<\/a>&nbsp;(Holanda)<\/li>\n\n\n\n<li><a href=\"https:\/\/web.archive.org\/web\/20210509110316\/http:\/\/www.shiatsu.ac.jp\/\">www.shiatsu.ac.jp<\/a>&nbsp;(Jap\u00f3n)<\/li>\n\n\n\n<li><a href=\"https:\/\/web.archive.org\/web\/20210509110316\/http:\/\/www.aisenshiatsu.com\/\">www.aisenshiatsu.com<\/a>&nbsp;(EEUU-Hawai)<\/li>\n\n\n\n<li><a href=\"https:\/\/web.archive.org\/web\/20210509110316\/http:\/\/www.oyayubi.com\/\">www.oyayubi.com<\/a>&nbsp;(Canad\u00e1-Vancouver)<\/li>\n\n\n\n<li><a href=\"https:\/\/web.archive.org\/web\/20210509110316\/http:\/\/www.shiatsuacademy.com\/\">www.shiatsuacademy.com<\/a>&nbsp;(Toronto-Canad\u00e1)<\/li>\n\n\n\n<li>Escuela Japonesa de Shiatsu Ushuaia \u2013 Argentina&nbsp; &nbsp; &nbsp; &nbsp; &nbsp; &nbsp;&nbsp;https:\/\/www.facebook.com\/carlosenrique.villalonuribe?fref=photo (Argentina \u2013 Ushuaia)<\/li>\n<\/ul>\n\n\n\n<h1 class=\"wp-block-heading\">En Panam\u00e1:<\/h1>\n\n\n\n<ul>\n<li>https:\/\/www.facebook.com\/pages\/Centro-de-Terapias-Orientales\/256736264346118?fref=ts \u00a0\u00a0(Centro multidisciplinar m\u00e9dico hol\u00edstico en Ciudad de Panam\u00e1)* <\/li>\n<\/ul>\n\n\n\n<h1 class=\"wp-block-heading\">Otros:<\/h1>\n\n\n\n<ul>\n<li><a href=\"https:\/\/web.archive.org\/web\/20210509110316\/http:\/\/www.cofenat.es\/\">www.cofenat.es<\/a>&nbsp;(Asociaci\u00f3n de Profesionales de Terapias Naturales-Espa\u00f1a)<\/li>\n\n\n\n<li><a href=\"https:\/\/web.archive.org\/web\/20210509110316\/http:\/\/descubrirjapon.com\/\" rel=\"noreferrer noopener\" target=\"_blank\">http:\/\/descubrirjapon.com\/<\/a>&nbsp;Promoci\u00f3nde la cultura y el turismo en Jap\u00f3n-&nbsp;<a href=\"https:\/\/web.archive.org\/web\/20210509110316\/http:\/\/www.newearhpanama.kingeshop.com\/\">http:\/\/www.newearhpanama.kingeshop.com\/<\/a>&nbsp;Vegetales biol\u00f3gicos y actividades beneficiosas para el medio ambiente<\/li>\n<\/ul>\n","protected":false},"excerpt":{"rendered":"<p>Links A continuaci\u00f3n puedes encontrar enlaces a p\u00e1ginas relacionadas con nuestras escuelas de Shiatsu en el mundo y otras entidades o colaboradores de inter\u00e9s: En Panam\u00e1: Otros:<\/p>\n","protected":false},"author":1,"featured_media":0,"parent":0,"menu_order":0,"comment_status":"closed","ping_status":"closed","template":"","meta":{"_et_pb_use_builder":"off","_et_pb_old_content":"","_et_gb_content_width":"1080","footnotes":""},"_links":{"self":[{"href":"https:\/\/shiatsupanama.com\/index.php?rest_route=\/wp\/v2\/pages\/121"}],"collection":[{"href":"https:\/\/shiatsupanama.com\/index.php?rest_route=\/wp\/v2\/pages"}],"about":[{"href":"https:\/\/shiatsupanama.com\/index.php?rest_route=\/wp\/v2\/types\/page"}],"author":[{"embeddable":true,"href":"https:\/\/shiatsupanama.com\/index.php?rest_route=\/wp\/v2\/users\/1"}],"replies":[{"embeddable":true,"href":"https:\/\/shiatsupanama.com\/index.php?rest_route=%2Fwp%2Fv2%2Fcomments&post=121"}],"version-history":[{"count":3,"href":"https:\/\/shiatsupanama.com\/index.php?rest_route=\/wp\/v2\/pages\/121\/revisions"}],"predecessor-version":[{"id":507,"href":"https:\/\/shiatsupanama.com\/index.php?rest_route=\/wp\/v2\/pages\/121\/revisions\/507"}],"wp:attachment":[{"href":"https:\/\/shiatsupanama.com\/index.php?rest_route=%2Fwp%2Fv2%2Fmedia&parent=121"}],"curies":[{"name":"wp","href":"https:\/\/api.w.org\/{rel}","templated":true}]}}