{"id":119,"date":"2023-10-25T20:28:35","date_gmt":"2023-10-25T18:28:35","guid":{"rendered":"https:\/\/shiatsupanama.com\/?page_id=119"},"modified":"2025-02-18T04:39:07","modified_gmt":"2025-02-18T03:39:07","slug":"contacto","status":"publish","type":"page","link":"https:\/\/shiatsupanama.com\/?page_id=119","title":{"rendered":"Contacto"},"content":{"rendered":"\n<h3 class=\"wp-block-heading\">Puedes contactar con nosotros, para recibir Shiatsu o para aprenderlo en Coronado-Chame o Ciudad de Panam\u00e1.<\/h3>\n\n\n\n<h2 class=\"wp-block-heading\"><em>Terapia Shiatsu o masaje Shiatsu o Shiatsu y Rolfing en Coronado-Chame o Ciudad de Panam\u00e1:<\/em><\/h2>\n\n\n\n<h1 class=\"wp-block-heading\">Tel\u00e9fonos:&nbsp;&nbsp;Pablo: 6559 1479 \u2013 Antonia: 6532 7319 <\/h1>\n\n\n\n<h2 class=\"wp-block-heading\">E-mail: &nbsp;<a href=\"https:\/\/web.archive.org\/web\/20210509102318\/mailto:pabloshiatsu@hotmail.es\">pabloshiatsu@hotmail.es &nbsp;&#8211; &nbsp;info@shiatsupanama.com<\/a><\/h2>\n\n\n\n<h3 class=\"wp-block-heading\">Facebook, entra en: <a href=\"https:\/\/www.facebook.com\/people\/Escuela-Japonesa-de-Shiatsu-de-Panama\/100063854678841\/\">Facebook<\/a><\/h3>\n\n\n\n<h3 class=\"wp-block-heading\"><\/h3>\n\n\n\n<h3 class=\"wp-block-heading\">No dudes en consultarnos para todo lo relacionado con Shiatsu. Estamos a tu disposici\u00f3n.<\/h3>\n\n\n\n<h3 class=\"wp-block-heading\">Gracias<br>Pablo L\u00f3pez y Antonia Le\u00f3n<\/h3>\n\n\n\n<figure class=\"wp-block-image\"><img loading=\"lazy\" decoding=\"async\" width=\"960\" height=\"683\" src=\"http:\/\/shiatsupanama.com\/wp-content\/uploads\/2023\/11\/onoda-pablo-y-antonia-panama-2017-seminar.jpg\" alt=\"\" class=\"wp-image-178\" srcset=\"http:\/\/shiatsupanama.com\/wp-content\/uploads\/2023\/11\/onoda-pablo-y-antonia-panama-2017-seminar.jpg 960w, http:\/\/shiatsupanama.com\/wp-content\/uploads\/2023\/11\/onoda-pablo-y-antonia-panama-2017-seminar-480x342.jpg 480w\" sizes=\"(min-width: 0px) and (max-width: 480px) 480px, (min-width: 481px) 960px, 100vw\" \/><\/figure>\n","protected":false},"excerpt":{"rendered":"<p>Puedes contactar con nosotros, para recibir Shiatsu o para aprenderlo en Coronado-Chame o Ciudad de Panam\u00e1. Terapia Shiatsu o masaje Shiatsu o Shiatsu y Rolfing en Coronado-Chame o Ciudad de Panam\u00e1: Tel\u00e9fonos:&nbsp;&nbsp;Pablo: 6559 1479 \u2013 Antonia: 6532 7319 E-mail: &nbsp;pabloshiatsu@hotmail.es &nbsp;&#8211; &nbsp;info@shiatsupanama.com Facebook, entra en: Facebook No dudes en consultarnos para todo lo relacionado con [&hellip;]<\/p>\n","protected":false},"author":1,"featured_media":0,"parent":0,"menu_order":0,"comment_status":"closed","ping_status":"closed","template":"","meta":{"_et_pb_use_builder":"off","_et_pb_old_content":"","_et_gb_content_width":"1080","footnotes":""},"_links":{"self":[{"href":"https:\/\/shiatsupanama.com\/index.php?rest_route=\/wp\/v2\/pages\/119"}],"collection":[{"href":"https:\/\/shiatsupanama.com\/index.php?rest_route=\/wp\/v2\/pages"}],"about":[{"href":"https:\/\/shiatsupanama.com\/index.php?rest_route=\/wp\/v2\/types\/page"}],"author":[{"embeddable":true,"href":"https:\/\/shiatsupanama.com\/index.php?rest_route=\/wp\/v2\/users\/1"}],"replies":[{"embeddable":true,"href":"https:\/\/shiatsupanama.com\/index.php?rest_route=%2Fwp%2Fv2%2Fcomments&post=119"}],"version-history":[{"count":7,"href":"https:\/\/shiatsupanama.com\/index.php?rest_route=\/wp\/v2\/pages\/119\/revisions"}],"predecessor-version":[{"id":404,"href":"https:\/\/shiatsupanama.com\/index.php?rest_route=\/wp\/v2\/pages\/119\/revisions\/404"}],"wp:attachment":[{"href":"https:\/\/shiatsupanama.com\/index.php?rest_route=%2Fwp%2Fv2%2Fmedia&parent=119"}],"curies":[{"name":"wp","href":"https:\/\/api.w.org\/{rel}","templated":true}]}}