{"id":117,"date":"2023-10-25T20:27:37","date_gmt":"2023-10-25T18:27:37","guid":{"rendered":"https:\/\/shiatsupanama.com\/?page_id=117"},"modified":"2025-02-18T04:46:30","modified_gmt":"2025-02-18T03:46:30","slug":"seminario-internacional","status":"publish","type":"page","link":"https:\/\/shiatsupanama.com\/?page_id=117","title":{"rendered":"SEMINARIO INTERNACIONAL"},"content":{"rendered":"\n<figure class=\"wp-block-image aligncenter\"><a href=\"https:\/\/web.archive.org\/web\/20210509110054\/http:\/\/shiatsupanama.com\/es\/http:\/\/shiatsupanama.com\/es\/wp-content\/uploads\/2017\/07\/Seminar-PANAMA-14-nov-181.jpg\"><img decoding=\"async\" src=\"https:\/\/web.archive.org\/web\/20210509110054im_\/http:\/\/shiatsupanama.com\/es\/http:\/\/shiatsupanama.com\/es\/wp-content\/uploads\/2017\/07\/Seminar-PANAMA-14-nov-181.jpg\" alt=\"\" class=\"wp-image-3838\" title=\"Seminar PANAMA 14 nov 18\"\/><\/a><\/figure>\n\n\n\n<h2 class=\"wp-block-heading\"><em><strong>3er SEMINARIO INTERNACIONAL DE SHIATSU DE PANAM\u00c1 CON EL MAESTRO JAPON\u00c9S SHIGERU ONODA ES POSIBLE QUE REALICEMOS EN EN FINALES DE 2025, EN CIUDAD DE PANAM\u00c1.<\/strong><\/em><\/h2>\n\n\n\n<h2 class=\"wp-block-heading\"><em><strong>M\u00e1s informaci\u00f3n en los pr\u00f3ximos meses. La pre-venta de cupos promocionales se iniciar\u00eca dos meses antes.<\/strong><\/em><\/h2>\n\n\n\n<figure class=\"wp-block-image aligncenter\"><a href=\"https:\/\/web.archive.org\/web\/20210509110054\/http:\/\/shiatsupanama.com\/es\/http:\/\/shiatsupanama.com\/es\/wp-content\/uploads\/2017\/07\/para-publi-semin-pty.jpg\"><img decoding=\"async\" src=\"https:\/\/web.archive.org\/web\/20210509110054im_\/http:\/\/shiatsupanama.com\/es\/http:\/\/shiatsupanama.com\/es\/wp-content\/uploads\/2017\/07\/para-publi-semin-pty-300x200.jpg\" alt=\"\" class=\"wp-image-4062\" title=\"para publi semin pty\"\/><\/a><\/figure>\n\n\n\n<h1 class=\"wp-block-heading\"><strong><em>Anteriores Seminarios Internacionales realizados en Panam\u00e1:<\/em><\/strong><\/h1>\n\n\n\n<h2 class=\"wp-block-heading\"><em><strong><br><\/strong><\/em><strong><em>Impartido por el Maestro japon\u00e9s Shigeru Onoda<\/em><\/strong><strong><em>&nbsp;<\/em><\/strong><\/h2>\n\n\n\n<h3 class=\"wp-block-heading\"><strong><em>Ciudad de Panam\u00e1 \u2013&nbsp;<\/em><em>Mi\u00e9rcoles 14 de Noviembre de 2018&nbsp;<\/em><em>&nbsp; &nbsp; &nbsp; &nbsp; Horario:&nbsp;<\/em><em>de&nbsp; 9 am. a 1 pm. y 2,30 pm.a 6,30 pm.<\/em><em>&nbsp; &nbsp; &nbsp; &nbsp; &nbsp; &nbsp; &nbsp; &nbsp; &nbsp; &nbsp; &nbsp; &nbsp; &nbsp; &nbsp;&nbsp;<\/em><em>Hotel Tryp Panam\u00e1 Centro\/ Via Venetto\/ El Cangrejo \u2013 Panam\u00e1<\/em><\/strong><\/h3>\n\n\n\n<p><strong><em>Temario:&nbsp;<\/em><\/strong><strong><em>&nbsp;\u201cTRATAMIENTO DE LA&nbsp;<\/em><\/strong><strong><em>LUMBALGIA MEDIANTE SHIATSU\u201d&nbsp;<\/em><\/strong><strong><em>&nbsp; &nbsp; &nbsp; &nbsp; &nbsp; &nbsp; &nbsp; &nbsp;<\/em><\/strong><\/p>\n\n\n\n<h4 class=\"wp-block-heading\"><strong><em><\/em><\/strong><em>CURSO INTENSIVO, DE NIVEL INTERNACIONAL, IMPARTIDO EN SU TOTALIDAD POR EL MAESTRO JAPON\u00c9S SHIGERU ONODA, QUE VISITA POR SEGUNDA VEZ PANAM\u00c1 Y GRAN EXPERTO EN EL TRATAMIENTO DE LA LUMBALGIA HACE 35 A\u00d1OS.<\/em><strong><em><\/em><\/strong><\/h4>\n\n\n\n<h4 class=\"wp-block-heading\"><\/h4>\n\n\n\n<h4 class=\"wp-block-heading\"><em>LA COLUMNA Y ESPECIALMENTE SU PARTE LUMBAR ES FUNDAMENTAL EN NUESTRO CUERPO, POR ELLO, SU DETERIORO, LESI\u00d3N O DESEQUILIBRIO AFECTAR\u00c1 NEGATIVAMENTE A LA ESTRUCTURA CORPORAL. Y ADEM\u00c1S SU DOLOR HAR\u00c1 DIF\u00cdCIL UNA NORMAL VIDA PERSONAL O LABORAL. DADA A LA IMPORTANCIA DE ESTA PARTE DE NUESTRO F\u00cdSICO, EL MEJORARLA, ALIVIAR EL DOLOR Y CORREGIR SU DESEQUILIBRIO, ES FUNDAMENTAL PARA LLEVAR UNA VIDA NORMALIZADA, Y TENER UNA MEJOR SALUD GENERAL Y ENERG\u00cdA EN NUESTRO CUERPO.<br><\/em><em><br><strong>DIRIGIDO A:<\/strong><br><\/em><em>TODA PERSONA INTERESADA, Y TAMBI\u00c9N A TERAPEUTAS O PROFESIONALES DE LA SALUD CORPORAL. NO ES NECESARIO DISPONER DE CONOCIMIENTOS PREVIOS. SE TRATA DE UN SEMINARIO MAYORITARIAMENTE PR\u00c1CTICO, DONDE SE APRENDER\u00c1N VARIAS OPCIONES DE TRATAMIENTO ESPEC\u00cdFICO PARA LA LUMBALGIA, Y TAMBI\u00c9N COMO PREVENIR O ALIVIAR DOLORES LUMBARES CON DIVERSOS EJERCICIOS Y EDUCACI\u00d3N POSTURAL.<br>SI TAMBI\u00c9N ERES TERAPEUTA, MASAJISTA, PROFESOR DE YOGA, EDUCADOR F\u00cdSICO, M\u00c9DICO, DEPORTISTA, ENTRENADOR F\u00cdSICO, ARTISTA MARCIAL O DE CUALQUIER PROFESI\u00d3N DEDICADA A LA SALUD, PODR\u00c1S&nbsp; APRENDER ALGUNAS T\u00c9CNICAS APLICABLES A TU TRABAJO DIARIO O PROFESIONAL.<br>ESTE TALLER TRATAR\u00c1 DE UN PRIMER APRENDIZAJE O MEJORAMIENTO DEL USO ESTA TERAPIA MANUAL JAPONESA, \u00daTIL PARA NUESTRO CUERPO Y EL DE OTRAS PERSONAS, AMIGOS O FAMILIA.<\/em><\/h4>\n\n\n\n<h4 class=\"wp-block-heading\"><strong><em>PROGRAMA:<\/em><\/strong><strong><em>&nbsp;\u201cTRATAMIENTO DE LA&nbsp;<\/em><\/strong><strong><em>LUMBALGIA MEDIANTE SHIATSU\u201d<\/em><\/strong><\/h4>\n\n\n\n<h3 class=\"wp-block-heading\"><strong><em>&nbsp; 1.&nbsp;&nbsp;&nbsp;<\/em><em>Breve Introducci\u00f3n al Shiatsu. Auto-estiramientos.&nbsp; &nbsp; &nbsp; &nbsp; &nbsp; &nbsp; &nbsp; &nbsp; &nbsp; &nbsp; &nbsp; &nbsp; &nbsp; &nbsp; &nbsp; &nbsp; &nbsp; &nbsp; &nbsp;<\/em><\/strong><strong><em>2.&nbsp;&nbsp;<\/em><em>Pr\u00e1ctica de Shiatsu y mejora de la Lumbalgia en dec\u00fabito prono.&nbsp; &nbsp; &nbsp; &nbsp; &nbsp;<\/em><\/strong><em>3. Pr\u00e1ctica de Shiatsu y mejora de la Lumbalgia en dec\u00fabito supino.&nbsp; &nbsp; &nbsp; &nbsp; &nbsp;<\/em><em>4. Pr\u00e1ctica de Shiatsu y mejora de la Lumbalgia en posici\u00f3n lateral.&nbsp; &nbsp; &nbsp; &nbsp; &nbsp; &nbsp; &nbsp;<\/em><em>5. Ejercicios para prevenci\u00f3n de la Lumbalgia y consejos de&nbsp; &nbsp; &nbsp;educaci\u00f3n&nbsp;<\/em><em>postural.&nbsp; &nbsp; &nbsp; &nbsp; &nbsp; &nbsp; &nbsp; &nbsp; &nbsp; &nbsp; &nbsp; &nbsp; &nbsp; &nbsp; &nbsp; &nbsp; &nbsp; &nbsp; &nbsp; &nbsp; &nbsp; &nbsp; &nbsp; &nbsp; &nbsp; &nbsp; &nbsp; &nbsp; &nbsp; &nbsp; &nbsp; &nbsp; &nbsp; &nbsp; &nbsp; &nbsp; &nbsp; &nbsp; &nbsp; &nbsp;<\/em><em>6. S\u00edntesis final y entrega de Certificados.<\/em><\/h3>\n\n\n\n<h4 class=\"wp-block-heading\"><\/h4>\n\n\n\n<h4 class=\"wp-block-heading\"><em>&nbsp;<\/em><\/h4>\n\n\n\n<h4 class=\"wp-block-heading\"><\/h4>\n\n\n\n<h4 class=\"wp-block-heading\"><strong><em>FECHA Y HORARIO:<br><\/em><\/strong><em>MI\u00c9RCOLES 14 DE NOVIEMBRE DE 2018<\/em><\/h4>\n\n\n\n<h4 class=\"wp-block-heading\"><\/h4>\n\n\n\n<h4 class=\"wp-block-heading\"><em>HORARIO: 9 AM. A 6.30 PM. CON DESCANSO PARA ALMUERZO DE 1 A 2.30 PM.<\/em><\/h4>\n\n\n\n<h4 class=\"wp-block-heading\"><\/h4>\n\n\n\n<h4 class=\"wp-block-heading\"><em>OPCIONAL: ALMUERZO CON EL MAESTRO ONODA Y ORGANIZADORES, DE 1 PM. A 2,30 PM. EN UN SAL\u00d3N PRIVADO DEL HOTEL.<\/em><\/h4>\n\n\n\n<h4 class=\"wp-block-heading\"><\/h4>\n\n\n\n<h4 class=\"wp-block-heading\"><strong><em>SOBRE EL MAESTRO ONODA:<\/em><\/strong><em><\/em><\/h4>\n\n\n\n<h4 class=\"wp-block-heading\"><\/h4>\n\n\n\n<h4 class=\"wp-block-heading\"><em>DIRECTOR DE LA ESCUELA JAPONESA DE SHIATSU DE MADRID.<\/em><\/h4>\n\n\n\n<h4 class=\"wp-block-heading\"><\/h4>\n\n\n\n<h4 class=\"wp-block-heading\"><em>PIONERO DEL SHIATSU NAMIKOSHI EN EUROPA.<\/em><\/h4>\n\n\n\n<h4 class=\"wp-block-heading\"><\/h4>\n\n\n\n<h4 class=\"wp-block-heading\"><em>DISC\u00cdPULO DIRECTO DEL CREADOR DEL SHIATSU, TOKUJIRO NAMIKOSHI (1905-2000).<\/em><\/h4>\n\n\n\n<h4 class=\"wp-block-heading\"><\/h4>\n\n\n\n<h4 class=\"wp-block-heading\"><em>35 A\u00d1OS DE EXPERIENCIA EN LA TERAPIA Y LA ENSE\u00d1ANZA DEL SHIATSU EN EUROPA.<\/em><\/h4>\n\n\n\n<h3 class=\"wp-block-heading\"><strong>Material Incluido en el Seminario:<br><\/strong>&#8211; 5 L\u00e1minas explicativas en color.<br>&#8211; Certificado de la Escuela Japonesa de Shiatsu firmado por el Maestro Onoda.<\/h3>\n\n\n\n<h3 class=\"wp-block-heading\"><strong><em>Material optativo aconsejable que se puede adquirir:<\/em><\/strong><em><br>&#8211; Libro: Tratamiento de la Lumbalgia mediante Shiatsu. 160 p\u00e1ginas.&nbsp; &nbsp; &nbsp; &nbsp;<\/em><em>Autor: Shigeru Onoda. Editorial Gaia \u2013 Madrid. Coste: 18 $.<\/em><\/h3>\n\n\n\n<h4 class=\"wp-block-heading\"><\/h4>\n\n\n\n<h3 class=\"wp-block-heading\"><strong><em>&nbsp;<\/em><\/strong><strong><em>Reservas de cupo:<\/em><\/strong><\/h3>\n\n\n\n<h3 class=\"wp-block-heading\"><em>Plazas limitadas a 85 personas por orden de reserva de cupo.<\/em><\/h3>\n\n\n\n<h3 class=\"wp-block-heading\"><em>Las reservas de cupo se realizan adelantando el 45 $ del coste total.<strong>&nbsp;S<\/strong>e hacen por ingreso en cuenta bancaria o tambi\u00e9n con pago en efectivo&nbsp; en el Centro de Terapias Orientales de Via Sta. Elena o Ciudad del Saber o Paitilla.<\/em><\/h3>\n\n\n\n<h3 class=\"wp-block-heading\"><em>Inversi\u00f3n en inscripciones hechas antes del 1 de de Noviembre:<\/em><\/h3>\n\n\n\n<ul>\n<li><em>&nbsp;Taller y materiales: 95 $<\/em><\/li>\n\n\n\n<li><em>Almuerzo con el Maestro Onoda y organizadores en sal\u00f3n privado del hotel: 15 $<\/em><\/li>\n<\/ul>\n\n\n\n<h3 class=\"wp-block-heading\"><em>Inversi\u00f3n en inscripciones despues del 31 de Octubre:<\/em><\/h3>\n\n\n\n<ul>\n<li><em>Taller y materiales: 125 $.<\/em><\/li>\n\n\n\n<li><em>Almuerzo con el Maestro Onoda y organizadores en un sal\u00f3n privado del hotel: 15 $<\/em><\/li>\n<\/ul>\n\n\n\n<h4 class=\"wp-block-heading\"><em>RESERVAS DE CUPO CON ADELANTO DE 45 $ POR BANCO O EN NUESTROS CENTROS.<\/em><\/h4>\n\n\n\n<h4 class=\"wp-block-heading\"><em>REQUISITOS PARA LOS PARTICIPANTES: TRAER ROPA C\u00d3MODA Y SUAVE, CALCETINES BLANCOS, L\u00c1PIZ Y CUADERNO, MATT O ESTERILLA DE YOGA Y UNA TOALLA.<\/em><\/h4>\n\n\n\n<h3 class=\"wp-block-heading\"><em>Para m\u00e1s informaci\u00f3n puede ver la web:<\/em><em>&nbsp;<\/em><a href=\"https:\/\/web.archive.org\/web\/20210509110054\/http:\/\/shiatsupanama.com\/es\/?page_id=3490\"><em>http:\/\/shiatsupanama.com\/es\/?page_id=3490<\/em><\/a><em>&nbsp;<\/em><\/h3>\n\n\n\n<h3 class=\"wp-block-heading\"><em>Y tramitaci\u00f3n de cupo o m\u00e1s informaci\u00f3n cont\u00e1ctenos:<br>Pablo L\u00f3pez:<\/em><em>&nbsp;<\/em><a href=\"https:\/\/web.archive.org\/web\/20210509110054\/mailto:pabloshiatsu@hotmail.es\"><em>pabloshiatsu@hotmail.es<\/em><\/a><em>&nbsp;<\/em><em>\u2013 Watsapp: +507 6559 1479<\/em><\/h3>\n\n\n\n<h3 class=\"wp-block-heading\"><em>Escuela Japonesa de Shiatsu \u2013 Panam\u00e1 \/<\/em><em>&nbsp;<\/em><a href=\"https:\/\/web.archive.org\/web\/20210509110054\/http:\/\/www.shiatsupanama.com\/\"><em>www.shiatsupanama.com<\/em><\/a><em><\/em><\/h3>\n\n\n\n<h4 class=\"wp-block-heading\"><\/h4>\n\n\n\n<h4 class=\"wp-block-heading\"><em>&nbsp;<\/em><\/h4>\n\n\n\n<h4 class=\"wp-block-heading\"><\/h4>\n\n\n\n<h4 class=\"wp-block-heading\"><em>COLABORADORES Y PARTICIPANTES EN EL SEMINARIO:<\/em><\/h4>\n\n\n\n<h4 class=\"wp-block-heading\"><\/h4>\n\n\n\n<ul>\n<li><em>ESCUELA JAPONESA DE SHIATSU DE MADRID Y DE PANAM\u00c1<\/em><\/li>\n\n\n\n<li><em>CENTRO DE TERAPIAS ORIENTALES<\/em><\/li>\n\n\n\n<li><em>FEELIN\u00b4GOOD \u2013 SHIATSU EN SILLA<\/em><\/li>\n\n\n\n<li><em>CORPAS MEDICINA TRADICIONAL CHINA<\/em><\/li>\n\n\n\n<li><em>VILLA TAVID\u00c1 LODGE &amp; SPA<\/em><\/li>\n<\/ul>\n\n\n\n<p>****************************************************************************<\/p>\n\n\n\n<p>Tambi\u00e8n el pasado a\u00f1o 2017, el 15 de noviembre, celebramos exitosamente el 1er Seminario Internacional de Shiatsu de Panam\u00e1.<\/p>\n\n\n\n<figure class=\"wp-block-image aligncenter\"><a href=\"https:\/\/web.archive.org\/web\/20210509110054\/http:\/\/shiatsupanama.com\/es\/http:\/\/shiatsupanama.com\/es\/wp-content\/uploads\/2017\/07\/grupo-ma%C3%B1ana.jpg\"><img decoding=\"async\" src=\"https:\/\/web.archive.org\/web\/20210509110054im_\/http:\/\/shiatsupanama.com\/es\/http:\/\/shiatsupanama.com\/es\/wp-content\/uploads\/2017\/07\/grupo-ma%C3%B1ana.jpg\" alt=\"\" class=\"wp-image-3789\" title=\"grupo-ma\u00f1ana\"\/><\/a><\/figure>\n\n\n\n<figure class=\"wp-block-image aligncenter\"><a href=\"https:\/\/web.archive.org\/web\/20210509110054\/http:\/\/shiatsupanama.com\/es\/http:\/\/shiatsupanama.com\/es\/wp-content\/uploads\/2017\/07\/grupo-tarde-15-n.jpg\"><img decoding=\"async\" src=\"https:\/\/web.archive.org\/web\/20210509110054im_\/http:\/\/shiatsupanama.com\/es\/http:\/\/shiatsupanama.com\/es\/wp-content\/uploads\/2017\/07\/grupo-tarde-15-n.jpg\" alt=\"\" class=\"wp-image-3790\" title=\"grupo-tarde-15-n\"\/><\/a><\/figure>\n\n\n\n<figure class=\"wp-block-image aligncenter\"><a href=\"https:\/\/web.archive.org\/web\/20210509110054\/http:\/\/shiatsupanama.com\/es\/http:\/\/shiatsupanama.com\/es\/wp-content\/uploads\/2017\/07\/Seminario-PANAMA-15-nov-2017-ULTIMA.jpg\"><img decoding=\"async\" src=\"https:\/\/web.archive.org\/web\/20210509110054im_\/http:\/\/shiatsupanama.com\/es\/http:\/\/shiatsupanama.com\/es\/wp-content\/uploads\/2017\/07\/Seminario-PANAMA-15-nov-2017-ULTIMA.jpg\" alt=\"\" class=\"wp-image-3491\" title=\"Seminario PANAMA 15 nov 2017 ULTIMA\"\/><\/a><\/figure>\n\n\n\n<h1 class=\"wp-block-heading\"><strong><em>Seminario Internacional de Shiatsu&nbsp;<\/em><\/strong><\/h1>\n","protected":false},"excerpt":{"rendered":"<p>3er SEMINARIO INTERNACIONAL DE SHIATSU DE PANAM\u00c1 CON EL MAESTRO JAPON\u00c9S SHIGERU ONODA ES POSIBLE QUE REALICEMOS EN EN FINALES DE 2025, EN CIUDAD DE PANAM\u00c1. M\u00e1s informaci\u00f3n en los pr\u00f3ximos meses. La pre-venta de cupos promocionales se iniciar\u00eca dos meses antes. Anteriores Seminarios Internacionales realizados en Panam\u00e1: Impartido por el Maestro japon\u00e9s Shigeru Onoda&nbsp; [&hellip;]<\/p>\n","protected":false},"author":1,"featured_media":0,"parent":0,"menu_order":0,"comment_status":"closed","ping_status":"closed","template":"","meta":{"_et_pb_use_builder":"off","_et_pb_old_content":"","_et_gb_content_width":"1080","footnotes":""},"_links":{"self":[{"href":"https:\/\/shiatsupanama.com\/index.php?rest_route=\/wp\/v2\/pages\/117"}],"collection":[{"href":"https:\/\/shiatsupanama.com\/index.php?rest_route=\/wp\/v2\/pages"}],"about":[{"href":"https:\/\/shiatsupanama.com\/index.php?rest_route=\/wp\/v2\/types\/page"}],"author":[{"embeddable":true,"href":"https:\/\/shiatsupanama.com\/index.php?rest_route=\/wp\/v2\/users\/1"}],"replies":[{"embeddable":true,"href":"https:\/\/shiatsupanama.com\/index.php?rest_route=%2Fwp%2Fv2%2Fcomments&post=117"}],"version-history":[{"count":2,"href":"https:\/\/shiatsupanama.com\/index.php?rest_route=\/wp\/v2\/pages\/117\/revisions"}],"predecessor-version":[{"id":408,"href":"https:\/\/shiatsupanama.com\/index.php?rest_route=\/wp\/v2\/pages\/117\/revisions\/408"}],"wp:attachment":[{"href":"https:\/\/shiatsupanama.com\/index.php?rest_route=%2Fwp%2Fv2%2Fmedia&parent=117"}],"curies":[{"name":"wp","href":"https:\/\/api.w.org\/{rel}","templated":true}]}}