{"id":113,"date":"2023-10-25T20:23:11","date_gmt":"2023-10-25T18:23:11","guid":{"rendered":"https:\/\/shiatsupanama.com\/?page_id=113"},"modified":"2023-11-27T16:39:07","modified_gmt":"2023-11-27T15:39:07","slug":"reflexiones","status":"publish","type":"page","link":"https:\/\/shiatsupanama.com\/?page_id=113","title":{"rendered":"Reflexiones"},"content":{"rendered":"\n<h3 class=\"wp-block-heading\"><\/h3>\n\n\n\n<h3 class=\"wp-block-heading\"><strong><em>\u00a0\u00a0\u00a0\u00a0\u00a0\u00a0\u00a0\u00a0\u00a0\u00a0\u00a0\u00a0\u00a0\u00a0\u00a0\u00a0\u00a0\u00a0\u00a0\u00a0\u00a0\u00a0\u00a0\u00a0\u00a0\u00a0\u00a0\u00a0\u00a0\u00a0\u00a0\u00a0\u00a0\u00a0\u00a0\u00a0\u00a0\u00a0\u00a0\u00a0\u00a0\u00a0\u00a0\u00a0\u00a0\u00a0\u00a0\u00a0\u00a0\u00a0\u00a0\u00a0\u00a0\u00a0\u00a0\u00a0\u00a0\u00a0\u00a0\u00a0\u00a0\u00a0\u00a0\u00a0\u00a0\u00a0\u00a0\u00a0\u00a0\u00a0\u00a0\u00a0\u00a0\u00a0\u00a0\u00a0\u00a0\u00a0\u00a0\u00a0\u00a0\u00a0\u00a0\u00a0\u00a0\u00a0\u00a0\u00a0\u00a0\u00a0\u00a0\u00a0\u00a0\u00a0\u00a0\u00a0\u00a0\u00a0\u00a0\u00a0\u00a0\u00a0\u00a0\u00a0\u00a0\u00a0\u00a0\u00a0\u00a0\u00a0\u00a0\u00a0\u00a0\u00a0\u00a0\u00a0\u00a0\u00a0\u00a0\u00a0\u00a0\u00a0\u00a0\u00a0\u00a0\u00a0\u00a0\u00a0\u00a0\u00a0\u00a0\u00a0\u00a0\u00a0\u00a0\u00a0\u00a0\u00a0\u00a0\u00a0\u00a0\u00a0\u00a0\u00a0\u00a0\u00a0\u00a0\u00a0\u00a0\u00a0\u00a0\u00a0\u00a0\u00a0\u00a0\u00a0\u00a0\u00a0\u00a0\u00a0\u00a0\u00a0\u00a0\u00a0\u00a0<\/em><\/strong><\/h3>\n\n\n\n<h2 class=\"wp-block-heading\"><em>*Yo soy un r\u00edo.*&nbsp;&nbsp;<\/em><\/h2>\n\n\n\n<h2 class=\"wp-block-heading\"><em>Yo soy el r\u00edo eterno de la dicha.<\/em><\/h2>\n\n\n\n<h2 class=\"wp-block-heading\"><em>Ya siento las brisas cercanas,&nbsp;&nbsp;<\/em><\/h2>\n\n\n\n<h2 class=\"wp-block-heading\"><em>ya siento el viento en mis mejillas,&nbsp;&nbsp;<\/em><\/h2>\n\n\n\n<h2 class=\"wp-block-heading\"><em>y mi viaje a trav\u00e9s de montes, r\u00edos,&nbsp;&nbsp;<\/em><\/h2>\n\n\n\n<h2 class=\"wp-block-heading\"><em>lagos y praderas se torna inacabable.&nbsp;&nbsp;<\/em><\/h2>\n\n\n\n<h2 class=\"wp-block-heading\"><em>&nbsp;&nbsp;&nbsp;&nbsp;&nbsp;&nbsp;&nbsp;&nbsp;&nbsp;&nbsp;&nbsp;&nbsp;&nbsp;&nbsp;&nbsp;&nbsp;&nbsp;&nbsp;&nbsp;&nbsp;&nbsp;&nbsp;&nbsp;&nbsp;&nbsp;&nbsp;&nbsp;&nbsp;&nbsp;&nbsp;&nbsp;&nbsp;&nbsp;&nbsp;&nbsp;&nbsp;&nbsp;&nbsp;&nbsp;&nbsp;&nbsp;&nbsp;&nbsp;&nbsp;&nbsp;&nbsp;&nbsp;&nbsp;&nbsp;&nbsp;&nbsp;&nbsp;&nbsp;&nbsp;&nbsp;&nbsp;&nbsp;&nbsp;&nbsp;&nbsp;&nbsp;&nbsp;&nbsp;&nbsp;&nbsp;&nbsp;&nbsp;&nbsp;&nbsp;&nbsp;&nbsp;&nbsp;&nbsp;&nbsp;&nbsp;&nbsp;&nbsp;&nbsp;&nbsp;&nbsp;&nbsp;&nbsp;&nbsp;&nbsp;&nbsp;&nbsp;&nbsp;&nbsp;&nbsp;&nbsp; A. Machado<\/em><\/h2>\n\n\n\n<h2 class=\"wp-block-heading\"><em>\u2014\u2014\u2014\u2014\u2014\u2014\u2014\u2014\u2014\u2014\u2014\u2014\u2014\u2014\u2014\u2014\u2014\u2014\u2014\u2014\u2014\u2014\u2014\u2014\u2014\u2014\u2014\u2014\u2014\u2014\u2014\u2014\u2014\u2014\u2014\u2013<\/em><\/h2>\n\n\n\n<h2 class=\"wp-block-heading\"><em>Somos todos visitantes<\/em><\/h2>\n\n\n\n<h2 class=\"wp-block-heading\"><em>de este tiempo, de este lugar.<\/em><\/h2>\n\n\n\n<h2 class=\"wp-block-heading\"><em>Estamos solamente de paso.<\/em><\/h2>\n\n\n\n<h2 class=\"wp-block-heading\"><em>Nuestro objetivo es<\/em><\/h2>\n\n\n\n<h2 class=\"wp-block-heading\"><em>Observar, Crecer, Amar\u2026<\/em><\/h2>\n\n\n\n<h2 class=\"wp-block-heading\"><em>Y despu\u00e9s vamos para casa.<\/em><\/h2>\n\n\n\n<h2 class=\"wp-block-heading\"><em>&nbsp;&nbsp;&nbsp;&nbsp;&nbsp;&nbsp;&nbsp;&nbsp;&nbsp;&nbsp;&nbsp;&nbsp;&nbsp;&nbsp;&nbsp;&nbsp;&nbsp;&nbsp;&nbsp;&nbsp;&nbsp;&nbsp;&nbsp;&nbsp;&nbsp;&nbsp;&nbsp;&nbsp;&nbsp;&nbsp;&nbsp;&nbsp;&nbsp;&nbsp;&nbsp;&nbsp;&nbsp;&nbsp;&nbsp;&nbsp;&nbsp;&nbsp;&nbsp;&nbsp;&nbsp;&nbsp;&nbsp;&nbsp;&nbsp;&nbsp;&nbsp;&nbsp;&nbsp;&nbsp;&nbsp;&nbsp;&nbsp;&nbsp;&nbsp;&nbsp;&nbsp; (Proverbio aborigen australiano)<\/em><\/h2>\n\n\n\n<h2 class=\"wp-block-heading\"><em>*+*+*+*+*+*+*+*+*+*+*+*+*+*+*+*+*+*+*+*+*+*+*+*+*+*+*+*+*+*+*+*+*+*+*+*+*+*+*+*+*+*+*+*+*+*+*+*+*+*+*+*+*<\/em><\/h2>\n\n\n\n<h2 class=\"wp-block-heading\"><em>\u201cAquello que para la oruga es el fin del mundo, para el resto del mundo se llama mariposa.\u201d&nbsp;&nbsp;&nbsp;&nbsp;&nbsp;&nbsp;&nbsp;&nbsp;&nbsp;&nbsp;&nbsp;&nbsp;&nbsp;&nbsp;&nbsp;&nbsp;&nbsp;&nbsp;&nbsp;&nbsp;&nbsp;&nbsp;&nbsp;&nbsp;&nbsp;&nbsp;&nbsp;&nbsp;&nbsp;&nbsp;&nbsp;&nbsp;&nbsp;&nbsp;&nbsp;&nbsp;&nbsp;&nbsp;&nbsp;&nbsp;&nbsp;&nbsp;&nbsp;&nbsp;&nbsp;&nbsp;&nbsp;&nbsp;&nbsp;&nbsp;&nbsp;&nbsp;&nbsp;&nbsp;&nbsp;&nbsp;&nbsp;&nbsp;&nbsp;&nbsp;&nbsp;&nbsp;&nbsp;&nbsp;&nbsp;&nbsp;&nbsp;&nbsp;&nbsp;&nbsp;&nbsp;&nbsp;&nbsp;&nbsp;&nbsp;&nbsp;&nbsp;&nbsp;&nbsp;&nbsp;&nbsp;&nbsp;&nbsp;&nbsp;&nbsp;&nbsp;&nbsp;&nbsp;&nbsp;&nbsp;&nbsp;&nbsp;&nbsp;&nbsp;&nbsp;&nbsp;&nbsp;&nbsp;&nbsp;&nbsp;&nbsp;&nbsp;&nbsp;&nbsp;&nbsp;&nbsp;&nbsp;&nbsp;&nbsp;&nbsp;&nbsp;&nbsp; &nbsp;&nbsp;&nbsp;&nbsp;&nbsp;&nbsp;&nbsp;&nbsp;&nbsp;&nbsp;&nbsp;&nbsp;&nbsp;&nbsp;&nbsp;&nbsp;&nbsp;&nbsp;&nbsp;&nbsp; &nbsp;Lao-Ts\u00e9.<\/em><\/h2>\n\n\n\n<h2 class=\"wp-block-heading\"><em>++++++++++++++++++++++++++++++++++++++++++++++++++++++++++++++++++++++++++++++++++++++++++++++++<\/em><\/h2>\n\n\n\n<h2 class=\"wp-block-heading\"><em>Que los c\u00e1lidos vientos del cielo soplen suavemente sobre tu hogar\u2026<\/em><\/h2>\n\n\n\n<h2 class=\"wp-block-heading\"><em>Que el Gran Esp\u00edritu bendiga a todos los que entren en \u00e9l\u2026<\/em><\/h2>\n\n\n\n<h2 class=\"wp-block-heading\"><em>Que tus mocasines tracen un rastro feliz por muchas nieves\u2026<\/em><\/h2>\n\n\n\n<h2 class=\"wp-block-heading\"><em>Y que el arco iris siempre acaricie tu hombro.<\/em><\/h2>\n\n\n\n<h4 class=\"wp-block-heading\"><em>BENDICI\u00d3N CHEROKI<\/em><\/h4>\n\n\n\n<h2 class=\"wp-block-heading\"><em>-+-+-+-+-+-+-+-+-+-+-+-+-+-+-+-+-+-+-+-+-+-+-+-+-+-+-+-+-+-+-+-+-+-+-+-+<\/em><\/h2>\n\n\n\n<p>La muerte es algo que no debemos temer porque, mientras somos, la muerte no es y cuando la muerte es, nosotros no somos.<\/p>\n\n\n\n<p>Antonio Machado<br>Agosto-2011<\/p>\n\n\n\n<p>****************************************************************************************************************************************************<\/p>\n\n\n\n<h2 class=\"wp-block-heading\">DAILY SUTRA<\/h2>\n\n\n\n<h2 class=\"wp-block-heading\">&nbsp;<\/h2>\n\n\n\n<h2 class=\"wp-block-heading\">\u201cTu primer y m\u00e1s importante compromiso en la vida es estar con la verdad, evolucionar en la verdad\u201d<\/h2>\n\n\n\n<h2 class=\"wp-block-heading\">&nbsp;Sri Sri Ravi Shankar<\/h2>\n\n\n\n<h2 class=\"wp-block-heading\">&nbsp;&nbsp;&nbsp;&nbsp;&nbsp; 05.08.2011<\/h2>\n\n\n\n<h2 class=\"wp-block-heading\">***************************************************************************************************************************************************<\/h2>\n\n\n\n<h2 class=\"wp-block-heading\"><em>Comienza una nueva etapa, nace una nueva oportunidad. Gracias al inter\u00e9s en Shiatsu de todos los que habeis recibido, y gracias a las proposiciones de nuestros buenos amigos en Panam\u00e1, se est\u00e1 gestando la segunda etapa de difusi\u00f3n del Shiatsu en Panam\u00e1. Gracias a todos. Gracias Shiatsu.<\/em><\/h2>\n\n\n\n<h3 class=\"wp-block-heading\">Julio de 2011<\/h3>\n\n\n\n<h2 class=\"wp-block-heading\">*******************************************************************************************************<\/h2>\n\n\n\n<h2 class=\"wp-block-heading\">Shiatsu es tambi\u00e9n como el \u201camor de padre\u201d.<\/h2>\n\n\n\n<h2 class=\"wp-block-heading\">Compaginar Shiatsu y familia es agrandar el alma del Shiatsu.<\/h2>\n\n\n\n<h2 class=\"wp-block-heading\">El Shiatsu \u201ccon coraz\u00f3n\u201d ampl\u00eda el alma, de la \u201cpeque\u00f1a familia\u201d, a la \u201cGran Familia Universal\u201d.<\/h2>\n\n\n\n<h3 class=\"wp-block-heading\">Junio-2011<\/h3>\n\n\n\n<h3 class=\"wp-block-heading\"><em>&nbsp;<\/em>++++++++++++++++++++++++++++++++++++++++++++++++++++++++++++++++++++++++++++++++++++++++++++++++++++++++++++++<\/h3>\n\n\n\n<h1 class=\"wp-block-heading\">Shiatsu es un arte terapeutico basado en los conocimientos cient\u00edficos y la experiencia de un siglo de trabajo. Pero Shiatsu es Shiatsu. Aseg\u00farate siempre de la formaci\u00f3n y diplomas de tu terapeuta.<\/h1>\n\n\n\n<h3 class=\"wp-block-heading\">Mayo \u2013 2011<\/h3>\n\n\n\n<h3 class=\"wp-block-heading\">=============================================================================================<\/h3>\n\n\n\n<h3 class=\"wp-block-heading\">Shiatsu es Shiatsu.<\/h3>\n\n\n\n<h3 class=\"wp-block-heading\">\u201cShi \u2013 atsu\u201d es \u201cdedo \u2013 presi\u00f3n\u201d.<\/h3>\n\n\n\n<h3 class=\"wp-block-heading\">Su nombre no puede realmente expresar la grandeza de su arte terap\u00e9utico.<\/h3>\n\n\n\n<h3 class=\"wp-block-heading\"><em>&nbsp;Abril de 2011<\/em><\/h3>\n\n\n\n<h3 class=\"wp-block-heading\"><em>***********************************************************************************************************<\/em><\/h3>\n\n\n\n<h2 class=\"wp-block-heading\">Nuestro agradecimiento a todos los que habeis recibido Shiatsu, durante estos d\u00edas de carnaval, en la Posada del Cerro La Vieja. Ha sido un placer ver el notable aumento del inter\u00e9s en el Shiatsu. Gracias tambi\u00e9n a la Posada y su equipo completo por ayudarnos en la difusi\u00f3n del Shiatsu en un lugar tan bello y bien cuidado.<\/h2>\n\n\n\n<h3 class=\"wp-block-heading\">Antonia y Pablo-Marzo 2011<\/h3>\n\n\n\n<h2 class=\"wp-block-heading\">\u2026\u2026\u2026\u2026\u2026\u2026\u2026\u2026\u2026\u2026\u2026\u2026\u2026\u2026\u2026\u2026\u2026\u2026\u2026\u2026\u2026\u2026\u2026\u2026\u2026\u2026\u2026\u2026\u2026\u2026\u2026\u2026\u2026\u2026\u2026\u2026\u2026\u2026..<\/h2>\n\n\n\n<h2 class=\"wp-block-heading\"><em>Enhorabuena a Grevin, nuevo hijo de Yari, en El Valle, nacido felizmente de parto natural. Ha sido un honor, para m\u00ed, poder tratarla con t\u00e9cnicas de Shiatsu y Medicina Oriental y conseguir que se recolocase el beb\u00e9 en posici\u00f3n correcta para nacer evitando la ces\u00e1rea que los m\u00e9dicos planificaban.&nbsp;<\/em><em><\/em><em>\u00a1Felicidades Yari y Grevin!<\/em><\/h2>\n\n\n\n<h5 class=\"wp-block-heading\"><em>Pablo-28 de Febrero 2011<\/em><\/h5>\n\n\n\n<p><\/p>\n\n\n\n<figure class=\"wp-block-image alignleft is-style-default\"><a href=\"https:\/\/web.archive.org\/web\/20210509100312\/http:\/\/shiatsupanama.com\/es\/http:\/\/shiatsupanama.com\/es\/wp-content\/uploads\/2010\/11\/IMG_5174.jpg\"><img decoding=\"async\" src=\"https:\/\/web.archive.org\/web\/20210509100312im_\/http:\/\/shiatsupanama.com\/es\/http:\/\/shiatsupanama.com\/es\/wp-content\/uploads\/2010\/11\/IMG_5174-150x150.jpg\" alt=\"\" class=\"wp-image-629\"\/><\/a><\/figure>\n\n\n\n<h2 class=\"wp-block-heading\">\u2014\u2014\u2014\u2014\u2014\u2014-<\/h2>\n\n\n\n<h2 class=\"wp-block-heading\">Cada cliente y receptor de Shiatsu que llega a nuestras manos confiando en el Shiatsu es un regalo de la vida. Es un precioso presente para seguir aprendiendo, intercambiando y ayudando-nos mutuamente. Es un privilegio poder trabajar con mis manos, y facilitar la autocuraci\u00f3n y la mejora del cuerpo humano. Cumpliendo, casi ya, las 10.000 sesiones de Shiatsu, quiero darles nuevamente las gracias a todos, y a Panam\u00e1 por su acogida al Shiatsu. Ahora puedo empezar a profundizar realmente en Shiatsu.<\/h2>\n\n\n\n<h3 class=\"wp-block-heading\">Pablo L\u00f3pez \u2013 Enero 2011<\/h3>\n\n\n\n<h2 class=\"wp-block-heading\">\u2026\u2026\u2026\u2026\u2026\u2026\u2026\u2026\u2026\u2026\u2026\u2026\u2026\u2026\u2026\u2026\u2026\u2026\u2026\u2026\u2026\u2026\u2026\u2026\u2026\u2026\u2026\u2026\u2026\u2026\u2026\u2026\u2026\u2026\u2026<\/h2>\n\n\n\n<h2 class=\"wp-block-heading\">&nbsp;<em>Nuestra felicitaci\u00f3n a Horacio, Georgia y Cristina, los tres primeros diplomados en Shiatsu B\u00e1sico, en Panam\u00e1. Su inter\u00e9s y aprovechamiento del curso los convierten en las primeras semillas que van a hacer fructificar la ense\u00f1anza y difusi\u00f3n del Shiatsu en Centroam\u00e9rica. Ha sido un privilegio compartir con ustedes este curso. Enhorabuena. 28 de noviembre de 2010.<\/em><\/h2>\n\n\n\n<h2 class=\"wp-block-heading\"><em>Pablo L\u00f3pez y Antonia Le\u00f3n<\/em><\/h2>\n\n\n\n<p><strong>\u2026\u2026\u2026\u2026\u2026\u2026\u2026\u2026\u2026\u2026\u2026\u2026\u2026\u2026\u2026\u2026\u2026\u2026\u2026\u2026\u2026\u2026\u2026\u2026\u2026\u2026\u2026\u2026\u2026\u2026\u2026\u2026\u2026\u2026\u2026\u2026\u2026\u2026\u2026\u2026\u2026\u2026\u2026\u2026\u2026\u2026\u2026\u2026\u2026\u2026\u2026\u2026\u2026\u2026\u2026\u2026\u2026\u2026\u2026\u2026\u2026\u2026\u2026\u2026\u2026\u2026\u2026\u2026\u2026..<\/strong><strong>&nbsp;<\/strong><strong>&nbsp;<\/strong><strong>&nbsp;<\/strong><strong>Gracias por la ayuda y la acogida al Shiatsu en Panam\u00e1 que nos da la Posada Ecol\u00f3gica del Cerro de La Vieja. Para Don Alfonso Ja\u00e9n y familia mi agradecimiento. Es un privilegio poder realizar en ese bello y acogedor lugar el primer curso de Shiatsu en Panam\u00e1.<\/strong><strong>Que esta primera \u201csemilla\u201d fructifique\u201d prol\u00edficamente en esta f\u00e9rtil tierra y puente entre los dos oc\u00e9anos, para el bien y la salud de todos los que la habitamos.<\/strong><strong>Que as\u00ed sea.<\/strong><strong>&nbsp;<\/strong><strong>&nbsp;<\/strong><\/p>\n\n\n\n<h4 class=\"wp-block-heading\">PABLO 23-11-2010<\/h4>\n\n\n\n<p><strong>_______________________________________________________________________________<\/strong><strong>&nbsp;<\/strong><strong>&nbsp;<\/strong><strong>Si yo fuera profeta<\/strong><strong>y entendiese todos los misterios<\/strong><strong>y toda la ciencia<\/strong><strong>y si tuviese toda la fe<\/strong><strong>de tal manera que moviera los montes<\/strong><strong>y no tengo amor<\/strong><strong>\u00a1 Nada soy !<\/strong><strong>&nbsp;<\/strong><strong>&nbsp;<\/strong><strong>&nbsp;<\/strong><strong>&nbsp;<\/strong><strong>(San Pablo a los Corintios, Corintios, 13)<\/strong><strong>&nbsp;<\/strong><strong>&nbsp;<\/strong><strong>&nbsp;<\/strong><strong>***************************************************************************************************************<\/strong><\/p>\n\n\n\n<h2 class=\"wp-block-heading\"><em>El insensato que reconoce su insensatez es un sabio. Pero un insensato que se cree sabio es, en verdad, un insensato.<\/em><\/h2>\n\n\n\n<h2 class=\"wp-block-heading\"><em>Buda<\/em><\/h2>\n\n\n\n<h2 class=\"wp-block-heading\">___________________________________________________________<\/h2>\n\n\n\n<h2 class=\"wp-block-heading\">Nadie puede revelaros nada sino lo que yace medio dormido en el alba de vuestro conocimiento. El maestro que es en verdad sabio, no os invita a entrar a la casa de su sabidur\u00eda, sino que m\u00e1s bien os conduce al umbral de vuestro propio esp\u00edritu.<\/h2>\n\n\n\n<h2 class=\"wp-block-heading\">K.Gibran<\/h2>\n\n\n\n<h3 class=\"wp-block-heading\"><em>*******************************************************************************************<\/em><\/h3>\n\n\n\n<h3 class=\"wp-block-heading\"><em>En el azul profundo de los cielos<\/em><\/h3>\n\n\n\n<h3 class=\"wp-block-heading\"><em>que anuncia la grandeza soberana.<\/em><\/h3>\n\n\n\n<h3 class=\"wp-block-heading\"><em>&nbsp;<\/em><em>En el canto armonioso de las aves,<\/em><\/h3>\n\n\n\n<h3 class=\"wp-block-heading\"><em>que rompen el silencio en la alborada.<\/em><\/h3>\n\n\n\n<h3 class=\"wp-block-heading\"><em>&nbsp;<\/em><em>En el rumor del viento en la arboleda,<\/em><\/h3>\n\n\n\n<h3 class=\"wp-block-heading\"><em>acariciando el rostro en la ma\u00f1ana.<\/em><\/h3>\n\n\n\n<h3 class=\"wp-block-heading\"><em>&nbsp;<\/em><em>En el fluir de la fuente cantarina,<\/em><\/h3>\n\n\n\n<h3 class=\"wp-block-heading\"><em>que envuelta en su frescor infunde calma.<\/em><\/h3>\n\n\n\n<h3 class=\"wp-block-heading\"><em>&nbsp;<\/em><em>En la magia de color del arco iris,<\/em><\/h3>\n\n\n\n<h3 class=\"wp-block-heading\"><em>que augura tras la lluvia la bonanza.<\/em><\/h3>\n\n\n\n<h3 class=\"wp-block-heading\"><em>&nbsp;<\/em><em>En las olas del mar que placenteras,<\/em><\/h3>\n\n\n\n<h3 class=\"wp-block-heading\"><em>se funden con sus besos en la playa.<\/em><\/h3>\n\n\n\n<h3 class=\"wp-block-heading\"><em>&nbsp;<\/em><em>En el sereno ocaso de la tarde,<\/em><\/h3>\n\n\n\n<h3 class=\"wp-block-heading\"><em>que el \u00e1nimo nos llena de nostalgia.<\/em><\/h3>\n\n\n\n<h3 class=\"wp-block-heading\"><em>&nbsp;<\/em><em>En esas bellas cosas y en tantas m\u00e1s,<\/em><\/h3>\n\n\n\n<h3 class=\"wp-block-heading\"><em>os tengo bien presentes en mi a\u00f1oranza.<\/em><\/h3>\n\n\n\n<p>&nbsp;&nbsp;&nbsp;&nbsp;&nbsp;&nbsp;&nbsp;&nbsp;&nbsp;&nbsp;&nbsp;&nbsp;&nbsp;&nbsp;&nbsp;&nbsp;&nbsp;&nbsp;&nbsp;&nbsp;&nbsp;&nbsp;&nbsp;&nbsp;&nbsp;&nbsp;&nbsp;&nbsp;&nbsp;&nbsp;&nbsp;&nbsp;&nbsp;&nbsp;&nbsp;&nbsp;&nbsp;&nbsp;&nbsp;&nbsp;&nbsp;&nbsp;&nbsp;&nbsp;&nbsp;&nbsp;&nbsp;&nbsp;&nbsp;&nbsp;&nbsp;&nbsp;&nbsp;&nbsp;&nbsp;&nbsp;&nbsp;&nbsp;&nbsp;&nbsp;&nbsp;&nbsp;&nbsp;&nbsp;&nbsp;&nbsp;&nbsp;&nbsp;&nbsp;&nbsp;&nbsp;&nbsp;&nbsp;&nbsp;&nbsp;&nbsp;&nbsp;&nbsp;&nbsp;&nbsp;&nbsp;&nbsp;&nbsp;&nbsp;&nbsp;&nbsp;&nbsp;&nbsp;&nbsp;&nbsp;&nbsp;&nbsp;&nbsp;&nbsp;&nbsp;&nbsp;&nbsp;&nbsp;&nbsp;&nbsp;&nbsp;&nbsp;&nbsp;&nbsp;&nbsp;&nbsp;&nbsp;&nbsp;&nbsp;&nbsp;&nbsp;&nbsp;&nbsp;&nbsp;&nbsp;&nbsp;&nbsp;&nbsp;&nbsp;&nbsp;&nbsp;&nbsp;&nbsp;&nbsp;&nbsp;&nbsp;&nbsp;&nbsp;&nbsp;&nbsp;&nbsp;&nbsp;&nbsp;&nbsp;&nbsp;&nbsp;&nbsp;&nbsp;&nbsp;&nbsp;&nbsp;&nbsp;&nbsp;&nbsp;&nbsp;&nbsp;&nbsp;&nbsp;&nbsp;&nbsp;&nbsp;&nbsp;&nbsp;&nbsp;&nbsp;&nbsp;&nbsp;&nbsp;&nbsp;&nbsp;&nbsp;&nbsp;&nbsp;&nbsp;&nbsp;&nbsp;&nbsp;&nbsp;&nbsp;&nbsp;&nbsp;&nbsp;&nbsp;&nbsp;&nbsp;&nbsp;&nbsp;&nbsp;&nbsp;&nbsp;&nbsp;&nbsp;&nbsp;&nbsp;&nbsp;&nbsp;&nbsp;&nbsp;&nbsp;&nbsp;&nbsp;&nbsp;&nbsp;&nbsp;&nbsp;&nbsp;&nbsp;&nbsp;&nbsp;&nbsp;&nbsp;&nbsp;&nbsp;&nbsp;&nbsp;&nbsp;&nbsp;&nbsp;&nbsp;&nbsp;&nbsp;&nbsp;&nbsp;&nbsp;&nbsp;&nbsp;&nbsp;&nbsp;&nbsp;&nbsp;&nbsp;&nbsp;&nbsp;&nbsp; Jos\u00e9 L\u00f3pez Vivas&nbsp;&nbsp;* Gracias, padre, &nbsp;por&nbsp;el apoyo que me das desde tu nueva vida.&nbsp;&nbsp;&nbsp;&nbsp;&nbsp;&nbsp; Pablo L\u00f3pez<\/p>\n","protected":false},"excerpt":{"rendered":"<p>\u00a0\u00a0\u00a0\u00a0\u00a0\u00a0\u00a0\u00a0\u00a0\u00a0\u00a0\u00a0\u00a0\u00a0\u00a0\u00a0\u00a0\u00a0\u00a0\u00a0\u00a0\u00a0\u00a0\u00a0\u00a0\u00a0\u00a0\u00a0\u00a0\u00a0\u00a0\u00a0\u00a0\u00a0\u00a0\u00a0\u00a0\u00a0\u00a0\u00a0\u00a0\u00a0\u00a0\u00a0\u00a0\u00a0\u00a0\u00a0\u00a0\u00a0\u00a0\u00a0\u00a0\u00a0\u00a0\u00a0\u00a0\u00a0\u00a0\u00a0\u00a0\u00a0\u00a0\u00a0\u00a0\u00a0\u00a0\u00a0\u00a0\u00a0\u00a0\u00a0\u00a0\u00a0\u00a0\u00a0\u00a0\u00a0\u00a0\u00a0\u00a0\u00a0\u00a0\u00a0\u00a0\u00a0\u00a0\u00a0\u00a0\u00a0\u00a0\u00a0\u00a0\u00a0\u00a0\u00a0\u00a0\u00a0\u00a0\u00a0\u00a0\u00a0\u00a0\u00a0\u00a0\u00a0\u00a0\u00a0\u00a0\u00a0\u00a0\u00a0\u00a0\u00a0\u00a0\u00a0\u00a0\u00a0\u00a0\u00a0\u00a0\u00a0\u00a0\u00a0\u00a0\u00a0\u00a0\u00a0\u00a0\u00a0\u00a0\u00a0\u00a0\u00a0\u00a0\u00a0\u00a0\u00a0\u00a0\u00a0\u00a0\u00a0\u00a0\u00a0\u00a0\u00a0\u00a0\u00a0\u00a0\u00a0\u00a0\u00a0\u00a0\u00a0\u00a0\u00a0\u00a0\u00a0\u00a0\u00a0\u00a0\u00a0\u00a0\u00a0\u00a0 *Yo soy un r\u00edo.*&nbsp;&nbsp; Yo soy el r\u00edo eterno de la dicha. Ya siento las brisas cercanas,&nbsp;&nbsp; ya siento el viento en mis mejillas,&nbsp;&nbsp; y mi viaje a trav\u00e9s de montes, r\u00edos,&nbsp;&nbsp; lagos y praderas se torna inacabable.&nbsp;&nbsp; &nbsp;&nbsp;&nbsp;&nbsp;&nbsp;&nbsp;&nbsp;&nbsp;&nbsp;&nbsp;&nbsp;&nbsp;&nbsp;&nbsp;&nbsp;&nbsp;&nbsp;&nbsp;&nbsp;&nbsp;&nbsp;&nbsp;&nbsp;&nbsp;&nbsp;&nbsp;&nbsp;&nbsp;&nbsp;&nbsp;&nbsp;&nbsp;&nbsp;&nbsp;&nbsp;&nbsp;&nbsp;&nbsp;&nbsp;&nbsp;&nbsp;&nbsp;&nbsp;&nbsp;&nbsp;&nbsp;&nbsp;&nbsp;&nbsp;&nbsp;&nbsp;&nbsp;&nbsp;&nbsp;&nbsp;&nbsp;&nbsp;&nbsp;&nbsp;&nbsp;&nbsp;&nbsp;&nbsp;&nbsp;&nbsp;&nbsp;&nbsp;&nbsp;&nbsp;&nbsp;&nbsp;&nbsp;&nbsp;&nbsp;&nbsp;&nbsp;&nbsp;&nbsp;&nbsp;&nbsp;&nbsp;&nbsp;&nbsp;&nbsp;&nbsp;&nbsp;&nbsp;&nbsp;&nbsp;&nbsp; A. Machado \u2014\u2014\u2014\u2014\u2014\u2014\u2014\u2014\u2014\u2014\u2014\u2014\u2014\u2014\u2014\u2014\u2014\u2014\u2014\u2014\u2014\u2014\u2014\u2014\u2014\u2014\u2014\u2014\u2014\u2014\u2014\u2014\u2014\u2014\u2014\u2013 Somos todos visitantes de este tiempo, de este lugar. Estamos solamente de [&hellip;]<\/p>\n","protected":false},"author":1,"featured_media":0,"parent":0,"menu_order":0,"comment_status":"closed","ping_status":"closed","template":"","meta":{"_et_pb_use_builder":"off","_et_pb_old_content":"","_et_gb_content_width":"1080","footnotes":""},"_links":{"self":[{"href":"https:\/\/shiatsupanama.com\/index.php?rest_route=\/wp\/v2\/pages\/113"}],"collection":[{"href":"https:\/\/shiatsupanama.com\/index.php?rest_route=\/wp\/v2\/pages"}],"about":[{"href":"https:\/\/shiatsupanama.com\/index.php?rest_route=\/wp\/v2\/types\/page"}],"author":[{"embeddable":true,"href":"https:\/\/shiatsupanama.com\/index.php?rest_route=\/wp\/v2\/users\/1"}],"replies":[{"embeddable":true,"href":"https:\/\/shiatsupanama.com\/index.php?rest_route=%2Fwp%2Fv2%2Fcomments&post=113"}],"version-history":[{"count":2,"href":"https:\/\/shiatsupanama.com\/index.php?rest_route=\/wp\/v2\/pages\/113\/revisions"}],"predecessor-version":[{"id":164,"href":"https:\/\/shiatsupanama.com\/index.php?rest_route=\/wp\/v2\/pages\/113\/revisions\/164"}],"wp:attachment":[{"href":"https:\/\/shiatsupanama.com\/index.php?rest_route=%2Fwp%2Fv2%2Fmedia&parent=113"}],"curies":[{"name":"wp","href":"https:\/\/api.w.org\/{rel}","templated":true}]}}